{"id":1016,"date":"2013-01-04T21:37:52","date_gmt":"2013-01-04T20:37:52","guid":{"rendered":"http:\/\/dominique.sciamma.com\/?page_id=1016"},"modified":"2013-01-04T21:37:52","modified_gmt":"2013-01-04T20:37:52","slug":"chutes-libres-extraits-1","status":"publish","type":"page","link":"https:\/\/dominique.sciamma.com\/?page_id=1016","title":{"rendered":"Chutes Libres &#8211; Extraits 1"},"content":{"rendered":"<h1>La Chute<\/h1>\n<p>Il avait \u00e9t\u00e9 dit qu&rsquo;au jour du Jugement Dernier, les Elus se trouveraient assis \u00e0 la Droite du P\u00e8re.<br \/>\nIl en avait \u00e9t\u00e9 ainsi, et les Elus s&rsquo;accumulaient \u00e0 la Droite du P\u00e8re.<br \/>\nMais le banc \u00e9tait trop court et Dieu tomba sur\u00a0Terre.<\/p>\n<h1>Le Baiser<\/h1>\n<p>Dans ce monde pourri o\u00f9 nous vivions, les baisers que je lui envoyai se putr\u00e9fiaient quelques\u00a0instants apr\u00e8s leur envol.<\/p>\n<h1>Routine<\/h1>\n<p>Et Dieu dit : \u00ab\u00a0Que la Lumi\u00e8re Soit !\u00a0\u00bb.<br \/>\nEt la Lumi\u00e8re fut, comme d&rsquo;habitude.<\/p>\n<h1>Prise de Hauteur<\/h1>\n<p>Cet homme qui avait vol\u00e9 la troisi\u00e8me dimension, fut cependant acquitt\u00e9 lorsqu&rsquo;on s&rsquo;aper\u00e7ut\u00a0qu&rsquo;avant, d\u00e9j\u00e0, le monde avait peu d&rsquo;\u00e9paisseur.<\/p>\n<h2>Reproduction<\/h2>\n<p>On crut longtemps, l\u00e0-haut, que les hommes se reproduisaient par scissiparit\u00e9, \u00e0 force de les\u00a0voir se tailler en pi\u00e8ces.<\/p>\n","protected":false},"excerpt":{"rendered":"<p>La Chute Il avait \u00e9t\u00e9 dit qu&rsquo;au jour du Jugement Dernier, les Elus se trouveraient assis \u00e0 la Droite du P\u00e8re. Il en avait \u00e9t\u00e9 ainsi, et les Elus s&rsquo;accumulaient \u00e0 la Droite du P\u00e8re. Mais le banc \u00e9tait trop &hellip; <a href=\"https:\/\/dominique.sciamma.com\/?page_id=1016\">Lire la suite <span class=\"meta-nav\">&rarr;<\/span><\/a><\/p>\n","protected":false},"author":1,"featured_media":0,"parent":998,"menu_order":1,"comment_status":"closed","ping_status":"open","template":"","meta":{"footnotes":""},"_links":{"self":[{"href":"https:\/\/dominique.sciamma.com\/index.php?rest_route=\/wp\/v2\/pages\/1016"}],"collection":[{"href":"https:\/\/dominique.sciamma.com\/index.php?rest_route=\/wp\/v2\/pages"}],"about":[{"href":"https:\/\/dominique.sciamma.com\/index.php?rest_route=\/wp\/v2\/types\/page"}],"author":[{"embeddable":true,"href":"https:\/\/dominique.sciamma.com\/index.php?rest_route=\/wp\/v2\/users\/1"}],"replies":[{"embeddable":true,"href":"https:\/\/dominique.sciamma.com\/index.php?rest_route=%2Fwp%2Fv2%2Fcomments&post=1016"}],"version-history":[{"count":1,"href":"https:\/\/dominique.sciamma.com\/index.php?rest_route=\/wp\/v2\/pages\/1016\/revisions"}],"predecessor-version":[{"id":1017,"href":"https:\/\/dominique.sciamma.com\/index.php?rest_route=\/wp\/v2\/pages\/1016\/revisions\/1017"}],"up":[{"embeddable":true,"href":"https:\/\/dominique.sciamma.com\/index.php?rest_route=\/wp\/v2\/pages\/998"}],"wp:attachment":[{"href":"https:\/\/dominique.sciamma.com\/index.php?rest_route=%2Fwp%2Fv2%2Fmedia&parent=1016"}],"curies":[{"name":"wp","href":"https:\/\/api.w.org\/{rel}","templated":true}]}}