{"id":1020,"date":"2013-01-04T21:54:43","date_gmt":"2013-01-04T20:54:43","guid":{"rendered":"http:\/\/dominique.sciamma.com\/?page_id=1020"},"modified":"2013-01-04T21:59:04","modified_gmt":"2013-01-04T20:59:04","slug":"a-singapour","status":"publish","type":"page","link":"https:\/\/dominique.sciamma.com\/?page_id=1020","title":{"rendered":"Straits Times (S&rsquo;Pore)"},"content":{"rendered":"<p><strong>J&rsquo;ai v\u00e9cu deux ans \u00e0 Singapour de 1989 \u00e0 1991<\/strong>, o\u00f9 j&rsquo;ai cr\u00e9\u00e9 et anim\u00e9 le<strong> d\u00e9partement IA du Groupe Bull<\/strong> en Asie du Sud-Est, tout en pilotant le Laboratoire d&rsquo;IA du <strong>French Singapore Institute<\/strong> (une joint venture entre la CCIP et l&rsquo;Economic Development Board de Singapour).<\/p>\n<p>J&rsquo;y ai eu l&rsquo;occasion d&rsquo;\u00e9crire plusieurs article dans LE quotidien de la Cit\u00e9-Etat, \u00e0 sa voir le \u00ab\u00a0<a title=\"le site du Straits Time\" href=\"http:\/\/www.straitstimes.com\/\" target=\"_blank\"><strong>Straits Time<\/strong><\/a>\u00a0\u00bb :<\/p>\n<ul>\n<li><strong>Getting Ahead Start on Competitors<\/strong> (octobre 1989) :<\/li>\n<li><strong>Man To Computer Talk<\/strong>\u00a0(d\u00e9cembre 1989) : \u00e0 propos de linguistique computationnelle<\/li>\n<li><strong>Singapore as Crystal Ball (Aout 1990)<\/strong> : sur ma vision de Singapour comme une fen\u00eatre ouverte sur le futur.<\/li>\n<\/ul>\n","protected":false},"excerpt":{"rendered":"<p>J&rsquo;ai v\u00e9cu deux ans \u00e0 Singapour de 1989 \u00e0 1991, o\u00f9 j&rsquo;ai cr\u00e9\u00e9 et anim\u00e9 le d\u00e9partement IA du Groupe Bull en Asie du Sud-Est, tout en pilotant le Laboratoire d&rsquo;IA du French Singapore Institute (une joint venture entre la &hellip; <a href=\"https:\/\/dominique.sciamma.com\/?page_id=1020\">Lire la suite <span class=\"meta-nav\">&rarr;<\/span><\/a><\/p>\n","protected":false},"author":1,"featured_media":0,"parent":387,"menu_order":0,"comment_status":"closed","ping_status":"open","template":"","meta":{"footnotes":""},"_links":{"self":[{"href":"https:\/\/dominique.sciamma.com\/index.php?rest_route=\/wp\/v2\/pages\/1020"}],"collection":[{"href":"https:\/\/dominique.sciamma.com\/index.php?rest_route=\/wp\/v2\/pages"}],"about":[{"href":"https:\/\/dominique.sciamma.com\/index.php?rest_route=\/wp\/v2\/types\/page"}],"author":[{"embeddable":true,"href":"https:\/\/dominique.sciamma.com\/index.php?rest_route=\/wp\/v2\/users\/1"}],"replies":[{"embeddable":true,"href":"https:\/\/dominique.sciamma.com\/index.php?rest_route=%2Fwp%2Fv2%2Fcomments&post=1020"}],"version-history":[{"count":3,"href":"https:\/\/dominique.sciamma.com\/index.php?rest_route=\/wp\/v2\/pages\/1020\/revisions"}],"predecessor-version":[{"id":1024,"href":"https:\/\/dominique.sciamma.com\/index.php?rest_route=\/wp\/v2\/pages\/1020\/revisions\/1024"}],"up":[{"embeddable":true,"href":"https:\/\/dominique.sciamma.com\/index.php?rest_route=\/wp\/v2\/pages\/387"}],"wp:attachment":[{"href":"https:\/\/dominique.sciamma.com\/index.php?rest_route=%2Fwp%2Fv2%2Fmedia&parent=1020"}],"curies":[{"name":"wp","href":"https:\/\/api.w.org\/{rel}","templated":true}]}}