{"id":1030,"date":"2013-01-05T09:14:28","date_gmt":"2013-01-05T08:14:28","guid":{"rendered":"http:\/\/dominique.sciamma.com\/?page_id=1030"},"modified":"2013-01-05T10:47:28","modified_gmt":"2013-01-05T09:47:28","slug":"sur-la-creativite","status":"publish","type":"page","link":"https:\/\/dominique.sciamma.com\/?page_id=1030","title":{"rendered":"Sur la Cr\u00e9ativit\u00e9"},"content":{"rendered":"<p>Je suis un cr\u00e9atif qui raisonne, et qui raisonne donc sur la cr\u00e9ativit\u00e9.<\/p>\n<p>J&rsquo;ai r\u00e9cemment \u00e9crit sur le sujet dans des circonstances diff\u00e9rentes :<\/p>\n<ol>\n<li><a title=\"Iconoclaste(s)\" href=\"http:\/\/dominique.sciamma.com\/?p=1035\"><strong>Iconoclaste(s) \u00a0ou de la destruction comme m\u00e9thode de cr\u00e9ativit\u00e9:<\/strong><\/a><br \/>\nIl s&rsquo;agit de la mise sur papier des id\u00e9es que j&rsquo;avais d\u00e9fendues lors du S\u00e9minaire organis\u00e9e par \u00a0les Alcatel Lucent Bell Labs en novembre 2009. (et dont on peut voir les captures video ici).<\/li>\n<li><a title=\"Images VS Imagination\" href=\"http:\/\/dominique.sciamma.com\/?p=1040\"><strong>Images Vs Imagination<\/strong><\/a>\u00a0: une publication effectu\u00e9 lors du colloque international sur le Constructionisme organis\u00e9 en Aout 2010 \u00e0 Paris.<br \/>\nIl s&rsquo;agit de l&rsquo;explication fine de l&rsquo;exercice que &lsquo;ai invent\u00e9, bas\u00e9 sur l&rsquo;utilisation de 6 images.<\/li>\n<\/ol>\n","protected":false},"excerpt":{"rendered":"<p>Je suis un cr\u00e9atif qui raisonne, et qui raisonne donc sur la cr\u00e9ativit\u00e9. J&rsquo;ai r\u00e9cemment \u00e9crit sur le sujet dans des circonstances diff\u00e9rentes : Iconoclaste(s) \u00a0ou de la destruction comme m\u00e9thode de cr\u00e9ativit\u00e9: Il s&rsquo;agit de la mise sur papier &hellip; <a href=\"https:\/\/dominique.sciamma.com\/?page_id=1030\">Lire la suite <span class=\"meta-nav\">&rarr;<\/span><\/a><\/p>\n","protected":false},"author":1,"featured_media":0,"parent":961,"menu_order":3,"comment_status":"closed","ping_status":"open","template":"","meta":{"footnotes":""},"_links":{"self":[{"href":"https:\/\/dominique.sciamma.com\/index.php?rest_route=\/wp\/v2\/pages\/1030"}],"collection":[{"href":"https:\/\/dominique.sciamma.com\/index.php?rest_route=\/wp\/v2\/pages"}],"about":[{"href":"https:\/\/dominique.sciamma.com\/index.php?rest_route=\/wp\/v2\/types\/page"}],"author":[{"embeddable":true,"href":"https:\/\/dominique.sciamma.com\/index.php?rest_route=\/wp\/v2\/users\/1"}],"replies":[{"embeddable":true,"href":"https:\/\/dominique.sciamma.com\/index.php?rest_route=%2Fwp%2Fv2%2Fcomments&post=1030"}],"version-history":[{"count":4,"href":"https:\/\/dominique.sciamma.com\/index.php?rest_route=\/wp\/v2\/pages\/1030\/revisions"}],"predecessor-version":[{"id":1039,"href":"https:\/\/dominique.sciamma.com\/index.php?rest_route=\/wp\/v2\/pages\/1030\/revisions\/1039"}],"up":[{"embeddable":true,"href":"https:\/\/dominique.sciamma.com\/index.php?rest_route=\/wp\/v2\/pages\/961"}],"wp:attachment":[{"href":"https:\/\/dominique.sciamma.com\/index.php?rest_route=%2Fwp%2Fv2%2Fmedia&parent=1030"}],"curies":[{"name":"wp","href":"https:\/\/api.w.org\/{rel}","templated":true}]}}