{"id":1050,"date":"2013-01-05T13:18:08","date_gmt":"2013-01-05T12:18:08","guid":{"rendered":"http:\/\/dominique.sciamma.com\/?page_id=1050"},"modified":"2017-01-08T19:33:12","modified_gmt":"2017-01-08T18:33:12","slug":"living-design","status":"publish","type":"page","link":"https:\/\/dominique.sciamma.com\/?page_id=1050","title":{"rendered":"Living Design"},"content":{"rendered":"<p>Apr\u00e8s avoir cr\u00e9\u00e9 l&rsquo;option <strong>Multim\u00e9dia<\/strong> \u00e0 <strong>Strate Coll\u00e8ge<\/strong> en <strong>1998<\/strong>, je l&rsquo;ai ensuite m\u00e9tamorphos\u00e9 en un des <strong>d\u00e9partements majeurs de l&rsquo;\u00e9cole en 2007 (Syst\u00e8mes et Objets Interactifs)<\/strong> sur la base d&rsquo;une position radicale &#8211; \u00e0 l&rsquo;\u00e9poque &#8211; qui affirmait que les<strong> enjeux du num\u00e9riques allaient s&rsquo;instancier dans le monde mat\u00e9riel, les espaces, les objets, les corps<\/strong>.<\/p>\n<p>L&rsquo;autre affirmation est que un des enjeux du design d&rsquo;interaction sera celui de la d\u00e9finition des <strong>comportements<\/strong> <strong>des objets<\/strong> plut\u00f4t que de leur fonction, et que de ce fait nous allions passer \u00e0 du <strong>design de la relation<\/strong> plut\u00f4t qu&rsquo;\u00e0 du design de l&rsquo;interaction.<\/p>\n<p>Je propose <strong>d\u00e8s 2008<\/strong> le n\u00e9ologisme <strong>ROBJET<\/strong> (our ROBJECT) &#8211; contraction de ROBOT et OBJET &#8211; pour designer ces nouveaux types d&rsquo;objets qui auront cette caract\u00e9ristique de <strong>percevoir<\/strong> le monde, se le <strong>repr\u00e9senter<\/strong>, prendre des <strong>d\u00e9cisions<\/strong> et <strong>agir<\/strong>.<\/p>\n<p>Je rencontre <a title=\"Florent Aziosmanoff\" href=\"http:\/\/www.lecube.com\/fr\/florent-aziosmanoff_338\" target=\"_blank\"><strong>Florent AZIOSMANOFF<\/strong><\/a>\u00a0&#8211; directeur de la cr\u00e9ation du <a title=\"Le Cube - site internet\" href=\"http:\/\/www.lecube.com\/\" target=\"_blank\"><strong>CUBE<\/strong><\/a>, en 2007, et nous d\u00e9couvrons que nous partageons la m\u00eame vision &#8211; lui sur un plan artistique et moi sur un plan design &#8211; des enjeux du num\u00e9rique. Il propose en 2009 de nommer cette discipline \u00ab\u00a0<strong>Living Art<\/strong>\u00a0\u00bb (qui sera le titre de <a title=\"&quot;Living Art&quot; aux \u00e9ditions CNRS\" href=\"http:\/\/www.cnrseditions.fr\/Art\/6207-living-art-florent-aziosmanoff.html\" target=\"_blank\">son livre au \u00e9ditions CNRS<\/a>), et c&rsquo;est en coh\u00e9rence que je nomme notre approche \u00ab\u00a0<strong>Living Design<\/strong>\u00ab\u00a0.<\/p>\n<p>Si j&rsquo;ai pu \u00e0 maintes reprises parler de cette approche en public, j&rsquo;ai pu enfin l&rsquo;\u00e9crire \u00e0 l&rsquo;occasion de la premi\u00e8re \u00e9dition de la revue \u00ab\u00a0<a title=\"La revue Interface(s)\" href=\"http:\/\/magazine.designersinteractifs.org\/actualite\/interfaces-revue-trimestrielle-de-design-interactif-est-disponible\" target=\"_blank\"><strong>Interface(s)<\/strong><\/a>\u00ab\u00a0, dont je suis par ailleurs membre du comit\u00e9 de lecture.<\/p>\n<p>Vous pouvez lire ici cet article :\u00a0<a title=\"Demain le design \u2013 De l\u2019interaction \u00e0 la relation\" href=\"http:\/\/dominique.sciamma.com\/?p=1285\" target=\"_blank\"><strong>Demain le design : de l\u2019interaction \u00e0 la relation<\/strong><\/a><\/p>\n<p>&nbsp;<\/p>\n<p>&nbsp;<\/p>\n<p>&nbsp;<\/p>\n","protected":false},"excerpt":{"rendered":"<p>Apr\u00e8s avoir cr\u00e9\u00e9 l&rsquo;option Multim\u00e9dia \u00e0 Strate Coll\u00e8ge en 1998, je l&rsquo;ai ensuite m\u00e9tamorphos\u00e9 en un des d\u00e9partements majeurs de l&rsquo;\u00e9cole en 2007 (Syst\u00e8mes et Objets Interactifs) sur la base d&rsquo;une position radicale &#8211; \u00e0 l&rsquo;\u00e9poque &#8211; qui affirmait que &hellip; <a href=\"https:\/\/dominique.sciamma.com\/?page_id=1050\">Lire la suite <span class=\"meta-nav\">&rarr;<\/span><\/a><\/p>\n","protected":false},"author":1,"featured_media":0,"parent":1059,"menu_order":1,"comment_status":"closed","ping_status":"open","template":"","meta":{"footnotes":""},"_links":{"self":[{"href":"https:\/\/dominique.sciamma.com\/index.php?rest_route=\/wp\/v2\/pages\/1050"}],"collection":[{"href":"https:\/\/dominique.sciamma.com\/index.php?rest_route=\/wp\/v2\/pages"}],"about":[{"href":"https:\/\/dominique.sciamma.com\/index.php?rest_route=\/wp\/v2\/types\/page"}],"author":[{"embeddable":true,"href":"https:\/\/dominique.sciamma.com\/index.php?rest_route=\/wp\/v2\/users\/1"}],"replies":[{"embeddable":true,"href":"https:\/\/dominique.sciamma.com\/index.php?rest_route=%2Fwp%2Fv2%2Fcomments&post=1050"}],"version-history":[{"count":14,"href":"https:\/\/dominique.sciamma.com\/index.php?rest_route=\/wp\/v2\/pages\/1050\/revisions"}],"predecessor-version":[{"id":1302,"href":"https:\/\/dominique.sciamma.com\/index.php?rest_route=\/wp\/v2\/pages\/1050\/revisions\/1302"}],"up":[{"embeddable":true,"href":"https:\/\/dominique.sciamma.com\/index.php?rest_route=\/wp\/v2\/pages\/1059"}],"wp:attachment":[{"href":"https:\/\/dominique.sciamma.com\/index.php?rest_route=%2Fwp%2Fv2%2Fmedia&parent=1050"}],"curies":[{"name":"wp","href":"https:\/\/api.w.org\/{rel}","templated":true}]}}