{"id":1059,"date":"2013-01-05T15:28:43","date_gmt":"2013-01-05T14:28:43","guid":{"rendered":"http:\/\/dominique.sciamma.com\/?page_id=1059"},"modified":"2020-05-20T17:46:51","modified_gmt":"2020-05-20T16:46:51","slug":"design","status":"publish","type":"page","link":"https:\/\/dominique.sciamma.com\/?page_id=1059","title":{"rendered":"Design etc."},"content":{"rendered":"<p>J&rsquo;ai commenc\u00e9 \u00e0 travailler pour <strong>Strate Ecole de Design,<\/strong> une des trois grandes \u00e9coles de design fran\u00e7aises en <strong>1998, <\/strong>en y cr\u00e9ant son option \u00ab\u00a0Multim\u00e9dia\u00a0\u00bb.<\/p>\n<p>A partir de ce moment, mon implication dans l&rsquo;\u00e9cole n&rsquo;a fait que croitre puisque j&rsquo;ai commenc\u00e9 \u00e0 suivre les dipl\u00f4mes \u00ab\u00a0num\u00e9riques\u00a0\u00bb d\u00e8s 1999, pour finir par tous les suivre 2 ans apr\u00e8s. J&rsquo;y ai pris la responsabilit\u00e9 des cours de communication des premi\u00e8res et des 5\u00e8me ann\u00e9es d\u00e8s 2002.<br \/>\nIntervenant externe jusqu&rsquo;en 2006-2007, j&rsquo;int\u00e8gre d\u00e9finitivement l&rsquo;\u00e9cole en y cr\u00e9ant le d\u00e9partement \u00ab\u00a0Syst\u00e8mes et Objets Interactifs\u00a0\u00bb en septembre 2007, et en y cr\u00e9ant la Majeure associ\u00e9e.<br \/>\nJe prends la direction du d\u00e9veloppement et de la recherche \u00a0de l&rsquo;\u00e9cole en 2010, avant d&rsquo;en prendre la direction adjointe en 2012.<\/p>\n<p><strong>J&rsquo;en suis devenu le directeur g\u00e9n\u00e9ral en septembre 2013.<\/strong><\/p>\n<p>A tous ces titres, j&rsquo;ai donc communiqu\u00e9\u00a0 et continue de le faire &#8211; lors de colloques, de tables rondes, de conf\u00e9rences &#8211; sur le design en g\u00e9n\u00e9ral, le design \u00a0num\u00e9rique en particulier (et notamment dans son acception Stratienne &#8211; le Living Design), ainsi que sur la cr\u00e9ativit\u00e9.<\/p>\n<ul>\n<li><a title=\"Demain le design \u2013 De l\u2019interaction \u00e0 la relation\" href=\"http:\/\/dominique.sciamma.com\/?p=1285\">Demain le design : de l\u2019interaction \u00e0 la relation<\/a><\/li>\n<li><a title=\"Quand l\u2019IA vient \u00e0 l\u2019Objet\" href=\"http:\/\/dominique.sciamma.com\/?page_id=1064\">Quand l&rsquo;IA vient \u00e0 l&rsquo;Objet<\/a><\/li>\n<li><a title=\"Design et Robotique\" href=\"http:\/\/dominique.sciamma.com\/?page_id=1070\">Design et Robotique<\/a><\/li>\n<li><a title=\"La R\u00e9volution 3D est \u00e0 venir !\" href=\"http:\/\/dominique.sciamma.com\/?p=1309\">La R\u00e9volution 3D est \u00e0 venir<\/a><\/li>\n<li><a title=\"Design : de la pens\u00e9e \u00e0 l\u2019action\" href=\"http:\/\/dominique.sciamma.com\/?p=1360\">Design : de la pens\u00e9e \u00e0 l&rsquo;action<\/a><\/li>\n<li><a title=\"Entreprendre \u00e0 Dessein\" href=\"http:\/\/dominique.sciamma.com\/?p=1364\">Entreprendre \u00e0 dessein<\/a><\/li>\n<li><a title=\"Design moi un Manager\" href=\"http:\/\/dominique.sciamma.com\/?p=1385\">Design moi un Manager<\/a><\/li>\n<li><a title=\"Le monde est un chou Romanesco\" href=\"http:\/\/dominique.sciamma.com\/?p=1317\">Le monde est un chou Romanesco<\/a><\/li>\n<li><a title=\"Un leader est un designer\" href=\"http:\/\/dominique.sciamma.com\/?p=1322\">Un leader est un\u00a0 designer<\/a><\/li>\n<li><a title=\"N\u00e9cessit\u00e9s et insuffisances num\u00e9riques ou le Design maintenant !\" href=\"http:\/\/dominique.sciamma.com\/?p=1391\">N\u00e9cessit\u00e9s et insuffisances num\u00e9riques<\/a><\/li>\n<\/ul>\n<p>&nbsp;<\/p>\n","protected":false},"excerpt":{"rendered":"<p>J&rsquo;ai commenc\u00e9 \u00e0 travailler pour Strate Ecole de Design, une des trois grandes \u00e9coles de design fran\u00e7aises en 1998, en y cr\u00e9ant son option \u00ab\u00a0Multim\u00e9dia\u00a0\u00bb. A partir de ce moment, mon implication dans l&rsquo;\u00e9cole n&rsquo;a fait que croitre puisque j&rsquo;ai &hellip; <a href=\"https:\/\/dominique.sciamma.com\/?page_id=1059\">Lire la suite <span class=\"meta-nav\">&rarr;<\/span><\/a><\/p>\n","protected":false},"author":1,"featured_media":0,"parent":952,"menu_order":2,"comment_status":"closed","ping_status":"open","template":"","meta":{"footnotes":""},"_links":{"self":[{"href":"https:\/\/dominique.sciamma.com\/index.php?rest_route=\/wp\/v2\/pages\/1059"}],"collection":[{"href":"https:\/\/dominique.sciamma.com\/index.php?rest_route=\/wp\/v2\/pages"}],"about":[{"href":"https:\/\/dominique.sciamma.com\/index.php?rest_route=\/wp\/v2\/types\/page"}],"author":[{"embeddable":true,"href":"https:\/\/dominique.sciamma.com\/index.php?rest_route=\/wp\/v2\/users\/1"}],"replies":[{"embeddable":true,"href":"https:\/\/dominique.sciamma.com\/index.php?rest_route=%2Fwp%2Fv2%2Fcomments&post=1059"}],"version-history":[{"count":7,"href":"https:\/\/dominique.sciamma.com\/index.php?rest_route=\/wp\/v2\/pages\/1059\/revisions"}],"predecessor-version":[{"id":1388,"href":"https:\/\/dominique.sciamma.com\/index.php?rest_route=\/wp\/v2\/pages\/1059\/revisions\/1388"}],"up":[{"embeddable":true,"href":"https:\/\/dominique.sciamma.com\/index.php?rest_route=\/wp\/v2\/pages\/952"}],"wp:attachment":[{"href":"https:\/\/dominique.sciamma.com\/index.php?rest_route=%2Fwp%2Fv2%2Fmedia&parent=1059"}],"curies":[{"name":"wp","href":"https:\/\/api.w.org\/{rel}","templated":true}]}}