{"id":1064,"date":"2013-01-05T15:58:31","date_gmt":"2013-01-05T14:58:31","guid":{"rendered":"http:\/\/dominique.sciamma.com\/?page_id=1064"},"modified":"2017-01-08T17:11:14","modified_gmt":"2017-01-08T16:11:14","slug":"quand-lia-vient-a-lobjet","status":"publish","type":"page","link":"https:\/\/dominique.sciamma.com\/?page_id=1064","title":{"rendered":"Quand l&rsquo;IA vient \u00e0 l&rsquo;Objet"},"content":{"rendered":"<p>Membre de <a title=\"site de l'AFIA\" href=\"http:\/\/www.afia.asso.fr\/tiki-index.php\" target=\"_blank\"><strong>l&rsquo;AFIA<\/strong><\/a> (Association Fran\u00e7aise d&rsquo;Intelligence Artificielle), j&rsquo;ai particip\u00e9 \u00e0 une des revue (2011) de l&rsquo;association y \u00e9crivant un article sur l&rsquo;<strong>Objet comme nouvel horizon de l&rsquo;Intelligence Artificielle<\/strong>.<\/p>\n<p><a href=\"http:\/\/dominique.sciamma.com\/wp-content\/uploads\/2013\/01\/logo-afia.jpg\"><img loading=\"lazy\" decoding=\"async\" class=\"alignnone size-full wp-image-1068\" alt=\"logo-afia\" src=\"http:\/\/dominique.sciamma.com\/wp-content\/uploads\/2013\/01\/logo-afia.jpg\" width=\"295\" height=\"171\" \/><\/a><\/p>\n<hr \/>\n<p><em>Il fut un temps o\u00f9 l\u2019IA se confondait avec l\u2019informatique, un temps o\u00f9 l\u2019ordinateur naissant apparaissait comme la plateforme destin\u00e9e \u00e0 faire \u00e9merger et \u00e0 porter un mod\u00e8le d\u00e9finitif de l\u2019intelligence, et donner naissance \u00e0 des machines qui cesseraient de l\u2019\u00eatre et qui partageraient \u00e0 terme ce qui fut l\u2019apanage exclusif de l\u2019humanit\u00e9 : percevoir le monde, le repr\u00e9senter, y faire des plans, prendre des d\u00e9cisions et agir.<\/em><\/p>\n<p><em>Ce temps r\u00e9volu a donn\u00e9 naissance \u00e0 la mont\u00e9e en puissance &#8211; inexorable et toujours plus rapide &#8211; de la num\u00e9risation du monde, o\u00f9 l\u2019apparition du PC, des consoles de jeux, de la t\u00e9l\u00e9phonie mobile et de l\u2019internet ont \u00e9t\u00e9 des causes et des effets \u00e0 la fois.<\/em><\/p>\n<p><em>Cette inondation num\u00e9rique a dilu\u00e9 la visibilit\u00e9 de l\u2019IA, de son importance, de ses enjeux, m\u00eame si elle est souvent tapie, discr\u00e8te mais efficace, dans nos jeux vid\u00e9os, nos machines \u00e0 laver, ou nos logiciels boursiers. Ce faisant, elle habite nos logiciels, contribuant \u00e0 leur puissance.<\/em><\/p>\n<p><em>La num\u00e9risation exponentielle du monde, des organisations, des syst\u00e8mes, des pratiques quotidiennes a impos\u00e9 l\u2019id\u00e9e, chez le grand public comme chez les \u00ab experts \u00bb, que la d\u00e9mat\u00e9rialisation serait l\u2019horizon digital ultime de l\u2019humanit\u00e9.<\/em><\/p>\n<p><em>Nouveau miroir d\u2019Alice, l\u2019\u00e9cran serait alors la nouvelle fronti\u00e8re \u00e0 franchir, derri\u00e8re lequel toutes les nouvelles exp\u00e9riences se joueraient, et o\u00f9 les enjeux seraient alors des enjeux d\u2019interfaces.<\/em><\/p>\n<p><em>Nous pensons, avec quelques autres, exactement l\u2019inverse. C\u2019est un tsunami num\u00e9rique qui s\u2019approche, radicalement diff\u00e9rent, n\u00e9 d\u2019une nouvelle convergence sigl\u00e9e NBIC. Loin de la d\u00e9mat\u00e9rialisation, le mariage des nanotechnologies, de la biologie, de l\u2019informatique et des sciences cognitives va permettre les retrouvailles victorieuses de l\u2019espace, de la mati\u00e8re, du corps et du num\u00e9rique. Elle va aussi\u00a0remettre en lumi\u00e8re les enjeux, les ambitions, et les promesses de l\u2019IA.<\/em><\/p>\n<h2>Des objets vivants<\/h2>\n<p>Ubimedia, informatique ubiquitaire, invasive, sans couture ou invisible, les d\u00e9nominations sont nombreuses, mais la perspective reste la m\u00eame\u00a0: un monde o\u00f9 tout moment, toute situation, tout lieu, tout objet mettra en \u0153uvre des nouveaux mat\u00e9riaux, des t\u00e9lecoms, des puces, du logiciel \u2013 et mieux de l\u2019IA. Dans cette optique, le monde va \u00eatre colonis\u00e9 par une nouvelle cat\u00e9gorie d\u2019objets, dits \u00ab\u00a0intelligents\u00a0\u00bb.<\/p>\n<p>Nous ne parlons pas ici des trop fameux \u00ab\u00a0objets communiquants\u00a0\u00bb et de l\u2019internet des objets, dont les m\u00e9dia adorateurs de buzz words, se sont empar\u00e9s avec entrain, comme si le fait de communiquer, via l\u2019internet, repr\u00e9sentait en soi un saut quantique. Sans nier leur int\u00e9r\u00eat, ni le fait qu\u2019ils repr\u00e9sentent un espace de cr\u00e9ation et de services, ces objets restent fondamentalement en continuit\u00e9 avec les mod\u00e8les issus de nos r\u00e9volutions industrielles successives, et dont l\u2019informatique fut le dernier avatar. Les objets dont nous parlons sont des objets de rupture, qui r\u00e9enchantent non seulement notre quotidien, mais modifient aussi notre rapport au monde.<\/p>\n<p>Ils seront en rupture, car contrairement \u00e0 tous les objets jusqu\u2019ici con\u00e7us par l\u2019humanit\u00e9, qui se d\u00e9finissaient par leurs fonctionnalit\u00e9s, ces nouveaux objets se d\u00e9finiront, eux, par leurs comportements. Ces objets seront en effet capables de percevoir leur environnement, de se le repr\u00e9senter, d\u2019y faire des plans, de prendre des d\u00e9cisions et d\u2019agir, reprenant en cela les ambitions initiales de l\u2019IA. Il s\u2019agit d\u2019un changement paradigmatique majeur, tant du point de vue de la conception de ces objets, que de celui de leurs usages, et de la relation au monde qu\u2019ils induisent.<\/p>\n<p>Ces objets, nous proposons de les appeler \u00ab\u00a0Objets vivants\u00a0\u00bb ou encore \u00ab\u00a0Robjets\u00a0\u00bb, dans la mesure o\u00f9 d\u2019un c\u00f4t\u00e9 ils reproduisent les caract\u00e9ristiques du vivant (percevoir, d\u00e9cider, agir), et o\u00f9 de l\u2019autre ils repr\u00e9sentent une g\u00e9n\u00e9ralisation des concepts de la robotique \u00e0 toutes le cat\u00e9gories d\u2019objets. Car pas un objet de nos quotidiens &#8211; du moindre de nos v\u00eatements, de nos accessoires, de nos mobiliers, de nos outils &#8211; n\u2019est susceptible de ne pas se m\u00e9tamorphoser demain en Robjet.<\/p>\n<p>Bourr\u00e9s de capteurs, ils seront capables d\u2019entendre, de voir, de sentir, de mesurer des forces, de revoir des flux d\u2019informations num\u00e9riques. Dot\u00e9s de moyens de calcul, ils sauront exploiter les informations et donn\u00e9es per\u00e7ues, et \u00e9laborer des d\u00e9cisions. Dot\u00e9s d\u2019actuateurs \u2013 c\u2019est \u00e0 dire des moyens d\u2019agir v\u00e9ritablement dans et sur le monde \u2013 ils sauront transformer ces d\u00e9cisions en actions aussi diverses que bouger, chauffer, saisir, d\u00e9placer, parfumer, changer de couleurs ou de forme. Bon nombre de leur promesses seront tenues par des mat\u00e9riaux et m\u00e9tamat\u00e9riaux issus des recherche en nanotechnologies. Connect\u00e9s \u00e0 des r\u00e9seaux divers (de proximit\u00e9, locaux ou globaux), ils sauront non seulement participer et acc\u00e9der \u00e0 la puissance du <i>Cloud<\/i>, mais surtout constituer au travers de ces r\u00e9seaux des super-syst\u00e8mes, dont les comportements seront les cons\u00e9quences \u00e9mergeantes des collaborations entre leurs composants.<\/p>\n<p>De toutes ces nouvelles caract\u00e9ristiques, cette derni\u00e8re n\u2019est sans aucun doute pas la moindre. Ce sera la premi\u00e8re fois que le syst\u00e8me d\u2019objets d\u2019une civilisation humaine pourra potentiellement constituer un r\u00e9seau d\u2019acteurs interconnect\u00e9s dot\u00e9s d\u2019autonomie comportementale, r\u00e9seau donnant naissance \u00e0 un \u00ab\u00a0super-Robjet\u00a0\u00bb, mat\u00e9rialisant ainsi une \u00e9mergence comportementale syst\u00e9mique.<\/p>\n<h2>Un nouveau rapport aux objets\u2026et au monde<\/h2>\n<p>Le fait que ces objets soient caract\u00e9ris\u00e9s par leurs comportements, et non plus par leurs fonctionnalit\u00e9s va changer la nature du rapport entretenu avec les hommes. De fait, les objets \u00e9taient jusqu\u2019\u00e0 pr\u00e9sent fonctionnels, et d\u00e9livraient leurs fonctions au travers d\u2019une manipulation, d\u2019un contr\u00f4le. Les objets \u00ab\u00a0num\u00e9riques\u00a0\u00bb d\u2019aujourd\u2019hui n\u2019\u00e9chappent pas \u00e0 cette r\u00e9alit\u00e9, et les interfaces repr\u00e9sentent les formes les plus sophistiqu\u00e9es de ces contr\u00f4les. Les Robjets, quant \u00e0 eux, mettront \u00e0 bas ce sch\u00e9ma, pour la bonne et simple raison qu\u2019ils auront l\u2019initiative de l\u2019action, et que les fameuses interfaces, en tant qu\u2019elles sont des outils de contr\u00f4le en seront exclues. Le Robjet n\u2019est plus un outil qu\u2019on pilote, mais un acteur qui s\u2019int\u00e9resse \u00e0 nous, et cherche \u00e0 d\u00e9livrer ses services sans que nous ayons \u00e0 lui demander.<\/p>\n<p>Nous allons donc rentrer en relation avec ces Robjets, et ce sera la qualit\u00e9 de cette relation qui d\u00e9terminera la qualit\u00e9 de l\u2019exp\u00e9rience de l\u2019objet. Ce r\u00e9\u00e9quilibrage du rapport \u00e0 l\u2019objet, passant du contr\u00f4le \u00e0 la relation, aura des cons\u00e9quences bien au del\u00e0 du service d\u00e9livr\u00e9 et du confort offert. C\u2019est en effet la nature m\u00eame du monde qui sera amen\u00e9e \u00e0 \u00eatre reconsid\u00e9r\u00e9e. Le partager, pour la premi\u00e8re fois, avec des objets que nous aurons cr\u00e9\u00e9s, capables de suffisamment d\u2019intelligence pour anticiper nos besoins, voire nos d\u00e9sirs, et chercher \u00e0 les satisfaire, pose la question philosophique majeure de l\u2019intelligence humaine, et de sa sp\u00e9cificit\u00e9 peut-\u00eatre (sans doute\u00a0?) illusoire.<\/p>\n<p>En cr\u00e9ant \u00e0 terme ces objets, et en partageant le monde avec ce qui ressemblera furieusement \u00e0 des pairs, l\u2019homme produira alors probablement une de ses derni\u00e8res blessures narcissiques.<\/p>\n<h2>Qui con\u00e7oit ses objets et comment\u00a0?<\/h2>\n<p>On l\u2019aura compris, ces objets sont de l\u2019IA mat\u00e9rialis\u00e9e venant clore l\u2019envahissement num\u00e9rique du monde, commenc\u00e9 silencieusement il y a 60 ans dans des laboratoires militaires, que l\u2019apparition du PC a plus qu\u2019acc\u00e9l\u00e9r\u00e9, puis qu\u2019Internet a boost\u00e9, et qu\u2019enfin les outils de mobilit\u00e9 ont g\u00e9n\u00e9ralis\u00e9.<\/p>\n<p>Mais l\u00e0 o\u00f9 leurs pr\u00e9d\u00e9cesseurs num\u00e9riques restaient des outils, des plateformes con\u00e7ues pour l\u2019essentiel par des ing\u00e9nieurs, certes porteuses d\u2019applications co-con\u00e7ues (au mieux) avec des designers, ces Robjets sont des objets du quotidien, porteurs d\u2019usages, qui seront con\u00e7us par un nouveau type de concepteurs, utilisant un nouveau type de m\u00e9thodes, d\u2019outils, de langages, tous encore \u00e0 inventer.<\/p>\n<p>Les ing\u00e9nieurs, les marketeurs, les designers \u2013 le fameux triangle de l\u2019innovation \u2013 doivent r\u00e9inventer leurs m\u00e9tiers, et mieux les articuler. Si les premiers (et en particulier les informaticiens) ont l\u2019avantage d\u2019avoir \u00e9labor\u00e9 m\u00e9thodes, outils et langages pour affronter la complexit\u00e9 des syst\u00e8mes d\u2019information, ils ne sont pas pour autant arm\u00e9s pour aborder une conception d\u2019objets par le biais des usages, comme il est n\u00e9cessaire de le faire ici (on sait ce qu\u2019est une interface con\u00e7ue par un informaticien\u00a0!). De leur c\u00f4t\u00e9, concentr\u00e9s qu\u2019ils sont, et souvent \u00e0 l\u2019exc\u00e8s, sur les \u00ab\u00a0besoins\u00a0\u00bb du march\u00e9 au travers d\u2019outils de sondage ou d\u2019observation de la demande (panel, focus group), les marketeurs manquent de l\u2019imagination et de la cr\u00e9ativit\u00e9 n\u00e9cessaires \u00e0 l\u2019invention d\u2019un monde si radicalement nouveau. Il est clair pour nous (et on ne s\u2019en \u00e9tonnera pas\u00a0!) que les designers seront centraux dans cette affaire. Parce que ce sont les comportements et les usages induits qui en seront le c\u0153ur, il va falloir concevoir ces objets autour de sc\u00e9narios de vie, ce qui est au c\u0153ur du m\u00e9tier de designer. Les construire, les comprendre, les articuler, et en d\u00e9duire les formes, les volumes, les mati\u00e8res, les manifestations et les comportements sera de la responsabilit\u00e9 d\u2019\u00e9quipiers nourris de l\u2019esprit du design, centr\u00e9 sur l\u2019utilisateur.<\/p>\n<h2>Les designers \u00e0 l\u2019\u0153uvre<\/h2>\n<p>Si toutes les \u00e9coles de design forment \u00e9videmment des \u00ab\u00a0designers num\u00e9riques\u00a0\u00bb &#8211; interfaces, nouveaux m\u00e9dia, interactivit\u00e9 \u2013 toutes n\u2019ont cependant pas encore investi le champ des Robjets.<\/p>\n<p>Cr\u00e9\u00e9 il y a bient\u00f4t 4 ans, le d\u00e9partement \u00ab\u00a0Syst\u00e8mes et Objets Interactifs\u00a0\u00bb de Strate Coll\u00e8ge (une des deux principales \u00e9coles de design fran\u00e7aise) se donne justement comme objectif de former des designers de Robjets en les initiant \u00e0 une d\u00e9marche nomm\u00e9e \u00ab\u00a0Living Object Design\u00a0\u00bb.<\/p>\n<p>Nous allons donc terminer cet article par la description de 3 projets imagin\u00e9s par nos \u00e9tudiants, et dont les horizons de faisabilit\u00e9 varient de maintenant \u00e0 la fin de ce si\u00e8cle.<\/p>\n<p><span style=\"text-decoration: underline;\"><strong>Moovi<\/strong><\/span><\/p>\n<p>MOOVI, imagin\u00e9 par Gregory Lebourdais en 2009, est un syst\u00e8me d\u00e9di\u00e9 \u00e0 des th\u00e9rapies innovantes de certaines formes d\u2019autisme. Certains autistes ont en effet un r\u00e9el probl\u00e8me d\u2019appropriation et de contr\u00f4le de leur corps. Ils ont aussi une r\u00e9elle difficult\u00e9 \u00e0 diff\u00e9rencier le bruit de l\u2019information, quelles qu\u2019en soient les natures\u00a0: auditives ou visuelles<\/p>\n<p>MOOVI est donc d\u2019abord un petit robot qui peut \u00eatre pilot\u00e9 par le seul mouvement de la main. Dans un premier temps, MOOVI est plac\u00e9 \u00e0 terre par le th\u00e9rapeute, et la personne autiste se contente de faire l\u2019apprentissage des d\u00e9placements du petit robot, au travers des mouvements de sa main que celui-ci per\u00e7oit et interpr\u00e8te. Dans un second temps, le th\u00e9rapeute va d\u00e9finir au sol des chemins contraints, que la personne autiste va chercher \u00e0 respecter, induisant ainsi une certaine maitrise de sa motricit\u00e9 fine.<\/p>\n<p>MOOVI est ensuite dot\u00e9 d\u2019une cam\u00e9ra permettant de distinguer et de nommer des objets parmi d\u2019autres, permettant ainsi de diff\u00e9rencier le bruit n\u00e9 de la multitude des objets de l\u2019information que repr\u00e9sente l\u2019objet vis\u00e9.<\/p>\n<p><a href=\"http:\/\/dominique.sciamma.com\/wp-content\/uploads\/2017\/01\/Gre\u0301gory_Lebourdais_Visuel_Module.jpg\"><img loading=\"lazy\" decoding=\"async\" class=\"alignnone size-full wp-image-1295\" alt=\"Gre\u0301gory_Lebourdais_Visuel_Module\" src=\"http:\/\/dominique.sciamma.com\/wp-content\/uploads\/2017\/01\/Gre\u0301gory_Lebourdais_Visuel_Module.jpg\" width=\"1772\" height=\"820\" srcset=\"https:\/\/dominique.sciamma.com\/wp-content\/uploads\/2017\/01\/Gre\u0301gory_Lebourdais_Visuel_Module.jpg 1772w, https:\/\/dominique.sciamma.com\/wp-content\/uploads\/2017\/01\/Gre\u0301gory_Lebourdais_Visuel_Module-300x138.jpg 300w, https:\/\/dominique.sciamma.com\/wp-content\/uploads\/2017\/01\/Gre\u0301gory_Lebourdais_Visuel_Module-1024x473.jpg 1024w, https:\/\/dominique.sciamma.com\/wp-content\/uploads\/2017\/01\/Gre\u0301gory_Lebourdais_Visuel_Module-500x231.jpg 500w\" sizes=\"(max-width: 1772px) 100vw, 1772px\" \/><\/a> Youtube\u00a0: <a title=\"Voir la video sur Youtube\" href=\"http:\/\/www.youtube.com\/watch?v=eKAfpEWLkrU\" target=\"_blank\">http:\/\/www.youtube.com\/watch?v=eKAfpEWLkrU<\/a><\/p>\n<p><span style=\"text-decoration: underline;\"><strong>Metis<\/strong><\/span><\/p>\n<p>N\u00e9e d\u2019une \u00e9tude des th\u00e8ses du transhumanisme, et imagin\u00e9e par Charles Darius Delaunay-Driquert METIS est une proth\u00e8se intelligente directement connect\u00e9e au syst\u00e8me nerveux humain. Tr\u00e8s bel objet &#8211; et m\u00eame objet d\u00e9sirable &#8211; cette proth\u00e8se est une v\u00e9ritable plate-forme de services \u00e0 la personne.<\/p>\n<p>Puisque que connect\u00e9e en permanence au corps de son b\u00e9n\u00e9ficiaire, cette proth\u00e8se est \u00e0 l\u2019\u00e9coute de ce corps et en l\u2019interpr\u00e8te en continu les signaux. \u00a0Et c\u2019est sur la base de ces interpr\u00e9tations que les services sont d\u00e9livr\u00e9s.<\/p>\n<p><a href=\"http:\/\/dominique.sciamma.com\/wp-content\/uploads\/2017\/01\/vue1_w3.id4-l.com_.jpg\"><img loading=\"lazy\" decoding=\"async\" class=\"alignnone size-full wp-image-1298\" alt=\"vue1_w3.id4-l.com\" src=\"http:\/\/dominique.sciamma.com\/wp-content\/uploads\/2017\/01\/vue1_w3.id4-l.com_.jpg\" width=\"3508\" height=\"2479\" srcset=\"https:\/\/dominique.sciamma.com\/wp-content\/uploads\/2017\/01\/vue1_w3.id4-l.com_.jpg 3508w, https:\/\/dominique.sciamma.com\/wp-content\/uploads\/2017\/01\/vue1_w3.id4-l.com_-300x212.jpg 300w, https:\/\/dominique.sciamma.com\/wp-content\/uploads\/2017\/01\/vue1_w3.id4-l.com_-1024x723.jpg 1024w, https:\/\/dominique.sciamma.com\/wp-content\/uploads\/2017\/01\/vue1_w3.id4-l.com_-424x300.jpg 424w\" sizes=\"(max-width: 3508px) 100vw, 3508px\" \/><\/a> Youtube\u00a0: <a title=\"Lire la video sur Youtube\" href=\"http:\/\/www.youtube.com\/watch?v=aY2sXdbRtC4\" target=\"_blank\">http:\/\/www.youtube.com\/watch?v=aY2sXdbRtC4<\/a><\/p>\n<p><strong><span style=\"text-decoration: underline;\">Living Kitchen<\/span><\/strong><\/p>\n<p>Imagin\u00e9 par Michael Harboun en 2009, Living Kitchen est une cuisine \u00ab\u00a0vivante\u00a0\u00bb en ce qu\u2019elle d\u00e9livre ses services en changeant de forme, et en amenant les fonctionnalit\u00e9s l\u00e0 o\u00f9 elles sont n\u00e9cessaires.<\/p>\n<p>V\u00e9ritable utopie design, cette vision prospective est bas\u00e9e sur le concept de \u00ab\u00a0mati\u00e8re programmable\u00a0\u00bb, connue aux USA sous le nom \u00ab\u00a0Claytronics\u00a0\u00bb, telle qu\u2019elle a \u00e9t\u00e9 imagin\u00e9e par les chercheurs de Carnegie Mellon University. Dans cette approche, cette mati\u00e8re serait constitu\u00e9e de micro, voire de nano, robots, v\u00e9ritables atomes artificiels, capables de se positionner en X Y Z, et int\u00e9grant diverses technologies.<\/p>\n<p>Toute surface de la cuisine est sensible aux demandes de son utilisateur et d\u00e9livre, l\u00e0 o\u00f9 on en a besoin, des services aussi divers que des robinets, des \u00e9viers, des casseroles, des plaques, des assiettes, etc\u2026<\/p>\n<p><a href=\"http:\/\/dominique.sciamma.com\/wp-content\/uploads\/2017\/01\/livingkitchen_06.jpg\"><img loading=\"lazy\" decoding=\"async\" class=\"alignnone size-full wp-image-1300\" alt=\"livingkitchen_06\" src=\"http:\/\/dominique.sciamma.com\/wp-content\/uploads\/2017\/01\/livingkitchen_06.jpg\" width=\"1600\" height=\"1200\" srcset=\"https:\/\/dominique.sciamma.com\/wp-content\/uploads\/2017\/01\/livingkitchen_06.jpg 1600w, https:\/\/dominique.sciamma.com\/wp-content\/uploads\/2017\/01\/livingkitchen_06-300x225.jpg 300w, https:\/\/dominique.sciamma.com\/wp-content\/uploads\/2017\/01\/livingkitchen_06-1024x768.jpg 1024w, https:\/\/dominique.sciamma.com\/wp-content\/uploads\/2017\/01\/livingkitchen_06-400x300.jpg 400w\" sizes=\"(max-width: 1600px) 100vw, 1600px\" \/><\/a><\/p>\n<p>Youtube\u00a0: <a title=\"Lire la video sur Youtube\" href=\"http:\/\/www.youtube.com\/watch?v=ZrmYdMZaMwY\" target=\"_blank\">http:\/\/www.youtube.com\/watch?v=ZrmYdMZaMwY<\/a><\/p>\n<h2>L\u2019objet, victoire de l\u2019IA\u00a0?<\/h2>\n<p>Apr\u00e8s avoir \u00e9t\u00e9 porteuse des plus hautes ambitions intellectuelles comme sociales de l\u2019informatique au moment de sa naissance, l\u2019IA a vu celles-ci masqu\u00e9es, sinon noy\u00e9es, par l\u2019\u00e9mergence d\u2019usages et de pratiques bien diff\u00e9rentes, qu\u2019elles soient professionnelles, commerciales, financi\u00e8res, ou ludiques.<\/p>\n<p>T\u00e9moin plus ou moins discret d\u2019une num\u00e9risation du monde pas encore achev\u00e9e, elle peut paradoxalement \u00eatre s\u00fbre que celle-ci a mis en place les conditions de son retour victorieux.<\/p>\n<p>Retour victorieux, parce qu\u2019en s\u2019instanciant dans l\u2019objet, l\u2019IA s\u2019installe au plus pr\u00e8s de la vie des hommes, au quotidien.<\/p>\n<p>Retour victorieux parce qu\u2019elle changera d\u00e9finitivement la nature du monde, en donnant vie \u00e0 un nouveau syst\u00e8me d\u2019objet, autonomes, attentifs, et pourquoi pas \u00e0 terme aimants.<\/p>\n<p>Car c\u2019est bien dans la qualit\u00e9 de la relation avec l\u2019humanit\u00e9 que s\u2019affirmera la diff\u00e9rence de ce syst\u00e8me d\u2019objets anim\u00e9s par l\u2019IA. Elle vient clore ainsi un processus commenc\u00e9 il y a des millions d\u2019ann\u00e9es, passant d\u2019abord de la fonction \u00e0 l\u2019interaction, puis de l\u2019interaction \u00e0 la relation.<\/p>\n<p>Cela inaugurera tout simplement une nouvelle mani\u00e8re de vivre\u00a0: en intelligence(s).<\/p>\n<hr \/>\n<p><a title=\"Quand l'IA vient \u00e0 l'Objet\" href=\"http:\/\/dominique.sciamma.com\/wp-content\/uploads\/2014\/12\/DS-2011-03-05-DS-Quand-l\u2019IA-vient-a\u0300-l\u2019objet.pdf\" target=\"_blank\"><strong>Lire ici l&rsquo;article en PDF<\/strong><\/a><\/p>\n<p>&nbsp;<\/p>\n","protected":false},"excerpt":{"rendered":"<p>Membre de l&rsquo;AFIA (Association Fran\u00e7aise d&rsquo;Intelligence Artificielle), j&rsquo;ai particip\u00e9 \u00e0 une des revue (2011) de l&rsquo;association y \u00e9crivant un article sur l&rsquo;Objet comme nouvel horizon de l&rsquo;Intelligence Artificielle. Il fut un temps o\u00f9 l\u2019IA se confondait avec l\u2019informatique, un temps &hellip; <a href=\"https:\/\/dominique.sciamma.com\/?page_id=1064\">Lire la suite <span class=\"meta-nav\">&rarr;<\/span><\/a><\/p>\n","protected":false},"author":1,"featured_media":0,"parent":1059,"menu_order":2,"comment_status":"closed","ping_status":"open","template":"","meta":{"footnotes":""},"_links":{"self":[{"href":"https:\/\/dominique.sciamma.com\/index.php?rest_route=\/wp\/v2\/pages\/1064"}],"collection":[{"href":"https:\/\/dominique.sciamma.com\/index.php?rest_route=\/wp\/v2\/pages"}],"about":[{"href":"https:\/\/dominique.sciamma.com\/index.php?rest_route=\/wp\/v2\/types\/page"}],"author":[{"embeddable":true,"href":"https:\/\/dominique.sciamma.com\/index.php?rest_route=\/wp\/v2\/users\/1"}],"replies":[{"embeddable":true,"href":"https:\/\/dominique.sciamma.com\/index.php?rest_route=%2Fwp%2Fv2%2Fcomments&post=1064"}],"version-history":[{"count":10,"href":"https:\/\/dominique.sciamma.com\/index.php?rest_route=\/wp\/v2\/pages\/1064\/revisions"}],"predecessor-version":[{"id":1228,"href":"https:\/\/dominique.sciamma.com\/index.php?rest_route=\/wp\/v2\/pages\/1064\/revisions\/1228"}],"up":[{"embeddable":true,"href":"https:\/\/dominique.sciamma.com\/index.php?rest_route=\/wp\/v2\/pages\/1059"}],"wp:attachment":[{"href":"https:\/\/dominique.sciamma.com\/index.php?rest_route=%2Fwp%2Fv2%2Fmedia&parent=1064"}],"curies":[{"name":"wp","href":"https:\/\/api.w.org\/{rel}","templated":true}]}}