{"id":1070,"date":"2013-01-05T16:13:12","date_gmt":"2013-01-05T15:13:12","guid":{"rendered":"http:\/\/dominique.sciamma.com\/?page_id=1070"},"modified":"2018-05-19T06:10:07","modified_gmt":"2018-05-19T05:10:07","slug":"design-et-robotique","status":"publish","type":"page","link":"https:\/\/dominique.sciamma.com\/?page_id=1070","title":{"rendered":"Design et Robotique"},"content":{"rendered":"<p><strong>Le concept de Robot est au coeur de ma vision des enjeux du num\u00e9rique<\/strong>.<\/p>\n<p>Il s&rsquo;agit en effet d&rsquo;imaginer une nouvelle cat\u00e9gorie d&rsquo;objets &#8211; radicalement diff\u00e9rents &#8211; capables de percevoir leur environnement, d&rsquo;en avoir une repr\u00e9sentation, de prendre des d\u00e9cisions et d&rsquo;agir : c&rsquo;est l&rsquo;exacte d\u00e9finition d&rsquo;un robot.<\/p>\n<p>Nous nous \u00e9loignons donc (sans pour autant les abandonner) des imaginaires techniques \u00e9labor\u00e9s au XX\u00e8me si\u00e8cle o\u00f9 le robot humano\u00efde pr\u00e9domine. Ici, ce sont des objets du quotidien qui s&rsquo;animent : table, th\u00e9i\u00e8re, chaise, lit, voiture, etc.. Ce sont les fameux <strong>ROBJETS<\/strong>.<\/p>\n<p>J&rsquo;ai donn\u00e9 sur ce sujet une<a title=\"Interview du Grand Lyon sur la robotique de service (2011)\" href=\"http:\/\/dominique.sciamma.com\/?p=1420\"><strong> longue interview au magazine du Grand Lyon<\/strong><\/a> \u00e0 l&rsquo;occasion de la pr\u00e9paration de la premi\u00e8re session <a title=\"Le site d'INNOROBO\" href=\"http:\/\/www.innorobo.com\/\" target=\"_blank\"><strong>d&rsquo;INNOROBO<\/strong><\/a>.<\/p>\n<p>J&rsquo;ai aussi \u00e9crit un article dans la revue \u00ab\u00a0<strong>R\u00e9alit\u00e9s Industrielles<\/strong>\u00ab\u00a0, une publication des Annales des Mines : <a title=\"Vivre avec des robots - designer la relation\" href=\"http:\/\/dominique.sciamma.com\/wp-content\/uploads\/2013\/01\/Article-Dominique-SCIAMMA_RI-FEVRIER-2012.pdf\" target=\"_blank\"><strong>Vivre avec des Robots &#8211; Designer la relation<\/strong><\/a>.<\/p>\n<p>&nbsp;<\/p>\n<p>&nbsp;<\/p>\n","protected":false},"excerpt":{"rendered":"<p>Le concept de Robot est au coeur de ma vision des enjeux du num\u00e9rique. Il s&rsquo;agit en effet d&rsquo;imaginer une nouvelle cat\u00e9gorie d&rsquo;objets &#8211; radicalement diff\u00e9rents &#8211; capables de percevoir leur environnement, d&rsquo;en avoir une repr\u00e9sentation, de prendre des d\u00e9cisions &hellip; <a href=\"https:\/\/dominique.sciamma.com\/?page_id=1070\">Lire la suite <span class=\"meta-nav\">&rarr;<\/span><\/a><\/p>\n","protected":false},"author":1,"featured_media":0,"parent":1059,"menu_order":3,"comment_status":"closed","ping_status":"open","template":"","meta":{"footnotes":""},"_links":{"self":[{"href":"https:\/\/dominique.sciamma.com\/index.php?rest_route=\/wp\/v2\/pages\/1070"}],"collection":[{"href":"https:\/\/dominique.sciamma.com\/index.php?rest_route=\/wp\/v2\/pages"}],"about":[{"href":"https:\/\/dominique.sciamma.com\/index.php?rest_route=\/wp\/v2\/types\/page"}],"author":[{"embeddable":true,"href":"https:\/\/dominique.sciamma.com\/index.php?rest_route=\/wp\/v2\/users\/1"}],"replies":[{"embeddable":true,"href":"https:\/\/dominique.sciamma.com\/index.php?rest_route=%2Fwp%2Fv2%2Fcomments&post=1070"}],"version-history":[{"count":3,"href":"https:\/\/dominique.sciamma.com\/index.php?rest_route=\/wp\/v2\/pages\/1070\/revisions"}],"predecessor-version":[{"id":1426,"href":"https:\/\/dominique.sciamma.com\/index.php?rest_route=\/wp\/v2\/pages\/1070\/revisions\/1426"}],"up":[{"embeddable":true,"href":"https:\/\/dominique.sciamma.com\/index.php?rest_route=\/wp\/v2\/pages\/1059"}],"wp:attachment":[{"href":"https:\/\/dominique.sciamma.com\/index.php?rest_route=%2Fwp%2Fv2%2Fmedia&parent=1070"}],"curies":[{"name":"wp","href":"https:\/\/api.w.org\/{rel}","templated":true}]}}