{"id":1098,"date":"2013-01-06T11:25:26","date_gmt":"2013-01-06T10:25:26","guid":{"rendered":"http:\/\/dominique.sciamma.com\/?page_id=1098"},"modified":"2013-01-06T11:31:43","modified_gmt":"2013-01-06T10:31:43","slug":"fiction-interactive","status":"publish","type":"page","link":"https:\/\/dominique.sciamma.com\/?page_id=1098","title":{"rendered":"Fiction Interactive"},"content":{"rendered":"<p><strong>En 1996,<\/strong> j&rsquo;ai l&rsquo;id\u00e9e d&rsquo;une <a title=\"Tous en Cha\u00eene !\" href=\"http:\/\/dominique.sciamma.com\/wp-content\/uploads\/2013\/01\/TV-Interactive-Tous-en-Chaine-1996.pdf\" target=\"_blank\"><strong>fiction interactive<\/strong><\/a> sp\u00e9cialement con\u00e7ue pour l&rsquo;\u00e9mission \u00ab\u00a0<strong>Tous ensemble contre le SIDA<\/strong>\u00a0\u00bb organis\u00e9e par <strong>SIDACTION<\/strong> depuis 1994. A cette \u00e9poque, TOUTES les chaines \u00a0hertziennes (TF1,France2, France3, Canal+, Arte, M6) diffusent le m\u00eame programme simultan\u00e9ment. <strong>C&rsquo;est paradoxalement une occasion unique de mettre en oeuvre une fiction interactive en utilisant &#8230;. la Zapette !<\/strong><\/p>\n<hr \/>\n<p>L\u2019id\u00e9e &#8211; simple &#8211; permet \u00e0 l\u2019ensemble des t\u00e9l\u00e9spectateurs de la soir\u00e9e de participer interactivement \u00e0 cette s\u00e9quence, qui pourrait donc \u00eatre la <b>premi\u00e8re \u00e9mission r\u00e9ellement interactive de la t\u00e9l\u00e9vision Fran\u00e7aise<\/b>.<\/p>\n<h1>6 Canaux &#8230;.. et un Zappeur<\/h1>\n<p>En effet, lors de cette soir\u00e9e exceptionnelle, toutes les cha\u00eenes diffuseront le m\u00eame programme &#8211; ou plus exactement mettrons simultan\u00e9ment leur canal \u00e0 la disposition de la m\u00eame cause.<\/p>\n<p>En 1994, cela s\u2019est traduit par la diffusion sur les 6 cha\u00eenes du m\u00eame programme. Pour 1996, et sans remettre en cause ce principe g\u00e9n\u00e9ral de la soir\u00e9e, nous proposons d\u2019y inclure une \u00ab\u00a0fiction\u00a0\u00bb qui exploitera les 6 canaux disponibles de mani\u00e8re diff\u00e9renci\u00e9e mais synchronis\u00e9e, en d\u00e9veloppant sur chacun d\u2019entre eux les composants alternatifs d\u2019une fiction, et dans laquelle le t\u00e9l\u00e9spectateur se d\u00e9placera \u00e0 l\u2019aide &#8230; de son zappeur\u00a0!<\/p>\n<h1>Une Histoire en R\u00e9seau<\/h1>\n<p>Cette \u00ab\u00a0docu-fiction\u00a0\u00bb interactive &#8211; \u00e9videmment sur le th\u00e8me du SIDA &#8211; peut \u00eatre d\u00e9crite de la mani\u00e8re suivante\u00a0:<\/p>\n<p>1. Une sc\u00e8ne initiale, commune aux 6 cha\u00eenes, met en sc\u00e8ne 6 protagonistes diff\u00e9rents, dont les destin\u00e9es sont toutes li\u00e9es \u00e0 la maladie.<\/p>\n<p>2. A un moment donn\u00e9, on donne alors la possibilit\u00e9 au t\u00e9l\u00e9spectateur de choisir de suivre le personnage de son choix, qui se d\u00e9placera vers un autre lieu, c\u2019est-\u00e0-dire en fait sur une autre cha\u00eene. Pour ce faire, le t\u00e9l\u00e9spectateur n\u2019a qu\u2019\u00e0 zapper sur la cha\u00eene o\u00f9 se rend le personnage.<\/p>\n<p>3. A partir de ce moment les 6 cha\u00eenes ne diffusent plus la m\u00eame sc\u00e8ne, mais des sc\u00e8nes diff\u00e9rentes propres \u00e0 chaque personnage.<\/p>\n<p>4. Le principe peut \u00eatre appliqu\u00e9 de la m\u00eame mani\u00e8re plusieurs fois,<\/p>\n<p>5. Jusqu&rsquo;\u00e0 aboutir \u00e0 une sc\u00e8ne finale &#8211; \u00e9ventuellement commune &#8211; o\u00f9 se \u00ab\u00a0d\u00e9nouera\u00a0\u00bb cette fiction interactive.<\/p>\n<p>Dans chacun des lieux, l\u2019action sera d\u00e9velopp\u00e9e, mettant en sc\u00e8ne \u00e9ventuellement plusieurs de ces personnages, ou en en introduisant de nouveaux, que le spectateur pourra \u00e9ventuellement suivre aussi<\/p>\n<p>D\u2019autres \u00ab\u00a0structurations\u00a0\u00bb sont \u00e9videmment possibles, qui sont d\u00e9crites pr\u00e9cis\u00e9ment en\u00a0 annexe de ce document.<\/p>\n<p><b><br clear=\"all\" \/> <\/b><\/p>\n<h1>Une Occasion Unique \u00e0 Saisir<\/h1>\n<p>On l\u2019aura compris, l\u2019id\u00e9e d\u00e9crite dans ce document est simple \u00e0 mettre en \u0153uvre\u00a0: il suffit d\u2019exploiter des ressources existantes (les canaux respectifs des cha\u00eenes) et laisser interagir le t\u00e9l\u00e9spectateur via son zappeur pour pouvoir r\u00e9aliser la premi\u00e8re fiction r\u00e9ellement interactive de la T\u00e9l\u00e9vision Fran\u00e7aise.<\/p>\n<p><b>Il s\u2019agit d\u2019une occasion unique<\/b>\u00a0: <b>cette exp\u00e9rience ne peut \u00eatre men\u00e9e que lors de cette soir\u00e9e pas comme les autres<\/b>\u00a0: en effet, par son principe m\u00eame, c\u2019est le seul moment o\u00f9 les 6 cha\u00eenes de t\u00e9l\u00e9visions d\u00e9cident de mettre \u00e0 disposition leurs canaux respectifs.<\/p>\n<h1>Un Ev\u00e9nement dans une Soir\u00e9e Ev\u00e9nement<\/h1>\n<p>La soir\u00e9e \u00ab\u00a0Ensemble contre le Sida\u00a0\u00bb est un \u00e9v\u00e9nement. C\u2019est un \u00e9v\u00e9nement de par son th\u00e8me, de par la force de solidarit\u00e9 qu\u2019elle exprime, de par la r\u00e9union des esprits et des \u00e9nergies qu\u2019elle symbolise.<\/p>\n<p>En incluant dans cette soir\u00e9e-\u00e9v\u00e9nement, un autre \u00e9v\u00e9nement comme la premi\u00e8re \u00e9mission r\u00e9ellement interactive de la T\u00e9l\u00e9vision Fran\u00e7aise, l\u2019impact de cette soir\u00e9e en sera renforc\u00e9.<\/p>\n<p>De plus, du fait m\u00eame de son principe, les d\u00e9roulements multiples du docu-fiction viendront apporter une diversit\u00e9 dans une soir\u00e9e par d\u00e9finition unique dans son contenu. Et cette diversit\u00e9, loin de contredire l\u2019esprit de la soir\u00e9e, viendra au contraire illustrer la complexit\u00e9 de la maladie, comme la diversit\u00e9 des situations et des acteurs face au SIDA.<\/p>\n<h1>\u00ab\u00a0Tous en Cha\u00eene\u00a0!\u00a0\u00bb: Tout un Symbole<\/h1>\n<p>Si le sc\u00e9nario r\u00e9el de cette \u00e9mission reste \u00e0 \u00e9crire, nous proposons que le titre en soit\u00a0: <b>Tous en Cha\u00eene\u00a0!<\/b> A lui seul, ce titre encapsule tous les concepts et les forces qui doivent \u00eatre d\u00e9ploy\u00e9s face au Sida\u00a0:<\/p>\n<p>1. <i>Tous en cha\u00eene\u00a0!<\/i>\u00a0: Il nous parle des destin\u00e9es reli\u00e9es des personnages.<\/p>\n<p>2. <i>Tout s\u2019encha\u00eene\u00a0!<\/i>\u00a0: il fait r\u00e9f\u00e9rence au principe d\u2019interactivit\u00e9 ici propos\u00e9.<\/p>\n<p>3. <i>Tous en Cha\u00eene\u00a0!<\/i>\u00a0: Il d\u00e9crit la cha\u00eene de solidarit\u00e9 qui doit se mettre en place face \u00e0 la maladie<\/p>\n<p>4. <i>Tous en sc\u00e8ne\u00a0!<\/i>\u00a0: C\u2019est un appel \u00e0 l\u2019action de chacun d\u2019entre nous<\/p>\n<p>5. <i>Tous en cha\u00eene<\/i>\u00a0!\u00a0: Il s\u2019agit aussi d\u2019un clin d\u2019\u0153il aux cha\u00eenes de t\u00e9l\u00e9vision qui ouvrent leur canal \u00e0 cette initiative.<\/p>\n<hr \/>\n<h1 align=\"center\">Exemple 1\u00a0: Sc\u00e9narii Alternatifs<\/h1>\n<p>L\u2019id\u00e9e est ici de partir d\u2019une situation qui peut, \u00e0 un moment donn\u00e9, bifurquer vers deux suites possibles, suivant un choix binaire (\u00e0 la mani\u00e8re du film \u00ab\u00a0<i>Smoking &#8211; No smoking<\/i>\u00a0\u00bb par exemple).<\/p>\n<p>Chaque t\u00e9l\u00e9spectateur aura le choix entre deux possibilit\u00e9s, et suivant son choix, il zappera sur une cha\u00eene ou sur une autre.<\/p>\n<p>Dans l\u2019exemple illustr\u00e9 ci-dessous, on voit que l\u2019on peut d\u00e9velopper 6 sc\u00e9narii diff\u00e9rents.<\/p>\n<p align=\"center\"><a href=\"http:\/\/dominique.sciamma.com\/wp-content\/uploads\/2013\/01\/Tous-En-Chaine.jpg\"><img loading=\"lazy\" decoding=\"async\" class=\"alignnone size-large wp-image-1095\" alt=\"Tous-En-Chaine\" src=\"http:\/\/dominique.sciamma.com\/wp-content\/uploads\/2013\/01\/Tous-En-Chaine-852x1024.jpg\" width=\"584\" height=\"701\" srcset=\"https:\/\/dominique.sciamma.com\/wp-content\/uploads\/2013\/01\/Tous-En-Chaine-852x1024.jpg 852w, https:\/\/dominique.sciamma.com\/wp-content\/uploads\/2013\/01\/Tous-En-Chaine-249x300.jpg 249w, https:\/\/dominique.sciamma.com\/wp-content\/uploads\/2013\/01\/Tous-En-Chaine.jpg 1024w\" sizes=\"(max-width: 584px) 100vw, 584px\" \/><\/a><\/p>\n<p><b><i><br clear=\"all\" \/> <\/i><\/b><\/p>\n<h2 style=\"text-align: center;\">Exemple 2\u00a0: Suivre un personnage (d\u00e9but unique &#8211; fin unique)<\/h2>\n<p>Dans cet exemple, le t\u00e9l\u00e9spectateur choisit de suivre le personnage de son choix. <i>Suivre<\/i> signifie ici zapper sur la cha\u00eene o\u00f9 se \u00ab\u00a0rend\u00a0\u00bb le personnage. Rien n\u2019interdit de faire intervenir de nouveaux personnages en cours de route, et d\u2019en abandonner d\u2019autres.<\/p>\n<p>Dans l\u2019exemple ci-dessous, tous les 6 personnages finissent par se retrouver dans une fin unique.<\/p>\n<p><b><i><a href=\"http:\/\/dominique.sciamma.com\/wp-content\/uploads\/2013\/01\/Tous-En-Chaine-2.jpg\"><img loading=\"lazy\" decoding=\"async\" class=\"alignnone size-large wp-image-1099\" alt=\"Tous-En-Chaine-2\" src=\"http:\/\/dominique.sciamma.com\/wp-content\/uploads\/2013\/01\/Tous-En-Chaine-2-668x1024.jpg\" width=\"584\" height=\"895\" srcset=\"https:\/\/dominique.sciamma.com\/wp-content\/uploads\/2013\/01\/Tous-En-Chaine-2-668x1024.jpg 668w, https:\/\/dominique.sciamma.com\/wp-content\/uploads\/2013\/01\/Tous-En-Chaine-2-195x300.jpg 195w, https:\/\/dominique.sciamma.com\/wp-content\/uploads\/2013\/01\/Tous-En-Chaine-2.jpg 1024w\" sizes=\"(max-width: 584px) 100vw, 584px\" \/><\/a><br clear=\"all\" \/> <\/i><\/b><\/p>\n<h2><\/h2>\n<h2 style=\"text-align: center;\">Exemple 3\u00a0: Suivre un personnage (d\u00e9but unique &#8211; fin multiple)<\/h2>\n<p>Le principe est ici le m\u00eame que celui expos\u00e9 pr\u00e9c\u00e9demment, la seule diff\u00e9rence \u00e9tant que deux situations de fin sont ici propos\u00e9es. La premi\u00e8re r\u00e9unissant les personnages 1, 3 et 6. La seconde r\u00e9unissant les personnages 2,4 et 5.<\/p>\n<p><b><i><a href=\"http:\/\/dominique.sciamma.com\/wp-content\/uploads\/2013\/01\/Tous-En-Chaine-3.jpg\"><img loading=\"lazy\" decoding=\"async\" class=\"alignnone size-large wp-image-1102\" alt=\"Tous-En-Chaine-3\" src=\"http:\/\/dominique.sciamma.com\/wp-content\/uploads\/2013\/01\/Tous-En-Chaine-3-648x1024.jpg\" width=\"584\" height=\"922\" srcset=\"https:\/\/dominique.sciamma.com\/wp-content\/uploads\/2013\/01\/Tous-En-Chaine-3-648x1024.jpg 648w, https:\/\/dominique.sciamma.com\/wp-content\/uploads\/2013\/01\/Tous-En-Chaine-3-190x300.jpg 190w, https:\/\/dominique.sciamma.com\/wp-content\/uploads\/2013\/01\/Tous-En-Chaine-3.jpg 1024w\" sizes=\"(max-width: 584px) 100vw, 584px\" \/><\/a><br clear=\"all\" \/> <\/i><\/b><\/p>\n<h2>Exemple 4\u00a0:Suivre un personnage (d\u00e9but multiple- fin unique)<\/h2>\n<p>Dans cette structure, on d\u00e9cide de partir de 3 situations diff\u00e9rentes (caract\u00e9ristiques par exemple de 3 situations impliquant, par deux, les 6 personnages dont on raconte l\u2019histoire).<\/p>\n<p>Pour le reste, on applique le m\u00eame principe que dans les deux exemples pr\u00e9c\u00e9dents, pour aboutir cependant \u00e0 une fin unique regroupant tous les protagonistes.<\/p>\n<p><a href=\"http:\/\/dominique.sciamma.com\/wp-content\/uploads\/2013\/01\/Tous-En-Chaine-4.jpg\"><img loading=\"lazy\" decoding=\"async\" class=\"alignnone size-large wp-image-1103\" alt=\"Tous-En-Chaine-4\" src=\"http:\/\/dominique.sciamma.com\/wp-content\/uploads\/2013\/01\/Tous-En-Chaine-4-764x1024.jpg\" width=\"584\" height=\"782\" srcset=\"https:\/\/dominique.sciamma.com\/wp-content\/uploads\/2013\/01\/Tous-En-Chaine-4-764x1024.jpg 764w, https:\/\/dominique.sciamma.com\/wp-content\/uploads\/2013\/01\/Tous-En-Chaine-4-224x300.jpg 224w, https:\/\/dominique.sciamma.com\/wp-content\/uploads\/2013\/01\/Tous-En-Chaine-4.jpg 1024w\" sizes=\"(max-width: 584px) 100vw, 584px\" \/><\/a><\/p>\n","protected":false},"excerpt":{"rendered":"<p>En 1996, j&rsquo;ai l&rsquo;id\u00e9e d&rsquo;une fiction interactive sp\u00e9cialement con\u00e7ue pour l&rsquo;\u00e9mission \u00ab\u00a0Tous ensemble contre le SIDA\u00a0\u00bb organis\u00e9e par SIDACTION depuis 1994. A cette \u00e9poque, TOUTES les chaines \u00a0hertziennes (TF1,France2, France3, Canal+, Arte, M6) diffusent le m\u00eame programme simultan\u00e9ment. C&rsquo;est paradoxalement &hellip; <a href=\"https:\/\/dominique.sciamma.com\/?page_id=1098\">Lire la suite <span class=\"meta-nav\">&rarr;<\/span><\/a><\/p>\n","protected":false},"author":1,"featured_media":0,"parent":471,"menu_order":4,"comment_status":"closed","ping_status":"open","template":"","meta":{"footnotes":""},"_links":{"self":[{"href":"https:\/\/dominique.sciamma.com\/index.php?rest_route=\/wp\/v2\/pages\/1098"}],"collection":[{"href":"https:\/\/dominique.sciamma.com\/index.php?rest_route=\/wp\/v2\/pages"}],"about":[{"href":"https:\/\/dominique.sciamma.com\/index.php?rest_route=\/wp\/v2\/types\/page"}],"author":[{"embeddable":true,"href":"https:\/\/dominique.sciamma.com\/index.php?rest_route=\/wp\/v2\/users\/1"}],"replies":[{"embeddable":true,"href":"https:\/\/dominique.sciamma.com\/index.php?rest_route=%2Fwp%2Fv2%2Fcomments&post=1098"}],"version-history":[{"count":4,"href":"https:\/\/dominique.sciamma.com\/index.php?rest_route=\/wp\/v2\/pages\/1098\/revisions"}],"predecessor-version":[{"id":1108,"href":"https:\/\/dominique.sciamma.com\/index.php?rest_route=\/wp\/v2\/pages\/1098\/revisions\/1108"}],"up":[{"embeddable":true,"href":"https:\/\/dominique.sciamma.com\/index.php?rest_route=\/wp\/v2\/pages\/471"}],"wp:attachment":[{"href":"https:\/\/dominique.sciamma.com\/index.php?rest_route=%2Fwp%2Fv2%2Fmedia&parent=1098"}],"curies":[{"name":"wp","href":"https:\/\/api.w.org\/{rel}","templated":true}]}}