{"id":1119,"date":"2013-01-06T20:28:04","date_gmt":"2013-01-06T19:28:04","guid":{"rendered":"http:\/\/dominique.sciamma.com\/?page_id=1119"},"modified":"2013-01-06T23:23:44","modified_gmt":"2013-01-06T22:23:44","slug":"musetrek","status":"publish","type":"page","link":"https:\/\/dominique.sciamma.com\/?page_id=1119","title":{"rendered":"Musetrek"},"content":{"rendered":"<p>Partenaire du <a title=\"Le Laboratoire\" href=\"http:\/\/lelaboratoire.org\/\" target=\"_blank\"><strong>Laboratoire<\/strong><\/a> &#8211; cr\u00e9\u00e9 par <a title=\"David EDWARDS\" href=\"http:\/\/www.davidideas.com\/\" target=\"_blank\"><strong>David Edwards<\/strong><\/a> &#8211; depuis sa cr\u00e9ation, Strate a particip\u00e9 \u00e0 tous ses workshops d&rsquo;\u00e9t\u00e9.<br \/>\nLe premier d&rsquo;entre eux, en <strong>2008<\/strong>, \u00a0a vu na\u00eetre le projet <strong><a title=\"Musetrek\" href=\"http:\/\/www.musetrek.com\/areas\/paris\" target=\"_blank\">Musetrek<\/a><\/strong>, auquel plusieurs \u00e9tudiants de Strate ont collabor\u00e9.<\/p>\n<p><strong>Musetrek<\/strong> est bas\u00e9 sur l&rsquo;id\u00e9e qu&rsquo;il est possible de faire des mus\u00e9es &#8211; et plus g\u00e9n\u00e9ralement, de n&rsquo;importe quels lieux &#8211; des espaces de narration. Les auteurs du concept ont donc imagin\u00e9 un syst\u00e8me permettant \u00e0 la fois de <strong>construire des narrations<\/strong> interactives associ\u00e9es \u00e0 des stations dans des parcours (ces stations pouvant \u00eatre des oeuvres, dans un mus\u00e9e ou une exposition), mais aussi de les <strong>vivre<\/strong> en mode multim\u00e9dia.<\/p>\n<p><strong>Musetrek<\/strong> est donc \u00e0 la fois un <strong>environnement<\/strong> permettant <strong>d&rsquo;\u00e9crire<\/strong> ces parcours, mais aussi de les <strong>t\u00e9l\u00e9charger<\/strong> sur son SmartPhone, et de les <strong>vivre<\/strong>.<\/p>\n<p><strong>En ao\u00fbt 2009<\/strong>, lors du second workshop d&rsquo;\u00e9t\u00e9 du Laboratoire, et sous la direction de <a title=\"David FERRE sur Linkedin\" href=\"http:\/\/www.linkedin.com\/profile\/view?id=71900843&amp;locale=fr_FR&amp;trk=tyah\" target=\"_blank\"><strong>David FERRE<\/strong><\/a>, tout un groupe d&rsquo;\u00e9tudiants de Strate ont \u00e9crit des treks associ\u00e9s \u00e0 une exposition qui devait avoir lieu \u00e0 la Cit\u00e9 des Sciences et de l&rsquo;Industrie \u00ab\u00a0<a title=\"Batir avec des Grains\" href=\"http:\/\/www.cite-sciences.fr\/francais\/ala_cite\/expositions\/ma-terre-premiere\/data\/itineraire-de-visite_batiravecdesgrains.pdf\" target=\"_blank\"><strong>Batir avec des Grains<\/strong><\/a>\u00a0\u00bb en octobre 2009.<br \/>\nIl leur a \u00e9t\u00e9 demand\u00e9 de travailler sur plusieurs stations de l&rsquo;expo :<\/p>\n<ul>\n<li>Station B1\u00a0: (Liquide ou solide)<\/li>\n<li>Station B2\u00a0: (La peur du vide)<\/li>\n<li>Station B3\u00a0: (Les petits n\u2019aiment pas les gros)<\/li>\n<li>Station B4\u00a0: (Les cha\u00eenes de force)<\/li>\n<li>Station B5\u00a0: (L\u2019eau ennemie ou amie)<\/li>\n<li>Station B6 : (Les forces \u00e9lectrostatiques)<\/li>\n<\/ul>\n<p>J&rsquo;ai aussi particip\u00e9 \u00e0 l&rsquo;exercice, et ai donc produit 2 \u00ab\u00a0treks\u00a0\u00bb :<\/p>\n<ol>\n<li><span style=\"line-height: 15px;\"><a title=\"Le Grain Humain\" href=\"http:\/\/dominique.sciamma.com\/?p=1127\"><strong>Le Grain Humain<\/strong><\/a> :<br \/>\n<em>En quoi l\u2019\u00eatre humain, dans son corps, ses d\u00e9sirs, ses actions, ses relations aux hommes et au monde peut-il \u00eatre compar\u00e9 \u00e0 un grain\u00a0? Entre solitude et multitude,<\/em><br \/>\n<em> \u00ab\u00a0le grain humain\u00a0\u00bb prend pr\u00e9texte des concepts associ\u00e9s aux diverses tables de l\u2019exposition \u00ab\u00a0Grains de b\u00e2tisseurs\u00a0\u00bb pour interroger la condition humaine.<\/em><br \/>\n<\/span><\/li>\n<li><a title=\"Paroles de Dieux\" href=\"http:\/\/dominique.sciamma.com\/?p=1125\"><strong>Paroles de Dieux<\/strong><\/a> :<br \/>\n<em>Deux candidats \u00e0 \u00eatre les mentors de l\u2019humanit\u00e9 dialoguent dans plusieurs \u00ab\u00a0lieux\u00a0\u00bb d\u2019une Terre qui se proclame Sainte. Qui est qui\u00a0? Qui pense quoi\u00a0? De quelle vision de l\u2019homme sont-ils porteurs\u00a0? Quelles qualit\u00e9s leurs pr\u00eatent-ils\u00a0? \u00a0Les hommes sont-ils des grains indiff\u00e9renci\u00e9s dont on peut faire des ch\u00e2teaux de sable\u00a0? O\u00f9 des graines \u00a0singuli\u00e8res d\u2019o\u00f9 sortiront des arbres solides et autonomes\u00a0?<\/em><\/li>\n<\/ol>\n<p>&nbsp;<\/p>\n<p>&nbsp;<\/p>\n<p>&nbsp;<\/p>\n","protected":false},"excerpt":{"rendered":"<p>Partenaire du Laboratoire &#8211; cr\u00e9\u00e9 par David Edwards &#8211; depuis sa cr\u00e9ation, Strate a particip\u00e9 \u00e0 tous ses workshops d&rsquo;\u00e9t\u00e9. Le premier d&rsquo;entre eux, en 2008, \u00a0a vu na\u00eetre le projet Musetrek, auquel plusieurs \u00e9tudiants de Strate ont collabor\u00e9. Musetrek &hellip; <a href=\"https:\/\/dominique.sciamma.com\/?page_id=1119\">Lire la suite <span class=\"meta-nav\">&rarr;<\/span><\/a><\/p>\n","protected":false},"author":1,"featured_media":0,"parent":952,"menu_order":5,"comment_status":"closed","ping_status":"open","template":"","meta":{"footnotes":""},"_links":{"self":[{"href":"https:\/\/dominique.sciamma.com\/index.php?rest_route=\/wp\/v2\/pages\/1119"}],"collection":[{"href":"https:\/\/dominique.sciamma.com\/index.php?rest_route=\/wp\/v2\/pages"}],"about":[{"href":"https:\/\/dominique.sciamma.com\/index.php?rest_route=\/wp\/v2\/types\/page"}],"author":[{"embeddable":true,"href":"https:\/\/dominique.sciamma.com\/index.php?rest_route=\/wp\/v2\/users\/1"}],"replies":[{"embeddable":true,"href":"https:\/\/dominique.sciamma.com\/index.php?rest_route=%2Fwp%2Fv2%2Fcomments&post=1119"}],"version-history":[{"count":6,"href":"https:\/\/dominique.sciamma.com\/index.php?rest_route=\/wp\/v2\/pages\/1119\/revisions"}],"predecessor-version":[{"id":1122,"href":"https:\/\/dominique.sciamma.com\/index.php?rest_route=\/wp\/v2\/pages\/1119\/revisions\/1122"}],"up":[{"embeddable":true,"href":"https:\/\/dominique.sciamma.com\/index.php?rest_route=\/wp\/v2\/pages\/952"}],"wp:attachment":[{"href":"https:\/\/dominique.sciamma.com\/index.php?rest_route=%2Fwp%2Fv2%2Fmedia&parent=1119"}],"curies":[{"name":"wp","href":"https:\/\/api.w.org\/{rel}","templated":true}]}}