{"id":113,"date":"2012-12-22T17:25:10","date_gmt":"2012-12-22T16:25:10","guid":{"rendered":"http:\/\/dominique.sciamma.com\/?page_id=113"},"modified":"2012-12-29T14:56:07","modified_gmt":"2012-12-29T13:56:07","slug":"apres-le-ps","status":"publish","type":"page","link":"https:\/\/dominique.sciamma.com\/?page_id=113","title":{"rendered":"Apr\u00e8s le PS"},"content":{"rendered":"<p>Apr\u00e8s avoir quitt\u00e9 le PS en 2006 pour cause\u00a0d&rsquo;incompatibilit\u00e9 entre moi et la candidate choisie, je \u00ab\u00a0milite\u00a0\u00bb cependant activement pendant cette campagne, sur les blogs et par mail, en tentant d&rsquo;expliquer pourquoi je ne voterai par Royal, et me faisant l&rsquo;avocat de la cause de Fran\u00e7ois Bayrou, seul rempart \u00e0 mes yeux (et \u00e0 celui de 18% de la population \u00e9lectorale !) contre les 2 \u00ab\u00a0catastrophes\u00a0\u00bb que seraient Sarkozy ou Royal.<\/p>\n<p>A l&rsquo;issue de l&rsquo;\u00e9chec de S\u00e9gol\u00e8ne Royal, j&rsquo;\u00e9cris deux textes \u00e0 destination du courant Strauss-Kahnien (avant qu&rsquo;il ne se d\u00e9chire), l&rsquo;un sur la n\u00e9cessit\u00e9 d&rsquo;\u00eatre des socialistes du r\u00e9el, et l&rsquo;autre sur \u00ab\u00a0l&rsquo;individu promu\u00a0\u00bb.<\/p>\n<ul>\n<li><span style=\"line-height: 15px;\"><a title=\"Pourquoi je ne voterai pas Royal\u2026\" href=\"http:\/\/dominique.sciamma.com\/?p=317\">Pourquoi je ne voterai pas Royal<\/a>&#8230;<\/span><\/li>\n<li><a title=\"De la Rupture Social-d\u00e9mocrate : Socialistes du R\u00e9el\" href=\"http:\/\/dominique.sciamma.com\/?p=319\">De la rupture Social-d\u00e9mocrate<\/a><\/li>\n<li><a title=\"De l\u2019Individu Reconnu \u00e0 l\u2019Individu Promu\" href=\"http:\/\/dominique.sciamma.com\/?p=321\">De l&rsquo;individu reconnu \u00e0 l&rsquo;individu promu<\/a><\/li>\n<\/ul>\n<p>&nbsp;<\/p>\n","protected":false},"excerpt":{"rendered":"<p>Apr\u00e8s avoir quitt\u00e9 le PS en 2006 pour cause\u00a0d&rsquo;incompatibilit\u00e9 entre moi et la candidate choisie, je \u00ab\u00a0milite\u00a0\u00bb cependant activement pendant cette campagne, sur les blogs et par mail, en tentant d&rsquo;expliquer pourquoi je ne voterai par Royal, et me faisant &hellip; <a href=\"https:\/\/dominique.sciamma.com\/?page_id=113\">Lire la suite <span class=\"meta-nav\">&rarr;<\/span><\/a><\/p>\n","protected":false},"author":1,"featured_media":0,"parent":53,"menu_order":2,"comment_status":"closed","ping_status":"open","template":"","meta":{"footnotes":""},"_links":{"self":[{"href":"https:\/\/dominique.sciamma.com\/index.php?rest_route=\/wp\/v2\/pages\/113"}],"collection":[{"href":"https:\/\/dominique.sciamma.com\/index.php?rest_route=\/wp\/v2\/pages"}],"about":[{"href":"https:\/\/dominique.sciamma.com\/index.php?rest_route=\/wp\/v2\/types\/page"}],"author":[{"embeddable":true,"href":"https:\/\/dominique.sciamma.com\/index.php?rest_route=\/wp\/v2\/users\/1"}],"replies":[{"embeddable":true,"href":"https:\/\/dominique.sciamma.com\/index.php?rest_route=%2Fwp%2Fv2%2Fcomments&post=113"}],"version-history":[{"count":7,"href":"https:\/\/dominique.sciamma.com\/index.php?rest_route=\/wp\/v2\/pages\/113\/revisions"}],"predecessor-version":[{"id":619,"href":"https:\/\/dominique.sciamma.com\/index.php?rest_route=\/wp\/v2\/pages\/113\/revisions\/619"}],"up":[{"embeddable":true,"href":"https:\/\/dominique.sciamma.com\/index.php?rest_route=\/wp\/v2\/pages\/53"}],"wp:attachment":[{"href":"https:\/\/dominique.sciamma.com\/index.php?rest_route=%2Fwp%2Fv2%2Fmedia&parent=113"}],"curies":[{"name":"wp","href":"https:\/\/api.w.org\/{rel}","templated":true}]}}