{"id":1331,"date":"2017-01-08T20:11:44","date_gmt":"2017-01-08T19:11:44","guid":{"rendered":"http:\/\/dominique.sciamma.com\/?page_id=1331"},"modified":"2017-01-08T20:20:10","modified_gmt":"2017-01-08T19:20:10","slug":"hq-asia-hcli-spore","status":"publish","type":"page","link":"https:\/\/dominique.sciamma.com\/?page_id=1331","title":{"rendered":"HQ Asia &#8211; HCLI (S&rsquo;Pore)"},"content":{"rendered":"<p>Dans le cadre du montage du projet d&rsquo;installer Strate School of Design \u00e0 Singapour, je suis rentr\u00e9 en relation avec le <a title=\"Human Capital Leadership Institute\" href=\"http:\/\/www.hcli.org\/\" target=\"_blank\">Human Capital Leadership Institute<\/a> (HCLI), institut co-cr\u00e9\u00e9 par l&rsquo;EDB, le Ministry of Manpower et Singapore Management University. A ce titre, j&rsquo;ai contribu\u00e9 2 fois \u00e0 leur <a title=\"Aller vers la revue HQ Asia\" href=\"http:\/\/hqasia.org\/\" target=\"_blank\">revue en ligne,<\/a> et 1 fois leur revue papier.<br \/>\nVoici ces contributions :<\/p>\n<ul>\n<li><a title=\"A leader is a designer: why design thinking is no longer enough\" href=\"http:\/\/dominique.sciamma.com\/?p=1338\">A Leader is a Designer: Why Design Thinking is No Longer Enough<\/a><\/li>\n<li><a title=\"Post-Deep Learning: Is Deep Leading the Next Step?\" href=\"http:\/\/dominique.sciamma.com\/?p=1334\">Post-Deep Learning: Is Deep Leading the Next Step?<\/a><\/li>\n<\/ul>\n<p>&nbsp;<\/p>\n","protected":false},"excerpt":{"rendered":"<p>Dans le cadre du montage du projet d&rsquo;installer Strate School of Design \u00e0 Singapour, je suis rentr\u00e9 en relation avec le Human Capital Leadership Institute (HCLI), institut co-cr\u00e9\u00e9 par l&rsquo;EDB, le Ministry of Manpower et Singapore Management University. A ce &hellip; <a href=\"https:\/\/dominique.sciamma.com\/?page_id=1331\">Lire la suite <span class=\"meta-nav\">&rarr;<\/span><\/a><\/p>\n","protected":false},"author":1,"featured_media":0,"parent":387,"menu_order":0,"comment_status":"closed","ping_status":"closed","template":"","meta":{"footnotes":""},"_links":{"self":[{"href":"https:\/\/dominique.sciamma.com\/index.php?rest_route=\/wp\/v2\/pages\/1331"}],"collection":[{"href":"https:\/\/dominique.sciamma.com\/index.php?rest_route=\/wp\/v2\/pages"}],"about":[{"href":"https:\/\/dominique.sciamma.com\/index.php?rest_route=\/wp\/v2\/types\/page"}],"author":[{"embeddable":true,"href":"https:\/\/dominique.sciamma.com\/index.php?rest_route=\/wp\/v2\/users\/1"}],"replies":[{"embeddable":true,"href":"https:\/\/dominique.sciamma.com\/index.php?rest_route=%2Fwp%2Fv2%2Fcomments&post=1331"}],"version-history":[{"count":4,"href":"https:\/\/dominique.sciamma.com\/index.php?rest_route=\/wp\/v2\/pages\/1331\/revisions"}],"predecessor-version":[{"id":1340,"href":"https:\/\/dominique.sciamma.com\/index.php?rest_route=\/wp\/v2\/pages\/1331\/revisions\/1340"}],"up":[{"embeddable":true,"href":"https:\/\/dominique.sciamma.com\/index.php?rest_route=\/wp\/v2\/pages\/387"}],"wp:attachment":[{"href":"https:\/\/dominique.sciamma.com\/index.php?rest_route=%2Fwp%2Fv2%2Fmedia&parent=1331"}],"curies":[{"name":"wp","href":"https:\/\/api.w.org\/{rel}","templated":true}]}}