{"id":1355,"date":"2017-06-24T14:32:12","date_gmt":"2017-06-24T13:32:12","guid":{"rendered":"http:\/\/dominique.sciamma.com\/?page_id=1355"},"modified":"2017-11-04T11:55:08","modified_gmt":"2017-11-04T10:55:08","slug":"le-monde-des-grandes-ecole-universite","status":"publish","type":"page","link":"https:\/\/dominique.sciamma.com\/?page_id=1355","title":{"rendered":"Le Monde des Grandes Ecoles Universit\u00e9"},"content":{"rendered":"<p>En 2016, j&rsquo;ai commenc\u00e9 \u00e0 \u00e9crire pour ce magazine papier et en ligne sur des th\u00e9matiques li\u00e9es \u00e0 la p\u00e9dagogie, \u00e0 l&rsquo;entrepreneuriat ou au savoir \u00eatre, tous sujets auquel le Design n&rsquo;est \u00e9videmment pas \u00e9tranger.<\/p>\n<ul>\n<li><a title=\"Design : de la pens\u00e9e \u00e0 l\u2019action\" href=\"http:\/\/dominique.sciamma.com\/?p=1360\">Design : de la pens\u00e9e \u00e0 l&rsquo;action<\/a><\/li>\n<li><a title=\"Cultivons le monde ! Ou les nouveaux honn\u00eates hommes\" href=\"http:\/\/dominique.sciamma.com\/?p=1362\">Cultivons le monde<\/a> (ou les Nouveaux Honn\u00eates Hommes)<\/li>\n<li><a title=\"Entreprendre \u00e0 Dessein\" href=\"http:\/\/dominique.sciamma.com\/?p=1364\">Entreprendre \u00e0 dessein<\/a><\/li>\n<li><a title=\"Design moi un Manager\" href=\"http:\/\/dominique.sciamma.com\/?p=1385\">Design moi un Manager<\/a><\/li>\n<\/ul>\n<p>&nbsp;<\/p>\n<p>&nbsp;<\/p>\n","protected":false},"excerpt":{"rendered":"<p>En 2016, j&rsquo;ai commenc\u00e9 \u00e0 \u00e9crire pour ce magazine papier et en ligne sur des th\u00e9matiques li\u00e9es \u00e0 la p\u00e9dagogie, \u00e0 l&rsquo;entrepreneuriat ou au savoir \u00eatre, tous sujets auquel le Design n&rsquo;est \u00e9videmment pas \u00e9tranger. Design : de la pens\u00e9e &hellip; <a href=\"https:\/\/dominique.sciamma.com\/?page_id=1355\">Lire la suite <span class=\"meta-nav\">&rarr;<\/span><\/a><\/p>\n","protected":false},"author":1,"featured_media":0,"parent":387,"menu_order":0,"comment_status":"closed","ping_status":"closed","template":"","meta":{"footnotes":""},"_links":{"self":[{"href":"https:\/\/dominique.sciamma.com\/index.php?rest_route=\/wp\/v2\/pages\/1355"}],"collection":[{"href":"https:\/\/dominique.sciamma.com\/index.php?rest_route=\/wp\/v2\/pages"}],"about":[{"href":"https:\/\/dominique.sciamma.com\/index.php?rest_route=\/wp\/v2\/types\/page"}],"author":[{"embeddable":true,"href":"https:\/\/dominique.sciamma.com\/index.php?rest_route=\/wp\/v2\/users\/1"}],"replies":[{"embeddable":true,"href":"https:\/\/dominique.sciamma.com\/index.php?rest_route=%2Fwp%2Fv2%2Fcomments&post=1355"}],"version-history":[{"count":7,"href":"https:\/\/dominique.sciamma.com\/index.php?rest_route=\/wp\/v2\/pages\/1355\/revisions"}],"predecessor-version":[{"id":1387,"href":"https:\/\/dominique.sciamma.com\/index.php?rest_route=\/wp\/v2\/pages\/1355\/revisions\/1387"}],"up":[{"embeddable":true,"href":"https:\/\/dominique.sciamma.com\/index.php?rest_route=\/wp\/v2\/pages\/387"}],"wp:attachment":[{"href":"https:\/\/dominique.sciamma.com\/index.php?rest_route=%2Fwp%2Fv2%2Fmedia&parent=1355"}],"curies":[{"name":"wp","href":"https:\/\/api.w.org\/{rel}","templated":true}]}}