{"id":140,"date":"2012-12-22T21:19:25","date_gmt":"2012-12-22T20:19:25","guid":{"rendered":"http:\/\/dominique.sciamma.com\/?page_id=140"},"modified":"2012-12-23T12:33:43","modified_gmt":"2012-12-23T11:33:43","slug":"chroniques-du-lien","status":"publish","type":"page","link":"https:\/\/dominique.sciamma.com\/?page_id=140","title":{"rendered":"Chroniques du Lien"},"content":{"rendered":"<p>De 1990 \u00e0 1991, pendant mon expatriation \u00e0 Singapour, j&rsquo;ai tenu une rubrique consacr\u00e9e \u00e0 la BD dans le magazine de l&rsquo;Alliance Fran\u00e7aise.<\/p>\n<p>Chaque mois, j&rsquo;avais carte blanche pour aborder un h\u00e9ros de la BD franco-belge.<br \/>\nCela a \u00e9t\u00e9 un pr\u00e9texte \u00e0 aborder d&rsquo;autres point que la seule oeuvre ele-m\u00eame, et aussi \u00e0 beaucoup m&rsquo;amuser.<\/p>\n<p>En 2 ans, j&rsquo;ai ainsi pu traiter les sujets \u00a0suivants :<\/p>\n<ul>\n<li><span style=\"line-height: 15px;\"><a href=\"http:\/\/dominique.sciamma.com\/?p=242\" title=\"Tintin\">Tintin<\/a> : un t\u00e9moin du XX\u00e8me si\u00e8cle<\/span><\/li>\n<li><a href=\"http:\/\/dominique.sciamma.com\/?p=246\" title=\"Les Schtroumpfs\">Les Schtroumpfs<\/a> : du conte philosophique au merchandising<\/li>\n<li><a href=\"http:\/\/dominique.sciamma.com\/?p=248\" title=\"Le g\u00e9nie de Lagaffe\">le g\u00e9nie de Lagaffe<\/a> :\u00a0De la Gaffe consid\u00e9r\u00e9e comme un acte cr\u00e9ateur<\/li>\n<li><a href=\"http:\/\/dominique.sciamma.com\/?p=250\" title=\"Boule et Bill\">Boule et Bill<\/a> : la famille a du chien<\/li>\n<li><a href=\"http:\/\/dominique.sciamma.com\/?p=252\" title=\"Asterix le Gaulois\">Ast\u00e9rix<\/a> : Comment resister encore et toujours \u00e0 l&rsquo;envahisseur<\/li>\n<li><a href=\"http:\/\/dominique.sciamma.com\/?p=254\" title=\"Val\u00e9rian et Laureline\">Val\u00e9rian et Laureline<\/a> : toujours de temps en temps<\/li>\n<li><a href=\"http:\/\/dominique.sciamma.com\/?p=257\" title=\"Natacha\">Natacha<\/a> : toute ma vie, j&rsquo;ai r\u00eav\u00e9 d&rsquo;avoir els fesses en l&rsquo;air<\/li>\n<li><a href=\"http:\/\/dominique.sciamma.com\/?p=259\" title=\"Spirou et Fantasio\">Spirou et Fantasio<\/a> : Laissez le groom ouvrir la porte<\/li>\n<li><a href=\"http:\/\/dominique.sciamma.com\/?p=261\" title=\"Les Bidochon\">Les Bidochon<\/a> : et la tendresse bretelle !<\/li>\n<li><a href=\"http:\/\/dominique.sciamma.com\/?p=263\" title=\"Lucky Luke\">Lucky Luke<\/a> : le faiseur d&rsquo;Am\u00e9rique<\/li>\n<li><a href=\"http:\/\/dominique.sciamma.com\/?p=265\" title=\"Alix\">Alix<\/a> : il est vareuse ? Non, il est Tunique !<\/li>\n<li><a href=\"http:\/\/dominique.sciamma.com\/?p=267\" title=\"Ricky, Lucien, Gilou et les Autres\">Ricky, Gillou, Lucien et les autres<\/a> : sous le cuir le coeur<\/li>\n<li><a href=\"http:\/\/dominique.sciamma.com\/?p=269\" title=\"Blake, Mortimer et Olrik\">Blake, Mortimer et Olrik<\/a> : Je dois, Je Sais, Je Veux<\/li>\n<li><a href=\"http:\/\/dominique.sciamma.com\/?p=271\" title=\"BDelirium Tremens\">BDelirum Tremens<\/a> : INSEE rien, mais il dira tout !<\/li>\n<li><a href=\"http:\/\/dominique.sciamma.com\/?p=273\" title=\"Blueberry\">Blueberry<\/a> : Lieutenant en emporte le vent<\/li>\n<li><a href=\"http:\/\/dominique.sciamma.com\/?p=275\" title=\"Ad\u00e8le Blanc-Sec\">Ad\u00e9le Blanc-Sec<\/a> : une femme, le myst\u00e8re et Paris<\/li>\n<li><a href=\"http:\/\/dominique.sciamma.com\/?p=277\" title=\"Bulles de Savants\">Bulles de Savant<\/a> : Scientifiques et Bandes Dessin\u00e9es<\/li>\n<li><a href=\"http:\/\/dominique.sciamma.com\/?p=279\" title=\"La Rubrique-\u00e0-Brac\">La Rubrique-\u00e0-Bra<\/a>c : Accroche toi au pinceau car je retire l&rsquo;\u00e9chelle<\/li>\n<li><a href=\"http:\/\/dominique.sciamma.com\/?p=281\" title=\"Tintin \u00e0 Singapour\">Tintin \u00e0 Singapour<\/a> : A partir de maintenant, vous pourrez faire Tintin<\/li>\n<\/ul>\n<p>&nbsp;<\/p>\n","protected":false},"excerpt":{"rendered":"<p>De 1990 \u00e0 1991, pendant mon expatriation \u00e0 Singapour, j&rsquo;ai tenu une rubrique consacr\u00e9e \u00e0 la BD dans le magazine de l&rsquo;Alliance Fran\u00e7aise. Chaque mois, j&rsquo;avais carte blanche pour aborder un h\u00e9ros de la BD franco-belge. Cela a \u00e9t\u00e9 un &hellip; <a href=\"https:\/\/dominique.sciamma.com\/?page_id=140\">Lire la suite <span class=\"meta-nav\">&rarr;<\/span><\/a><\/p>\n","protected":false},"author":1,"featured_media":0,"parent":131,"menu_order":0,"comment_status":"closed","ping_status":"open","template":"","meta":{"footnotes":""},"_links":{"self":[{"href":"https:\/\/dominique.sciamma.com\/index.php?rest_route=\/wp\/v2\/pages\/140"}],"collection":[{"href":"https:\/\/dominique.sciamma.com\/index.php?rest_route=\/wp\/v2\/pages"}],"about":[{"href":"https:\/\/dominique.sciamma.com\/index.php?rest_route=\/wp\/v2\/types\/page"}],"author":[{"embeddable":true,"href":"https:\/\/dominique.sciamma.com\/index.php?rest_route=\/wp\/v2\/users\/1"}],"replies":[{"embeddable":true,"href":"https:\/\/dominique.sciamma.com\/index.php?rest_route=%2Fwp%2Fv2%2Fcomments&post=140"}],"version-history":[{"count":14,"href":"https:\/\/dominique.sciamma.com\/index.php?rest_route=\/wp\/v2\/pages\/140\/revisions"}],"predecessor-version":[{"id":200,"href":"https:\/\/dominique.sciamma.com\/index.php?rest_route=\/wp\/v2\/pages\/140\/revisions\/200"}],"up":[{"embeddable":true,"href":"https:\/\/dominique.sciamma.com\/index.php?rest_route=\/wp\/v2\/pages\/131"}],"wp:attachment":[{"href":"https:\/\/dominique.sciamma.com\/index.php?rest_route=%2Fwp%2Fv2%2Fmedia&parent=140"}],"curies":[{"name":"wp","href":"https:\/\/api.w.org\/{rel}","templated":true}]}}