{"id":2,"date":"2012-12-18T22:48:22","date_gmt":"2012-12-18T22:48:22","guid":{"rendered":"http:\/\/dominique.sciamma.com\/?page_id=2"},"modified":"2013-01-23T07:24:34","modified_gmt":"2013-01-23T06:24:34","slug":"page-d-exemple","status":"publish","type":"page","link":"https:\/\/dominique.sciamma.com\/","title":{"rendered":"Cr\u00e9er, D\u00e9velopper, Communiquer, Transmettre"},"content":{"rendered":"<p>Bienvenue sur mon site !<\/p>\n<p>Vous y trouverez les diverses traces, productions, et \u00e9crits commis depuis &#8230; longtemps.<\/p>\n<p>Qu&rsquo;ils soient personnels ou professionnels, ils t\u00e9moignent tous, il me semble, d&rsquo;un app\u00e9tit de cr\u00e9er, de d\u00e9velopper, de communiquer et de transmettre.<\/p>\n<p>De fait, j&rsquo;esp\u00e8re que vous y lirez une certaine coh\u00e9rence qui, de la Recherche \u00e0 la BD, de l&rsquo;intelligence Artificielle au Design, de la Politique \u00e0 la Philosophie, vient traverser et structurer un parcours.<\/p>\n<p>Je vous invite \u00e0 vous y \u00e9garer&#8230;<\/p>\n<p>Bonne lecture.<\/p>\n<p><strong>Dominique Sciamma<\/strong><\/p>\n","protected":false},"excerpt":{"rendered":"<p>Bienvenue sur mon site ! Vous y trouverez les diverses traces, productions, et \u00e9crits commis depuis &#8230; longtemps. Qu&rsquo;ils soient personnels ou professionnels, ils t\u00e9moignent tous, il me semble, d&rsquo;un app\u00e9tit de cr\u00e9er, de d\u00e9velopper, de communiquer et de transmettre. &hellip; <a href=\"https:\/\/dominique.sciamma.com\/\">Lire la suite <span class=\"meta-nav\">&rarr;<\/span><\/a><\/p>\n","protected":false},"author":1,"featured_media":0,"parent":0,"menu_order":0,"comment_status":"open","ping_status":"open","template":"","meta":{"footnotes":""},"_links":{"self":[{"href":"https:\/\/dominique.sciamma.com\/index.php?rest_route=\/wp\/v2\/pages\/2"}],"collection":[{"href":"https:\/\/dominique.sciamma.com\/index.php?rest_route=\/wp\/v2\/pages"}],"about":[{"href":"https:\/\/dominique.sciamma.com\/index.php?rest_route=\/wp\/v2\/types\/page"}],"author":[{"embeddable":true,"href":"https:\/\/dominique.sciamma.com\/index.php?rest_route=\/wp\/v2\/users\/1"}],"replies":[{"embeddable":true,"href":"https:\/\/dominique.sciamma.com\/index.php?rest_route=%2Fwp%2Fv2%2Fcomments&post=2"}],"version-history":[{"count":4,"href":"https:\/\/dominique.sciamma.com\/index.php?rest_route=\/wp\/v2\/pages\/2\/revisions"}],"predecessor-version":[{"id":874,"href":"https:\/\/dominique.sciamma.com\/index.php?rest_route=\/wp\/v2\/pages\/2\/revisions\/874"}],"wp:attachment":[{"href":"https:\/\/dominique.sciamma.com\/index.php?rest_route=%2Fwp%2Fv2%2Fmedia&parent=2"}],"curies":[{"name":"wp","href":"https:\/\/api.w.org\/{rel}","templated":true}]}}