{"id":340,"date":"2012-12-23T11:33:15","date_gmt":"2012-12-23T10:33:15","guid":{"rendered":"http:\/\/dominique.sciamma.com\/?page_id=340"},"modified":"2012-12-27T21:46:19","modified_gmt":"2012-12-27T20:46:19","slug":"tigre-tigre","status":"publish","type":"page","link":"https:\/\/dominique.sciamma.com\/?page_id=340","title":{"rendered":"Tigre, Tigre"},"content":{"rendered":"<p>En 1980, en visitant en famille le zoo de Vincennes avec une petite C\u00e9line de 3 ans, me vient une id\u00e9e de sc\u00e9nario de BD, inspir\u00e9e d&rsquo;abord de \u00a0la magie des lieux, mais aussi de Tardi et des aventures de son Ad\u00e8le, d&rsquo;Ars\u00e8ne Lupin, de Jack Williamson (et son roman \u00ab\u00a0Plus Noir que vous ne pensez\u00a0\u00bb), et de Carlos Castaneda (et son fantastique \u00ab\u00a0l&rsquo;herbe du diable et le petite Fum\u00e9e\u00a0\u00bb.<\/p>\n<p>L&rsquo;histoire se passe en 1936, juste avant la victoire du Front Populaire, et 2 ans apr\u00e8s l&rsquo;inauguration du Zoo de Vincennes. Elle m\u00ealera la mont\u00e9e du nazisme avec le chamanisme africain et le patriotisme radical d&rsquo;un h\u00e9ros un peu con, avec le zoo de Vincennes comme centre de gravit\u00e9.<\/p>\n<p><a href=\"http:\/\/dominique.sciamma.com\/?attachment_id=342\" rel=\"attachment wp-att-342\"><img loading=\"lazy\" decoding=\"async\" class=\"alignnone size-medium wp-image-342\" alt=\"Tigre-Tigre-couv-s\" src=\"http:\/\/dominique.sciamma.com\/wp-content\/uploads\/2012\/12\/Tigre-Tigre-couv-s-225x300.jpg\" width=\"550\" height=\"600\" \/><\/a><\/p>\n<p>Apr\u00e8s une \u00e9criture minutieuse du sc\u00e9nario (\u00e0 la machine \u00e0 \u00e9crire !), et un d\u00e9coupage, je me mets d&rsquo;abord \u00a0au travail avec mon fr\u00e8re Jean-Pierre au dessin.<\/p>\n<p>Puis, parce que nos calendriers divergent, je m&rsquo;associe \u00e0 Fran\u00e7ois Charlonnai, graphiste de mes amis (et sp\u00e9cialiste du motif de papier peint !), pour dessiner la moiti\u00e9 des 44 pages que devrait compter la BD.<br \/>\nNous irons la pr\u00e9senter, sans succ\u00e8s, \u00e0 divers \u00e9diteurs.<\/p>\n<p>Je r\u00e9alise alors un travail de novelisation du sc\u00e9nario, en vue de publication dans la revue \u00ab\u00a0J&rsquo;aime Lire\u00a0\u00bb de Bayard Presse. \u00a0La responsable est charm\u00e9e par l&rsquo;histoire, dont elle me demande cependant d&rsquo;all\u00e9ger quelques points (l&rsquo;enti-germanisme, inspir\u00e9 de Maurice Leblanc, puisque cela se passe en 1936), ainsi que la fin qu&rsquo;elle trouve peu positive. Ce que je fais, mais sans la convaincre.<\/p>\n<p>Depuis, l&rsquo;histoire dort, mais elle va se r\u00e9veiller j&rsquo;en suis s\u00fbr !<\/p>\n<p>Lire ! :\u00a0<a href=\"http:\/\/dominique.sciamma.com\/wp-content\/uploads\/2012\/12\/TIGRE-TIGRE.pdf\" rel=\"attachment wp-att-346\">TIGRE-TIGRE<\/a><\/p>\n","protected":false},"excerpt":{"rendered":"<p>En 1980, en visitant en famille le zoo de Vincennes avec une petite C\u00e9line de 3 ans, me vient une id\u00e9e de sc\u00e9nario de BD, inspir\u00e9e d&rsquo;abord de \u00a0la magie des lieux, mais aussi de Tardi et des aventures de &hellip; <a href=\"https:\/\/dominique.sciamma.com\/?page_id=340\">Lire la suite <span class=\"meta-nav\">&rarr;<\/span><\/a><\/p>\n","protected":false},"author":1,"featured_media":0,"parent":131,"menu_order":2,"comment_status":"closed","ping_status":"open","template":"","meta":{"footnotes":""},"_links":{"self":[{"href":"https:\/\/dominique.sciamma.com\/index.php?rest_route=\/wp\/v2\/pages\/340"}],"collection":[{"href":"https:\/\/dominique.sciamma.com\/index.php?rest_route=\/wp\/v2\/pages"}],"about":[{"href":"https:\/\/dominique.sciamma.com\/index.php?rest_route=\/wp\/v2\/types\/page"}],"author":[{"embeddable":true,"href":"https:\/\/dominique.sciamma.com\/index.php?rest_route=\/wp\/v2\/users\/1"}],"replies":[{"embeddable":true,"href":"https:\/\/dominique.sciamma.com\/index.php?rest_route=%2Fwp%2Fv2%2Fcomments&post=340"}],"version-history":[{"count":6,"href":"https:\/\/dominique.sciamma.com\/index.php?rest_route=\/wp\/v2\/pages\/340\/revisions"}],"predecessor-version":[{"id":344,"href":"https:\/\/dominique.sciamma.com\/index.php?rest_route=\/wp\/v2\/pages\/340\/revisions\/344"}],"up":[{"embeddable":true,"href":"https:\/\/dominique.sciamma.com\/index.php?rest_route=\/wp\/v2\/pages\/131"}],"wp:attachment":[{"href":"https:\/\/dominique.sciamma.com\/index.php?rest_route=%2Fwp%2Fv2%2Fmedia&parent=340"}],"curies":[{"name":"wp","href":"https:\/\/api.w.org\/{rel}","templated":true}]}}