{"id":351,"date":"2012-12-23T16:46:42","date_gmt":"2012-12-23T15:46:42","guid":{"rendered":"http:\/\/dominique.sciamma.com\/?page_id=351"},"modified":"2014-12-22T23:12:01","modified_gmt":"2014-12-22T22:12:01","slug":"le-tresor-de-la-grande-muraille","status":"publish","type":"page","link":"https:\/\/dominique.sciamma.com\/?page_id=351","title":{"rendered":"le Tr\u00e9sor de la Grande Muraille"},"content":{"rendered":"<p>Au retour de Singapour, fort d&rsquo;une id\u00e9e qui me hante depuis tr\u00e8s longtemps, je me mets \u00e0 \u00e9crire un nouveau sc\u00e9nario de BD, inspir\u00e9e de mes lectures d&rsquo;enfants dans l&rsquo;encyclop\u00e9die \u00ab\u00a0Tout l&rsquo;univers\u00a0\u00bb, \u00e0 propos de la Muraille de Chine..<\/p>\n<p>Je le soumets alors souvent \u00e0 la lecture critique de mes camarades <strong>Pierre Christin<\/strong> et <strong>Jean-Claude M\u00e9zi\u00e8res<\/strong>, les papas de <strong>Val\u00e9rian<\/strong> et Laureline.<\/p>\n<p>Il \u00e9volue vers un semi-novelisation. je ne veux en effet passer au d\u00e9coupage fin que si se pr\u00e9sente une perspective d&rsquo;aller au bout (j&rsquo;ai appris la quantit\u00e9 de travail que cela repr\u00e9sente lors de l&rsquo;\u00e9criture du sc\u00e9nario de \u00ab\u00a0<a title=\"Tigre, Tigre\" href=\"http:\/\/dominique.sciamma.com\/?page_id=340\">Tigre Tigre<\/a>\u00ab\u00a0.<\/p>\n<p>Pierre Christin me met un moment en relation avec Peter Lee, qui signe quelques adaptation BD de romans policiers sur des sc\u00e9narios de A.P Duchateau. Peter Lee, emball\u00e9 par <a href=\"http:\/\/dominique.sciamma.com\/wp-content\/uploads\/2012\/12\/Le-Tresor-de-la-Grande-Muraille.pdf\"><strong>le sc\u00e9nario<\/strong><\/a>, me travaille sur plusieurs planches pour me montrer ce que cela pourrait donner.<\/p>\n<p><a href=\"http:\/\/dominique.sciamma.com\/wp-content\/uploads\/2014\/12\/Peter-Li-planche-1.jpg\"><img loading=\"lazy\" decoding=\"async\" class=\"alignnone size-full wp-image-1235\" alt=\"Peter-Li-planche-1\" src=\"http:\/\/dominique.sciamma.com\/wp-content\/uploads\/2014\/12\/Peter-Li-planche-1.jpg\" width=\"840\" height=\"1128\" srcset=\"https:\/\/dominique.sciamma.com\/wp-content\/uploads\/2014\/12\/Peter-Li-planche-1.jpg 840w, https:\/\/dominique.sciamma.com\/wp-content\/uploads\/2014\/12\/Peter-Li-planche-1-223x300.jpg 223w, https:\/\/dominique.sciamma.com\/wp-content\/uploads\/2014\/12\/Peter-Li-planche-1-762x1024.jpg 762w\" sizes=\"(max-width: 840px) 100vw, 840px\" \/><\/a><\/p>\n<p><a href=\"http:\/\/dominique.sciamma.com\/wp-content\/uploads\/2014\/12\/Peter-Li-perso-4.jpg\"><img loading=\"lazy\" decoding=\"async\" class=\"alignnone size-full wp-image-1236\" alt=\"Peter-Li-perso-4\" src=\"http:\/\/dominique.sciamma.com\/wp-content\/uploads\/2014\/12\/Peter-Li-perso-4.jpg\" width=\"595\" height=\"842\" srcset=\"https:\/\/dominique.sciamma.com\/wp-content\/uploads\/2014\/12\/Peter-Li-perso-4.jpg 595w, https:\/\/dominique.sciamma.com\/wp-content\/uploads\/2014\/12\/Peter-Li-perso-4-211x300.jpg 211w\" sizes=\"(max-width: 595px) 100vw, 595px\" \/><\/a><\/p>\n<p><a href=\"http:\/\/dominique.sciamma.com\/wp-content\/uploads\/2014\/12\/Peter-Li-planche-2.jpg\"><img loading=\"lazy\" decoding=\"async\" class=\"alignnone size-full wp-image-1237\" alt=\"Peter-Li-planche-2\" src=\"http:\/\/dominique.sciamma.com\/wp-content\/uploads\/2014\/12\/Peter-Li-planche-2.jpg\" width=\"820\" height=\"1122\" srcset=\"https:\/\/dominique.sciamma.com\/wp-content\/uploads\/2014\/12\/Peter-Li-planche-2.jpg 820w, https:\/\/dominique.sciamma.com\/wp-content\/uploads\/2014\/12\/Peter-Li-planche-2-219x300.jpg 219w, https:\/\/dominique.sciamma.com\/wp-content\/uploads\/2014\/12\/Peter-Li-planche-2-748x1024.jpg 748w\" sizes=\"(max-width: 820px) 100vw, 820px\" \/><\/a><\/p>\n<p>Pris par ce nouveau projet que repr\u00e9sentent les \u00ab\u00a0<a title=\"Les Enfants d\u2019Eole\" href=\"http:\/\/dominique.sciamma.com\/?page_id=481\">Enfants d&rsquo;Eole<\/a>\u00ab\u00a0, je n&rsquo;avance pas plus avant sur le projet.<\/p>\n<p>Mais tout peut \u00eatre lu ici ! :\u00a0<strong><a href=\"http:\/\/dominique.sciamma.com\/wp-content\/uploads\/2012\/12\/Le-Tresor-de-la-Grande-Muraille.pdf\" rel=\"attachment wp-att-350\">Le-Tresor-de-la-Grande-Muraille<\/a><\/strong><\/p>\n","protected":false},"excerpt":{"rendered":"<p>Au retour de Singapour, fort d&rsquo;une id\u00e9e qui me hante depuis tr\u00e8s longtemps, je me mets \u00e0 \u00e9crire un nouveau sc\u00e9nario de BD, inspir\u00e9e de mes lectures d&rsquo;enfants dans l&rsquo;encyclop\u00e9die \u00ab\u00a0Tout l&rsquo;univers\u00a0\u00bb, \u00e0 propos de la Muraille de Chine.. Je &hellip; <a href=\"https:\/\/dominique.sciamma.com\/?page_id=351\">Lire la suite <span class=\"meta-nav\">&rarr;<\/span><\/a><\/p>\n","protected":false},"author":1,"featured_media":0,"parent":131,"menu_order":3,"comment_status":"closed","ping_status":"open","template":"","meta":{"footnotes":""},"_links":{"self":[{"href":"https:\/\/dominique.sciamma.com\/index.php?rest_route=\/wp\/v2\/pages\/351"}],"collection":[{"href":"https:\/\/dominique.sciamma.com\/index.php?rest_route=\/wp\/v2\/pages"}],"about":[{"href":"https:\/\/dominique.sciamma.com\/index.php?rest_route=\/wp\/v2\/types\/page"}],"author":[{"embeddable":true,"href":"https:\/\/dominique.sciamma.com\/index.php?rest_route=\/wp\/v2\/users\/1"}],"replies":[{"embeddable":true,"href":"https:\/\/dominique.sciamma.com\/index.php?rest_route=%2Fwp%2Fv2%2Fcomments&post=351"}],"version-history":[{"count":5,"href":"https:\/\/dominique.sciamma.com\/index.php?rest_route=\/wp\/v2\/pages\/351\/revisions"}],"predecessor-version":[{"id":1248,"href":"https:\/\/dominique.sciamma.com\/index.php?rest_route=\/wp\/v2\/pages\/351\/revisions\/1248"}],"up":[{"embeddable":true,"href":"https:\/\/dominique.sciamma.com\/index.php?rest_route=\/wp\/v2\/pages\/131"}],"wp:attachment":[{"href":"https:\/\/dominique.sciamma.com\/index.php?rest_route=%2Fwp%2Fv2%2Fmedia&parent=351"}],"curies":[{"name":"wp","href":"https:\/\/api.w.org\/{rel}","templated":true}]}}