{"id":356,"date":"2012-12-23T20:42:39","date_gmt":"2012-12-23T19:42:39","guid":{"rendered":"http:\/\/dominique.sciamma.com\/?page_id=356"},"modified":"2013-01-14T23:51:53","modified_gmt":"2013-01-14T22:51:53","slug":"alexandre-pierre-meilleur","status":"publish","type":"page","link":"https:\/\/dominique.sciamma.com\/?page_id=356","title":{"rendered":"Alexandre-Pierre Meilleur"},"content":{"rendered":"<p>En 1999, le fameux <strong>Atelier Sanzot<\/strong>, collectif d&rsquo;auteurs de BD Angoumois anim\u00e9 par <strong>Bernard Lambert<\/strong>, me propose de sc\u00e9nariser un album de BD que l&rsquo;<strong>Association pour l&rsquo;Am\u00e9lioration du Management<\/strong> se propose d&rsquo;offrir \u00e0 ses membres lors de leur convention annuelle, qui sera d\u00e9di\u00e9e aux nouvelles technologies.<\/p>\n<p>Il sera donc question d&rsquo;ordinateurs, de r\u00e9seaux, de management dans cette BD, et j&rsquo;anticipe l&rsquo;ennui qui saisira le lecteur \u00e0 cette perspective. Et ce d&rsquo;autant plus que <strong>je me propose de mettre en image une vision qui m&rsquo;habite depuis 20 d\u00e9j\u00e0, \u00e0 savoir l&rsquo;impact des NTIC sur la nature et l&rsquo;organisation de la soci\u00e9t\u00e9 humaine, o\u00f9 l&rsquo;intelligence des individus s&rsquo;appuie sur le r\u00e9seau pour enfin se d\u00e9ployer<\/strong>.<\/p>\n<p>Je d\u00e9cide donc de placer mon aventure \u00e0 la fin du XIX\u00e8me si\u00e8cle, en imaginant que <strong>Jules Verne<\/strong> vient visiter son \u00e9diteur <strong>Jules Hetzel<\/strong>, pour lui raconter son prochain roman, qui se passe en 1999, \u00e0 l&rsquo;aube du XXI\u00e8me si\u00e8cle, dans un Paris transform\u00e9 par la science. C&rsquo;est le talent de <a title=\"Le Blog de Bibeur Lu\" href=\"http:\/\/bibeurlu.blogspot.fr\/\" target=\"_blank\"><strong>Bibeur Lu<\/strong><\/a> qui donnera vie \u00e0 cet univers (\u00e0 noter que Bibeurlu est un obs\u00e9d\u00e9 de la 2CV, il y en a des bouts partout !).<\/p>\n<p><a title=\"Lire la BD !\" href=\"http:\/\/dominique.sciamma.com\/BD\/APM\/index.html\" target=\"_blank\" rel=\"attachment wp-att-353\"><img loading=\"lazy\" decoding=\"async\" class=\"alignnone  wp-image-353\" alt=\"apm-1ere-de-couv\" src=\"http:\/\/dominique.sciamma.com\/wp-content\/uploads\/2012\/12\/apm-1ere-de-couv.jpg\" width=\"550\" height=\"777\" srcset=\"https:\/\/dominique.sciamma.com\/wp-content\/uploads\/2012\/12\/apm-1ere-de-couv.jpg 595w, https:\/\/dominique.sciamma.com\/wp-content\/uploads\/2012\/12\/apm-1ere-de-couv-212x300.jpg 212w\" sizes=\"(max-width: 550px) 100vw, 550px\" \/><\/a><\/p>\n<p>J&rsquo;imagine que le g\u00e9nie de Jules Verne l&rsquo;a amen\u00e9 \u00e0 <strong>anticiper la naissance du Multim\u00e9dia et des r\u00e9seaux<\/strong> en ayant l&rsquo;intuition de marier le t\u00e9l\u00e9phone, le cin\u00e9ma, le phonographe, et la Machine de Babbage !<\/p>\n<p>On va donc suivre Alexandre-Pierre Meilleur (qui a les m\u00eames initiales que l&rsquo;APM) jeune professionnel embauch\u00e9 dans la tr\u00e8s grosse entreprise mondiale de mobiliers \u00e9lectriques (l&rsquo;internet des objets d\u00e9ja !), la bien nomm\u00e9e JCN (le contraire de HAL dans 2001 Odyss\u00e9e de l&rsquo;Espace).<\/p>\n<p>Il va se trouver confront\u00e9 aux modes de management anciens mais qui ne se savent pas d\u00e9pass\u00e9s (\u00e7a ne vous rappelle rien de familier ?), ainsi qu&rsquo;aux enjeux de pouvoirs associ\u00e9s. Mais la pertinence de sa d\u00e9marche aura raison des r\u00e9sistances aux changements !<\/p>\n<p><strong>A noter que cette BD a \u00e9t\u00e9 nomin\u00e9e aux Alphart du Festival d&rsquo;Angoul\u00e8me 2000<\/strong>, et devait d&rsquo;ailleurs remporter ce trop\u00e9e, avant que le directeur du Festival de l&rsquo;\u00e9poque n&rsquo;intervienne en pleine d\u00e9lib\u00e9ration pour imposer un ouvrage qui n&rsquo;avait m\u00eame pas \u00e9t\u00e9 d\u00e9pos\u00e9 dans les temps, et ne figurait donc pas dans les candidats \u00e9ligibles&#8230;<\/p>\n<p>A noter aussi que, <strong>Michel SERRES<\/strong> devant \u00eatre le <em>Keynote Speaker<\/em> de l&rsquo;\u00e9v\u00e9nement de l&rsquo;APM au Futuroscope, je lui demandais (via un <a title=\"Fax pour Michel SERRES\" href=\"http:\/\/dominique.sciamma.com\/?attachment_id=539 \" target=\"_blank\">FAX<\/a>) de r\u00e9diger la pr\u00e9face de cet ouvrage qui :<\/p>\n<p style=\"padding-left: 30px;\">\u00ab\u00a0<em>se propose moins de d\u00e9crire les avanc\u00e9es technologiques derni\u00e8res, que de les consid\u00e9rer comme la m\u00e9taphore moderne d\u2019une nouvelle soci\u00e9t\u00e9 en devenir (la soci\u00e9t\u00e9 en r\u00e9seau) ou individualit\u00e9, initiative et autonomie rimeraient avec solidarit\u00e9, projet collectif, et efficacit\u00e9<\/em>\u00ab\u00a0.<\/p>\n<p>Las ! Je ne re\u00e7us <strong>aucune r\u00e9ponse<\/strong> de notre philosophe \u00e0 l&rsquo;accent chantant, qui se fait aujourd&rsquo;hui le chantre (sinon le proph\u00e8te) de \u00ab\u00a0<a title=\"Petite Poucette aux Editions du Pommier\" href=\"http:\/\/www.editions-lepommier.fr\/ouvrage.asp?IDLivre=534\" target=\"_blank\">Petite Poucette<\/a>\u00a0\u00bb dans son dernier ouvrage :<\/p>\n<p style=\"padding-left: 30px;\"><em>\u00ab\u00a0Petite Poucette va devoir r\u00e9inventer une mani\u00e8re de vivre ensemble, des institutions, une mani\u00e8re d\u2019\u00eatre et de conna\u00eetre\u2026 D\u00e9bute une nouvelle \u00e8re qui verra le triomphe de la multitude, anonyme, sur les \u00e9lites dirigeantes, bien identifi\u00e9es ; du savoir discut\u00e9 sur les doctrines enseign\u00e9es ; d\u2019une soci\u00e9t\u00e9 immat\u00e9rielle librement connect\u00e9e sur la soci\u00e9t\u00e9 du spectacle \u00e0 sens unique\u2026<\/em><br \/>\n<em>Faisons donc confiance \u00e0 Petite Poucette pour mettre en \u0153uvre cette utopie, seule r\u00e9alit\u00e9 possible !\u00a0\u00bb<\/em><\/p>\n<p>On remarquera la similitude, mais avec 13 ans d&rsquo;\u00e9cart, entre les deux analyses<strong>. Il a donc fallu 13 ans \u00e0 Michel Serres<\/strong>\u00a0pour mettre des mots sur ce que cette BD d\u00e9crivait d\u00e9ja fin 1999&#8230;<\/p>\n<p><a title=\"Lire la BD !\" href=\"http:\/\/dominique.sciamma.com\/BD\/APM\/index.html\" target=\"_blank\"><strong>Vous pouvez lire la BD ici<\/strong><\/p>\n<p><\/a><\/p>\n<p><strong>et t\u00e9l\u00e9charger le sc\u00e9nario l\u00e0 : <a href=\"http:\/\/dominique.sciamma.com\/wp-content\/uploads\/2012\/12\/APM-scenar2.pdf\" rel=\"attachment wp-att-360\">APM scenar2<\/a><\/strong><\/p>\n","protected":false},"excerpt":{"rendered":"<p>En 1999, le fameux Atelier Sanzot, collectif d&rsquo;auteurs de BD Angoumois anim\u00e9 par Bernard Lambert, me propose de sc\u00e9nariser un album de BD que l&rsquo;Association pour l&rsquo;Am\u00e9lioration du Management se propose d&rsquo;offrir \u00e0 ses membres lors de leur convention annuelle, &hellip; <a href=\"https:\/\/dominique.sciamma.com\/?page_id=356\">Lire la suite <span class=\"meta-nav\">&rarr;<\/span><\/a><\/p>\n","protected":false},"author":1,"featured_media":0,"parent":131,"menu_order":4,"comment_status":"closed","ping_status":"open","template":"","meta":{"footnotes":""},"_links":{"self":[{"href":"https:\/\/dominique.sciamma.com\/index.php?rest_route=\/wp\/v2\/pages\/356"}],"collection":[{"href":"https:\/\/dominique.sciamma.com\/index.php?rest_route=\/wp\/v2\/pages"}],"about":[{"href":"https:\/\/dominique.sciamma.com\/index.php?rest_route=\/wp\/v2\/types\/page"}],"author":[{"embeddable":true,"href":"https:\/\/dominique.sciamma.com\/index.php?rest_route=\/wp\/v2\/users\/1"}],"replies":[{"embeddable":true,"href":"https:\/\/dominique.sciamma.com\/index.php?rest_route=%2Fwp%2Fv2%2Fcomments&post=356"}],"version-history":[{"count":16,"href":"https:\/\/dominique.sciamma.com\/index.php?rest_route=\/wp\/v2\/pages\/356\/revisions"}],"predecessor-version":[{"id":358,"href":"https:\/\/dominique.sciamma.com\/index.php?rest_route=\/wp\/v2\/pages\/356\/revisions\/358"}],"up":[{"embeddable":true,"href":"https:\/\/dominique.sciamma.com\/index.php?rest_route=\/wp\/v2\/pages\/131"}],"wp:attachment":[{"href":"https:\/\/dominique.sciamma.com\/index.php?rest_route=%2Fwp%2Fv2%2Fmedia&parent=356"}],"curies":[{"name":"wp","href":"https:\/\/api.w.org\/{rel}","templated":true}]}}