{"id":368,"date":"2012-12-23T21:37:46","date_gmt":"2012-12-23T20:37:46","guid":{"rendered":"http:\/\/dominique.sciamma.com\/?page_id=368"},"modified":"2013-01-08T23:05:55","modified_gmt":"2013-01-08T22:05:55","slug":"la-ballade-despagnac","status":"publish","type":"page","link":"https:\/\/dominique.sciamma.com\/?page_id=368","title":{"rendered":"La ballade d&rsquo;Espagnac"},"content":{"rendered":"<p><strong>En 2000<\/strong>, Toujours dans le cadre\u00a0de l&rsquo;<strong>Atelier Sanzot<\/strong>, son animateur <strong>Bernard Lambert<\/strong> me demande de sc\u00e9nariser une BD au format de poche, qui sera dessin\u00e9e par <strong>Eric Derian<\/strong>, et destin\u00e9e \u00e0 \u00eatre offerte aux personnes invit\u00e9es \u00e0 <strong>l&rsquo;anniversaire des 30 ans de l&rsquo;usine Schneider d&rsquo;Espagnac<\/strong>. Ex T\u00e9l\u00e9m\u00e9canique, cette usine constitue unimportant lieu de m\u00e9moire pour plusieurs g\u00e9n\u00e9ration de salari\u00e9s, pour qui elles repr\u00e9sente beaucoup.<\/p>\n<p>Je rencontre \u00e0 cette occasion un groupe de salari\u00e9s actuels, mais aussi d&rsquo;anciens, qui me racontent cette histoire, leur histoire, \u00e0 la fois faite d&rsquo;anecdote du quotidien, d&rsquo;histoires insolites, mais aussi de luttes.<\/p>\n<p>Je d\u00e9cide d&rsquo;inventer une histoire qui se mord la queue. La BD raconte donc l&rsquo;histoire d&rsquo;une toute nouvelle employ\u00e9e (<strong>Fr\u00e9d\u00e9rique<\/strong>) qui accueille un ancien pour participer avec elle \u00e0 une rencontre avec les auteurs d&rsquo;une future BD qui sera offerte \u00e0 l&rsquo;occasion des 30 ans de leur usine ! Ils partent donc \u00e0 la recherche des auteurs qui sont en train de visiter l&rsquo;usine, et au cours de leur ballade partage les souvenirs, mais aussi les projets de ce lieu si important \u00e0 leurs yeux.<\/p>\n<p><a title=\"Lire &quot;La ballade d'Espagnac&quot;\" href=\"http:\/\/dominique.sciamma.com\/BD\/ESPAGNAC\/\" target=\"_blank\" rel=\"attachment wp-att-355\"><img loading=\"lazy\" decoding=\"async\" class=\"alignnone size-full wp-image-355\" alt=\"ballade-d-espagnac-couverture\" src=\"http:\/\/dominique.sciamma.com\/wp-content\/uploads\/2012\/12\/ballade-d-espagnac-couverture.jpg\" width=\"680\" height=\"1000\" srcset=\"https:\/\/dominique.sciamma.com\/wp-content\/uploads\/2012\/12\/ballade-d-espagnac-couverture.jpg 680w, https:\/\/dominique.sciamma.com\/wp-content\/uploads\/2012\/12\/ballade-d-espagnac-couverture-204x300.jpg 204w\" sizes=\"(max-width: 680px) 100vw, 680px\" \/><\/a><\/p>\n<p>Ce n&rsquo;est qu&rsquo;\u00e0 l&rsquo;issue de cette balade qu&rsquo;ils retrouveront l&rsquo;\u00e9quipe des auteurs, qui se demandent bien ce qu&rsquo;ils vont pouvoir raconter&#8230;.<\/p>\n<p><a title=\"Lire &quot;La Ballade d'Espagnac&quot;\" href=\"http:\/\/dominique.sciamma.com\/BD\/ESPAGNAC\/\" target=\"_blank\"><strong>Vous pouvez lire la BD ici !<\/strong><\/p>\n<p><\/a><\/p>\n<p><a title=\"Le sc\u00e9nario de &quot;La ballade d'Espagnac&quot;\" href=\"http:\/\/dominique.sciamma.com\/wp-content\/uploads\/2013\/01\/scenario-espagnac-2000.pdf\" target=\"_blank\"><strong>Vous pouvez lire le sc\u00e9nario l\u00e0 !<\/strong><\/a><a href=\"http:\/\/dominique.sciamma.com\/?attachment_id=375\" rel=\"attachment wp-att-375\"><br \/>\n<\/a><\/p>\n<p>&nbsp;<\/p>\n","protected":false},"excerpt":{"rendered":"<p>En 2000, Toujours dans le cadre\u00a0de l&rsquo;Atelier Sanzot, son animateur Bernard Lambert me demande de sc\u00e9nariser une BD au format de poche, qui sera dessin\u00e9e par Eric Derian, et destin\u00e9e \u00e0 \u00eatre offerte aux personnes invit\u00e9es \u00e0 l&rsquo;anniversaire des 30 &hellip; <a href=\"https:\/\/dominique.sciamma.com\/?page_id=368\">Lire la suite <span class=\"meta-nav\">&rarr;<\/span><\/a><\/p>\n","protected":false},"author":1,"featured_media":0,"parent":131,"menu_order":5,"comment_status":"closed","ping_status":"open","template":"","meta":{"footnotes":""},"_links":{"self":[{"href":"https:\/\/dominique.sciamma.com\/index.php?rest_route=\/wp\/v2\/pages\/368"}],"collection":[{"href":"https:\/\/dominique.sciamma.com\/index.php?rest_route=\/wp\/v2\/pages"}],"about":[{"href":"https:\/\/dominique.sciamma.com\/index.php?rest_route=\/wp\/v2\/types\/page"}],"author":[{"embeddable":true,"href":"https:\/\/dominique.sciamma.com\/index.php?rest_route=\/wp\/v2\/users\/1"}],"replies":[{"embeddable":true,"href":"https:\/\/dominique.sciamma.com\/index.php?rest_route=%2Fwp%2Fv2%2Fcomments&post=368"}],"version-history":[{"count":7,"href":"https:\/\/dominique.sciamma.com\/index.php?rest_route=\/wp\/v2\/pages\/368\/revisions"}],"predecessor-version":[{"id":373,"href":"https:\/\/dominique.sciamma.com\/index.php?rest_route=\/wp\/v2\/pages\/368\/revisions\/373"}],"up":[{"embeddable":true,"href":"https:\/\/dominique.sciamma.com\/index.php?rest_route=\/wp\/v2\/pages\/131"}],"wp:attachment":[{"href":"https:\/\/dominique.sciamma.com\/index.php?rest_route=%2Fwp%2Fv2%2Fmedia&parent=368"}],"curies":[{"name":"wp","href":"https:\/\/api.w.org\/{rel}","templated":true}]}}