{"id":377,"date":"2012-12-23T22:40:45","date_gmt":"2012-12-23T21:40:45","guid":{"rendered":"http:\/\/dominique.sciamma.com\/?page_id=377"},"modified":"2012-12-23T22:56:55","modified_gmt":"2012-12-23T21:56:55","slug":"coide-poitum","status":"publish","type":"page","link":"https:\/\/dominique.sciamma.com\/?page_id=377","title":{"rendered":"Code Poitum"},"content":{"rendered":"<p>Suite au succ\u00e8s de la Balade d&rsquo;Espagnac, Schneider demande \u00e0 l&rsquo;Atelier Sanzot, et \u00e0 la m\u00eame \u00e9quipe (votre serviteur et Eric D\u00e9rian) de\u00a0r\u00e9it\u00e9rer\u00a0l&rsquo;exp\u00e9rience, mais cette fois-ci pour f\u00eater les 30 ans de l&rsquo;Usine de Chasseneuil du Poitou, fief du 1er Ministre de l&rsquo;\u00e9poque, \u00e0 savoir Jean-Pierre Raffarin !<\/p>\n<p>L&rsquo;id\u00e9e est cette fois-ci, l\u00e0 encore, de revisiter l&rsquo;histoire de l&rsquo;usine, qui a entre autre \u00e9t\u00e9 marqu\u00e9e par des luttes sociales importantes, lors de l&rsquo;int\u00e9gration de T\u00e9l\u00e9m\u00e9canique dans le groupe Schneider.<\/p>\n<p><img loading=\"lazy\" decoding=\"async\" class=\"alignnone size-full wp-image-354\" alt=\"code-poitum-couv\" src=\"http:\/\/dominique.sciamma.com\/wp-content\/uploads\/2012\/12\/code-poitum-couv.jpg\" width=\"600\" height=\"820\" srcset=\"https:\/\/dominique.sciamma.com\/wp-content\/uploads\/2012\/12\/code-poitum-couv.jpg 600w, https:\/\/dominique.sciamma.com\/wp-content\/uploads\/2012\/12\/code-poitum-couv-219x300.jpg 219w\" sizes=\"(max-width: 600px) 100vw, 600px\" \/><\/p>\n<p>Je d\u00e9cide de retrouver l&rsquo;h\u00e9roine de la Balade d&rsquo;Espagnac, Fr\u00e9d\u00e9rique, \u00a030 ans plus tard, en 2032 ! Elle accueille un jeune embauch\u00e9, \u00e0 qui elle va faire subir une sorte de voyage virtuel (mais l&rsquo;est-il vraiment) dans le pass\u00e9 pour comprendre les valeurs et l&rsquo;histoire de l&rsquo;usine. Il est ainsi renvoy\u00e9 dans un premier temps 30 ans en arri\u00e8re, en plein pendant l&rsquo;inauguration de cette f\u00eate par M. Raffarin lui-m\u00eame ! Il va faire ainsi plusieurs saut dans le temps (d&rsquo;o\u00f9 la r\u00e9f\u00e9rence \u00e0 Code Quantum).<\/p>\n<p>A noter que on m&rsquo;a demand\u00e9 de remplacer M. Raffarin par un notable quelconque, \u00e0 mon grand dam&#8230;.<\/p>\n<p>Vous pouvez lire la BD <a href=\"http:\/\/dominique.sciamma.com\/BD\/CODE-POITUM\/\">ici<\/a> !<\/p>\n<p>et t\u00e9l\u00e9charger le sc\u00e9nario l\u00e0 : <a href=\"http:\/\/dominique.sciamma.com\/?attachment_id=382\" rel=\"attachment wp-att-382\">scenario-code-poitum-2003<\/a><\/p>\n","protected":false},"excerpt":{"rendered":"<p>Suite au succ\u00e8s de la Balade d&rsquo;Espagnac, Schneider demande \u00e0 l&rsquo;Atelier Sanzot, et \u00e0 la m\u00eame \u00e9quipe (votre serviteur et Eric D\u00e9rian) de\u00a0r\u00e9it\u00e9rer\u00a0l&rsquo;exp\u00e9rience, mais cette fois-ci pour f\u00eater les 30 ans de l&rsquo;Usine de Chasseneuil du Poitou, fief du 1er &hellip; <a href=\"https:\/\/dominique.sciamma.com\/?page_id=377\">Lire la suite <span class=\"meta-nav\">&rarr;<\/span><\/a><\/p>\n","protected":false},"author":1,"featured_media":0,"parent":131,"menu_order":6,"comment_status":"closed","ping_status":"open","template":"","meta":{"footnotes":""},"_links":{"self":[{"href":"https:\/\/dominique.sciamma.com\/index.php?rest_route=\/wp\/v2\/pages\/377"}],"collection":[{"href":"https:\/\/dominique.sciamma.com\/index.php?rest_route=\/wp\/v2\/pages"}],"about":[{"href":"https:\/\/dominique.sciamma.com\/index.php?rest_route=\/wp\/v2\/types\/page"}],"author":[{"embeddable":true,"href":"https:\/\/dominique.sciamma.com\/index.php?rest_route=\/wp\/v2\/users\/1"}],"replies":[{"embeddable":true,"href":"https:\/\/dominique.sciamma.com\/index.php?rest_route=%2Fwp%2Fv2%2Fcomments&post=377"}],"version-history":[{"count":6,"href":"https:\/\/dominique.sciamma.com\/index.php?rest_route=\/wp\/v2\/pages\/377\/revisions"}],"predecessor-version":[{"id":380,"href":"https:\/\/dominique.sciamma.com\/index.php?rest_route=\/wp\/v2\/pages\/377\/revisions\/380"}],"up":[{"embeddable":true,"href":"https:\/\/dominique.sciamma.com\/index.php?rest_route=\/wp\/v2\/pages\/131"}],"wp:attachment":[{"href":"https:\/\/dominique.sciamma.com\/index.php?rest_route=%2Fwp%2Fv2%2Fmedia&parent=377"}],"curies":[{"name":"wp","href":"https:\/\/api.w.org\/{rel}","templated":true}]}}