{"id":387,"date":"2012-12-23T23:15:20","date_gmt":"2012-12-23T22:15:20","guid":{"rendered":"http:\/\/dominique.sciamma.com\/?page_id=387"},"modified":"2020-05-21T11:40:32","modified_gmt":"2020-05-21T10:40:32","slug":"chroniques","status":"publish","type":"page","link":"https:\/\/dominique.sciamma.com\/?page_id=387","title":{"rendered":"Articles"},"content":{"rendered":"<p>Chaque fois que j&rsquo;en ai eu l&rsquo;occasion, j&rsquo;ai \u00e9crit de mani\u00e8re r\u00e9guli\u00e8re dans des supports divers, papier d&rsquo;abord, puis \u00e9videmment, on line. Cela concernait autant mes passions, que des sujets plus professionnels.<\/p>\n<p><strong>De la bande dessin\u00e9e<\/strong><\/p>\n<ul>\n<li>Vous <a title=\"Chroniques du Lien, \u00e0 Singapour\" href=\"http:\/\/dominique.sciamma.com\/?page_id=140\">pouvez lire ici les chroniques BD <\/a>que j&rsquo;ai \u00e9crites pour le magazine de l&rsquo;Alliance Fran\u00e7aise \u00e0 Singapour, de 1990 \u00e0 1991.<\/li>\n<\/ul>\n<p><strong>De l&rsquo;informatique au technologies de l&rsquo;information<\/strong><\/p>\n<ul>\n<li>Quelques <a href=\"http:\/\/dominique.sciamma.com\/?page_id=459\">\u00e9ditos dans le Monde Informatique<\/a>, au d\u00e9but des ann\u00e9es 90.<\/li>\n<li>J&rsquo;ai particip\u00e9 pendant quelques ann\u00e9es aux <a title=\"RLSN\" href=\"http:\/\/dominique.sciamma.com\/?page_id=415\">d\u00e9bats organis\u00e9s par le magazine RSLN<\/a> (Regard Sur Le Num\u00e9rique) magazine plurim\u00e9dia (papier et online).<\/li>\n<\/ul>\n<p><strong>Enjeux soci\u00e9taux<\/strong><\/p>\n<ul>\n<li>J&rsquo;ai longtemps contribu\u00e9\u00a0 \u00e0 <a href=\"http:\/\/dominique.sciamma.com\/?page_id=422\">la revue du Cube<\/a>, centre de cr\u00e9ation num\u00e9rique de la vile d&rsquo;issy-les-Moulineaux, dont mon ami Florent Aziosmanoff est un des fondateurs et qui en a \u00e9t\u00e9 longtemps le directeur de la cr\u00e9ation.<\/li>\n<\/ul>\n<p><strong>De la politique<\/strong><\/p>\n<p><strong>Design etc.<\/strong><\/p>\n<p>&nbsp;<\/p>\n","protected":false},"excerpt":{"rendered":"<p>Chaque fois que j&rsquo;en ai eu l&rsquo;occasion, j&rsquo;ai \u00e9crit de mani\u00e8re r\u00e9guli\u00e8re dans des supports divers, papier d&rsquo;abord, puis \u00e9videmment, on line. Cela concernait autant mes passions, que des sujets plus professionnels. De la bande dessin\u00e9e Vous pouvez lire ici &hellip; <a href=\"https:\/\/dominique.sciamma.com\/?page_id=387\">Lire la suite <span class=\"meta-nav\">&rarr;<\/span><\/a><\/p>\n","protected":false},"author":1,"featured_media":0,"parent":952,"menu_order":3,"comment_status":"closed","ping_status":"open","template":"","meta":{"footnotes":""},"_links":{"self":[{"href":"https:\/\/dominique.sciamma.com\/index.php?rest_route=\/wp\/v2\/pages\/387"}],"collection":[{"href":"https:\/\/dominique.sciamma.com\/index.php?rest_route=\/wp\/v2\/pages"}],"about":[{"href":"https:\/\/dominique.sciamma.com\/index.php?rest_route=\/wp\/v2\/types\/page"}],"author":[{"embeddable":true,"href":"https:\/\/dominique.sciamma.com\/index.php?rest_route=\/wp\/v2\/users\/1"}],"replies":[{"embeddable":true,"href":"https:\/\/dominique.sciamma.com\/index.php?rest_route=%2Fwp%2Fv2%2Fcomments&post=387"}],"version-history":[{"count":12,"href":"https:\/\/dominique.sciamma.com\/index.php?rest_route=\/wp\/v2\/pages\/387\/revisions"}],"predecessor-version":[{"id":1441,"href":"https:\/\/dominique.sciamma.com\/index.php?rest_route=\/wp\/v2\/pages\/387\/revisions\/1441"}],"up":[{"embeddable":true,"href":"https:\/\/dominique.sciamma.com\/index.php?rest_route=\/wp\/v2\/pages\/952"}],"wp:attachment":[{"href":"https:\/\/dominique.sciamma.com\/index.php?rest_route=%2Fwp%2Fv2%2Fmedia&parent=387"}],"curies":[{"name":"wp","href":"https:\/\/api.w.org\/{rel}","templated":true}]}}