{"id":39,"date":"2012-12-22T08:05:24","date_gmt":"2012-12-22T07:05:24","guid":{"rendered":"http:\/\/dominique.sciamma.com\/?page_id=39"},"modified":"2013-04-18T16:09:07","modified_gmt":"2013-04-18T15:09:07","slug":"les-mathematiciens-preparent-la-revolution-entretien-avec-eric-cardot","status":"publish","type":"page","link":"https:\/\/dominique.sciamma.com\/?page_id=39","title":{"rendered":"\u00ab\u00a0Les math\u00e9maticiens pr\u00e9parent la r\u00e9volution\u00a0\u00bb"},"content":{"rendered":"<h2>Entretien avec Eric Cardot<\/h2>\n<p><a title=\"Eric Cardot\" href=\"http:\/\/strip-tease.france3.fr\/index.php?page=article&amp;numsite=5630&amp;id_rubrique=5642&amp;id_article=17354\" target=\"_blank\"><strong>Eric CARDOT<\/strong><\/a>, documentariste, a le projet de r\u00e9aliser un documentaire sur les math\u00e9maticiens qui ont choisi de faire autre chose que des math\u00e9matiques.<\/p>\n<p>Il m&rsquo;a contact\u00e9 apr\u00e8s avoir entendu mon intervention enregistr\u00e9e lors d&rsquo;une conf\u00e9rence de la Chaire \u00ab\u00a0<a title=\"Chaire Mod\u00e9lisation des Imaginaires\" href=\"http:\/\/imaginaires.telecom-paristech.fr\/\" target=\"_blank\"><strong>Mod\u00e9lisation des Imaginaires<\/strong><\/a>\u00ab\u00a0, dirig\u00e9e par <a title=\"Pierre MUSSO sur Wikipedia\" href=\"http:\/\/fr.wikipedia.org\/wiki\/Pierre_Musso\" target=\"_blank\"><strong>Pierre MUSSO,<\/strong><\/a> et \u00e0 laquelle Strate Coll\u00e8ge collabore.<\/p>\n<p>Nous avons donc pris rendez-vous, en mai dernier, pour que nous fassions connaissance, au travers de sa cam\u00e9ra.<b><br \/>\n<\/b><\/p>\n<p>Informelle, cette discussion film\u00e9e a \u00e9t\u00e9 pour moi l&rsquo;occasion d&rsquo;exprimer pour la premi\u00e8re fois un discours sur les math\u00e9matiques, l&rsquo;informatique, et le design.<\/p>\n<p>Je le partage avec vous aujourd&rsquo;hui.<\/p>\n<h2>Petite pr\u00e9sentation personnelle 1 : des maths \u00e0 la r\u00e9solution de probl\u00e8me<\/h2>\n<p><object id=\"dewtube1\" width=\"720\" height=\"396\" classid=\"clsid:d27cdb6e-ae6d-11cf-96b8-444553540000\" codebase=\"http:\/\/download.macromedia.com\/pub\/shockwave\/cabs\/flash\/swflash.cab#version=6,0,40,0\"><param name=\"allowFullScreen\" value=\"true\" \/><param name=\"quality\" value=\"high\" \/><param name=\"flashvars\" value=\"movie=http:\/\/dominique.sciamma.com\/video\/d-sciamma-eric-cardot-1.f4v\" \/><param name=\"src\" value=\"http:\/\/dominique.sciamma.com\/video\/dewtube.swf\" \/><param name=\"allowfullscreen\" value=\"true\" \/><embed id=\"dewtube1\" width=\"720\" height=\"396\" type=\"application\/x-shockwave-flash\" src=\"http:\/\/dominique.sciamma.com\/video\/dewtube.swf\" allowFullScreen=\"true\" quality=\"high\" flashvars=\"movie=http:\/\/dominique.sciamma.com\/video\/d-sciamma-eric-cardot-1.f4v\" allowfullscreen=\"true\" \/><\/object><\/p>\n<h2>Petite pr\u00e9sentation personnelle 2 : du multimedia au design<\/h2>\n<p><object id=\"dewtube2\" width=\"720\" height=\"396\" classid=\"clsid:d27cdb6e-ae6d-11cf-96b8-444553540000\" codebase=\"http:\/\/download.macromedia.com\/pub\/shockwave\/cabs\/flash\/swflash.cab#version=6,0,40,0\"><param name=\"allowFullScreen\" value=\"true\" \/><param name=\"quality\" value=\"high\" \/><param name=\"flashvars\" value=\"movie=http:\/\/dominique.sciamma.com\/video\/d-sciamma-eric-cardot-2.f4v\" \/><param name=\"src\" value=\"http:\/\/dominique.sciamma.com\/video\/dewtube.swf\" \/><param name=\"allowfullscreen\" value=\"true\" \/><embed id=\"dewtube2\" width=\"720\" height=\"396\" type=\"application\/x-shockwave-flash\" src=\"http:\/\/dominique.sciamma.com\/video\/dewtube.swf\" allowFullScreen=\"true\" quality=\"high\" flashvars=\"movie=http:\/\/dominique.sciamma.com\/video\/d-sciamma-eric-cardot-2.f4v\" allowfullscreen=\"true\" \/><\/object><\/p>\n<h2>Les math\u00e9matiques, l&rsquo;informatique, et moi<\/h2>\n<p><object id=\"dewtube3\" width=\"720\" height=\"396\" classid=\"clsid:d27cdb6e-ae6d-11cf-96b8-444553540000\" codebase=\"http:\/\/download.macromedia.com\/pub\/shockwave\/cabs\/flash\/swflash.cab#version=6,0,40,0\"><param name=\"allowFullScreen\" value=\"true\" \/><param name=\"quality\" value=\"high\" \/><param name=\"flashvars\" value=\"movie=http:\/\/dominique.sciamma.com\/video\/d-sciamma-eric-cardot-3.f4v\" \/><param name=\"src\" value=\"http:\/\/dominique.sciamma.com\/video\/dewtube.swf\" \/><param name=\"allowfullscreen\" value=\"true\" \/><embed id=\"dewtube3\" width=\"720\" height=\"396\" type=\"application\/x-shockwave-flash\" src=\"http:\/\/dominique.sciamma.com\/video\/dewtube.swf\" allowFullScreen=\"true\" quality=\"high\" flashvars=\"movie=http:\/\/dominique.sciamma.com\/video\/d-sciamma-eric-cardot-3.f4v\" allowfullscreen=\"true\" \/><\/object><\/p>\n<p>&nbsp;<\/p>\n<h2>Quel rapport avec le design ?<\/h2>\n<p><object id=\"dewtube4\" width=\"720\" height=\"396\" classid=\"clsid:d27cdb6e-ae6d-11cf-96b8-444553540000\" codebase=\"http:\/\/download.macromedia.com\/pub\/shockwave\/cabs\/flash\/swflash.cab#version=6,0,40,0\"><param name=\"allowFullScreen\" value=\"true\" \/><param name=\"quality\" value=\"high\" \/><param name=\"flashvars\" value=\"movie=http:\/\/dominique.sciamma.com\/video\/d-sciamma-eric-cardot-4.f4v\" \/><param name=\"src\" value=\"http:\/\/dominique.sciamma.com\/video\/dewtube.swf\" \/><param name=\"allowfullscreen\" value=\"true\" \/><embed id=\"dewtube4\" width=\"720\" height=\"396\" type=\"application\/x-shockwave-flash\" src=\"http:\/\/dominique.sciamma.com\/video\/dewtube.swf\" allowFullScreen=\"true\" quality=\"high\" flashvars=\"movie=http:\/\/dominique.sciamma.com\/video\/d-sciamma-eric-cardot-4.f4v\" allowfullscreen=\"true\" \/><\/object>ardot<\/p>\n","protected":false},"excerpt":{"rendered":"<p>Entretien avec Eric Cardot Eric CARDOT, documentariste, a le projet de r\u00e9aliser un documentaire sur les math\u00e9maticiens qui ont choisi de faire autre chose que des math\u00e9matiques. Il m&rsquo;a contact\u00e9 apr\u00e8s avoir entendu mon intervention enregistr\u00e9e lors d&rsquo;une conf\u00e9rence de &hellip; <a href=\"https:\/\/dominique.sciamma.com\/?page_id=39\">Lire la suite <span class=\"meta-nav\">&rarr;<\/span><\/a><\/p>\n","protected":false},"author":1,"featured_media":0,"parent":42,"menu_order":0,"comment_status":"open","ping_status":"open","template":"","meta":{"footnotes":""},"_links":{"self":[{"href":"https:\/\/dominique.sciamma.com\/index.php?rest_route=\/wp\/v2\/pages\/39"}],"collection":[{"href":"https:\/\/dominique.sciamma.com\/index.php?rest_route=\/wp\/v2\/pages"}],"about":[{"href":"https:\/\/dominique.sciamma.com\/index.php?rest_route=\/wp\/v2\/types\/page"}],"author":[{"embeddable":true,"href":"https:\/\/dominique.sciamma.com\/index.php?rest_route=\/wp\/v2\/users\/1"}],"replies":[{"embeddable":true,"href":"https:\/\/dominique.sciamma.com\/index.php?rest_route=%2Fwp%2Fv2%2Fcomments&post=39"}],"version-history":[{"count":11,"href":"https:\/\/dominique.sciamma.com\/index.php?rest_route=\/wp\/v2\/pages\/39\/revisions"}],"predecessor-version":[{"id":1174,"href":"https:\/\/dominique.sciamma.com\/index.php?rest_route=\/wp\/v2\/pages\/39\/revisions\/1174"}],"up":[{"embeddable":true,"href":"https:\/\/dominique.sciamma.com\/index.php?rest_route=\/wp\/v2\/pages\/42"}],"wp:attachment":[{"href":"https:\/\/dominique.sciamma.com\/index.php?rest_route=%2Fwp%2Fv2%2Fmedia&parent=39"}],"curies":[{"name":"wp","href":"https:\/\/api.w.org\/{rel}","templated":true}]}}