{"id":415,"date":"2012-12-24T08:28:10","date_gmt":"2012-12-24T07:28:10","guid":{"rendered":"http:\/\/dominique.sciamma.com\/?page_id=415"},"modified":"2013-02-16T22:32:32","modified_gmt":"2013-02-16T21:32:32","slug":"rsln","status":"publish","type":"page","link":"https:\/\/dominique.sciamma.com\/?page_id=415","title":{"rendered":"RSLN"},"content":{"rendered":"<p>RSLN (<a title=\"Site de Regard Sur Le Num\u00e9rique\" href=\"http:\/\/www.rslnmag.fr\/\" target=\"_blank\">Regard Sr Le Num\u00e9rique<\/a>) \u00a0est un laboratoire d\u2019id\u00e9es, de r\u00e9flexions et d\u2019exp\u00e9rimentations en ligne \u00e9dit\u00e9e par Microsoft, qui\u00a0croise les points de vue et perspectives sur les nouveaux enjeux \u2013 culturels, \u00e9conomiques, soci\u00e9taux &#8211; du monde num\u00e9rique.<\/p>\n<p><a href=\"http:\/\/dominique.sciamma.com\/?attachment_id=417\" rel=\"attachment wp-att-417\"><img loading=\"lazy\" decoding=\"async\" class=\"alignnone size-full wp-image-417\" alt=\"rsln_logo\" src=\"http:\/\/dominique.sciamma.com\/wp-content\/uploads\/2012\/12\/rsln_logo.gif\" width=\"305\" height=\"170\" \/><\/a><\/p>\n<p>A la demande de Constance Parodi, sa directrice d\u00e9l\u00e9gu\u00e9e, je participe depuis 2010 aux d\u00e9bats tr\u00e8s r\u00e9guliers que la revue organise sur des sujets soci\u00e9taux li\u00e9s au num\u00e9rique, aux c\u00f4t\u00e9s d&rsquo;experts, de professionnels ou d&rsquo;intellectuels.<\/p>\n<p>L&rsquo;exercice, tr\u00e8s int\u00e9ressant, est de r\u00e9pondre \u00e0 une question pos\u00e9e par la revue de fa\u00e7on synth\u00e9tique, \u00e0 la mani\u00e8re d&rsquo;un \u00e9dito, en moins de 2000 signes !<br \/>\nEt voici le r\u00e9sultat :<\/p>\n<ul>\n<li><a title=\"Apprendre plut\u00f4t qu\u2019enseigner\" href=\"http:\/\/dominique.sciamma.com\/?p=1153\">Apprendre plut\u00f4t qu&rsquo;enseigner<\/a> : (Le E-Learning est-il l&rsquo;avenir de l&rsquo;\u00e9ducation ?)<\/li>\n<li><a title=\"L\u2019\u00e9chec est en nous ! (mais rien n\u2019est perdu)\" href=\"http:\/\/dominique.sciamma.com\/?p=413\">L&rsquo;Echec est en Nous !<\/a> : (Innovation : avons-nous trop \u00a0peur de l&rsquo;\u00e9chec ?)<\/li>\n<li><a title=\"Back to the future\" href=\"http:\/\/dominique.sciamma.com\/?p=411\">Back to the Future<\/a> : (Et maintenant quelles politiques num\u00e9riques ?)<\/li>\n<li><a title=\"[D\u00e9]Coder le Monde\" href=\"http:\/\/dominique.sciamma.com\/?p=409\">(D\u00e9)Coder le Monde<\/a> : (Demain, tous codeurs ?)<\/li>\n<li><a title=\"Apprendre en cr\u00e9ant !\" href=\"http:\/\/dominique.sciamma.com\/?p=407\">Apprendre en cr\u00e9ant<\/a> : (Est-ce que l&rsquo;on apprend mieux en jouant ?)<\/li>\n<li><a title=\"Ad Codex Aeternam\" href=\"http:\/\/dominique.sciamma.com\/?p=402\">Ad Codex Aeternam <\/a>: (Le Livre Num\u00e9rique, c&rsquo;est pour bient\u00f4t ?)<\/li>\n<li><a title=\"Six point z\u00e9ro\" href=\"http:\/\/dominique.sciamma.com\/?p=400\">6.0<\/a> : (C&rsquo;est quoi un E-Gouvernement ?)<\/li>\n<li><a title=\"Sur un petit nuage\" href=\"http:\/\/dominique.sciamma.com\/?p=398\">Sur un Petit Nuage<\/a> : (Le Cloud, Buzzword ou R\u00e9volution ?)<\/li>\n<li><a title=\"Quand les th\u00e9i\u00e8res cafteront\u2026\" href=\"http:\/\/dominique.sciamma.com\/?p=395\">Quand les Th\u00e9i\u00e8res Cafteront <\/a>: (Donn\u00e9es personnelles : quel contrat de confiance entre les internautes et les professionnels du web ?)<\/li>\n<li><a title=\"Du contenu, des contenants\u2026\" href=\"http:\/\/dominique.sciamma.com\/?p=392\">Du Contenu, des Contenants<\/a> :\u00a0(Grand Emprunt et Num\u00e9rique : 2 Md d\u00a0\u00bbeuro pour des contenus, mais lesquels ?)<\/li>\n<li><a title=\"Num\u00e9risons l\u2019\u00e9ducation\" href=\"http:\/\/dominique.sciamma.com\/?p=390\">Num\u00e9risons l&rsquo;Education<\/a> : (Education au Num\u00e9rique : qui doit s&rsquo;en charger ?)<\/li>\n<\/ul>\n","protected":false},"excerpt":{"rendered":"<p>RSLN (Regard Sr Le Num\u00e9rique) \u00a0est un laboratoire d\u2019id\u00e9es, de r\u00e9flexions et d\u2019exp\u00e9rimentations en ligne \u00e9dit\u00e9e par Microsoft, qui\u00a0croise les points de vue et perspectives sur les nouveaux enjeux \u2013 culturels, \u00e9conomiques, soci\u00e9taux &#8211; du monde num\u00e9rique. A la demande &hellip; <a href=\"https:\/\/dominique.sciamma.com\/?page_id=415\">Lire la suite <span class=\"meta-nav\">&rarr;<\/span><\/a><\/p>\n","protected":false},"author":1,"featured_media":0,"parent":387,"menu_order":1,"comment_status":"closed","ping_status":"open","template":"","meta":{"footnotes":""},"_links":{"self":[{"href":"https:\/\/dominique.sciamma.com\/index.php?rest_route=\/wp\/v2\/pages\/415"}],"collection":[{"href":"https:\/\/dominique.sciamma.com\/index.php?rest_route=\/wp\/v2\/pages"}],"about":[{"href":"https:\/\/dominique.sciamma.com\/index.php?rest_route=\/wp\/v2\/types\/page"}],"author":[{"embeddable":true,"href":"https:\/\/dominique.sciamma.com\/index.php?rest_route=\/wp\/v2\/users\/1"}],"replies":[{"embeddable":true,"href":"https:\/\/dominique.sciamma.com\/index.php?rest_route=%2Fwp%2Fv2%2Fcomments&post=415"}],"version-history":[{"count":6,"href":"https:\/\/dominique.sciamma.com\/index.php?rest_route=\/wp\/v2\/pages\/415\/revisions"}],"predecessor-version":[{"id":1147,"href":"https:\/\/dominique.sciamma.com\/index.php?rest_route=\/wp\/v2\/pages\/415\/revisions\/1147"}],"up":[{"embeddable":true,"href":"https:\/\/dominique.sciamma.com\/index.php?rest_route=\/wp\/v2\/pages\/387"}],"wp:attachment":[{"href":"https:\/\/dominique.sciamma.com\/index.php?rest_route=%2Fwp%2Fv2%2Fmedia&parent=415"}],"curies":[{"name":"wp","href":"https:\/\/api.w.org\/{rel}","templated":true}]}}