{"id":422,"date":"2012-12-24T08:43:14","date_gmt":"2012-12-24T07:43:14","guid":{"rendered":"http:\/\/dominique.sciamma.com\/?page_id=422"},"modified":"2018-02-17T18:58:44","modified_gmt":"2018-02-17T17:58:44","slug":"la-revue-du-cube","status":"publish","type":"page","link":"https:\/\/dominique.sciamma.com\/?page_id=422","title":{"rendered":"La Revue du Cube"},"content":{"rendered":"<p>Le Cube est le premier <a title=\"Le Cube\" href=\"http:\/\/www.lecube.com\/\" target=\"_blank\">Centre de cr\u00e9ation Num\u00e9rique<\/a> jamais cr\u00e9\u00e9 en France.<\/p>\n<p><a href=\"http:\/\/dominique.sciamma.com\/?attachment_id=429\" rel=\"attachment wp-att-429\"><img loading=\"lazy\" decoding=\"async\" class=\"alignnone size-medium wp-image-429\" alt=\"le cube logo\" src=\"http:\/\/dominique.sciamma.com\/wp-content\/uploads\/2012\/12\/le-cube-logo-300x234.gif\" width=\"300\" height=\"234\" srcset=\"https:\/\/dominique.sciamma.com\/wp-content\/uploads\/2012\/12\/le-cube-logo-300x234.gif 300w, https:\/\/dominique.sciamma.com\/wp-content\/uploads\/2012\/12\/le-cube-logo-1024x800.gif 1024w, https:\/\/dominique.sciamma.com\/wp-content\/uploads\/2012\/12\/le-cube-logo-383x300.gif 383w\" sizes=\"(max-width: 300px) 100vw, 300px\" \/><\/a><\/p>\n<p>Port\u00e9 par l&rsquo;association ART3000, pour le compte de la ville d&rsquo;Issy-les-Moulineaux, le Centre est dirig\u00e9 par Nils Aziosmanoff et St\u00e9phanie Fraysse-Ripert, \u00a0sa direction de la cr\u00e9ation \u00e9tant assur\u00e9e par mon ami Florent Aziosmanoff.<\/p>\n<p>Art3000 et Le Cube d\u00e9friche depuis plus de 20 ans les Terra Incognita de l&rsquo;Art Num\u00e9rique, et Florent Aziosmanoff y occupe une place d\u00e9terminante en th\u00e9orisant ce qu&rsquo;il appelle le \u00ab\u00a0<a title=\"Le livre de Florent Aziosmanoff\" href=\"http:\/\/www.cnrseditions.fr\/Art\/6207-living-art-florent-aziosmanoff.html\" target=\"_blank\">Living Art<\/a>\u00ab\u00a0, et qui est le pendant de ce que nous appelons le \u00ab\u00a0Living Design\u00a0\u00bb.<\/p>\n<p>Lanc\u00e9e en 2011, <a title=\"La Revue du Cube\" href=\"http:\/\/www.cuberevue.com\/\" target=\"_blank\">la Revue du Cube<\/a>\u00a0\u00a0se propose de croiser les regards de praticiens, d\u2019artistes, de chercheurs, de personnalit\u00e9s et d\u2019experts venus d\u2019horizons diff\u00e9rents. Chaque num\u00e9ro s\u2019articule autour d\u2019une th\u00e9matique qui traduit les tendances \u00e9mergentes.<\/p>\n<p><a href=\"http:\/\/dominique.sciamma.com\/?attachment_id=428\" rel=\"attachment wp-att-428\"><img loading=\"lazy\" decoding=\"async\" class=\"alignnone size-medium wp-image-428\" alt=\"larevue-du-cube\" src=\"http:\/\/dominique.sciamma.com\/wp-content\/uploads\/2012\/12\/larevue-du-cube-300x164.jpg\" width=\"300\" height=\"164\" srcset=\"https:\/\/dominique.sciamma.com\/wp-content\/uploads\/2012\/12\/larevue-du-cube-300x164.jpg 300w, https:\/\/dominique.sciamma.com\/wp-content\/uploads\/2012\/12\/larevue-du-cube.jpg 455w\" sizes=\"(max-width: 300px) 100vw, 300px\" \/><\/a><\/p>\n<p>R\u00e9mi Hoche, son r\u00e9dacteur en chef, m&rsquo;a demand\u00e9 de participer \u00e0 plusieurs num\u00e9ros :<\/p>\n<ul>\n<li><a title=\"Pour un vivre ensemble digital\" href=\"http:\/\/dominique.sciamma.com\/?p=432\">Pour un vivre ensemble digital <\/a>: (La confiance \u00e0 l\u2019\u00e8re du num\u00e9rique)<\/li>\n<li><a title=\"De l\u2019empathie \u00e0 l\u2019intelligence\" href=\"http:\/\/dominique.sciamma.com\/?p=434\">Les neurones r\u00e9sonnent, les r\u00e9seaux raisonnent \u2026 et inversement<\/a> : (Le num\u00e9rique est-il une chance pour construire une soci\u00e9t\u00e9 de l\u2019empathie ?)<\/li>\n<li><a title=\"Singulier, comme d'habitude\" href=\"http:\/\/dominique.sciamma.com\/?p=1176\">Singulier, comme d&rsquo;habitude <\/a>: (Apr\u00e8s l&rsquo;humain ?)<\/li>\n<li><a title=\"La 5\u00e8me Internationale\" href=\"http:\/\/dominique.sciamma.com\/?p=1202\">La 5\u00e8me Internationale <\/a>: (Cr\u00e9ativit\u00e9)<\/li>\n<li><a title=\"Penser\" href=\"http:\/\/dominique.sciamma.com\/?p=1204\">Penser<\/a> (Agir)<\/li>\n<li><a title=\"\u00ab Sharing Politics \u00bb, le pouvoir en partage\" href=\"http:\/\/dominique.sciamma.com\/?p=1256\">\u00ab\u00a0Sharing Politics\u00a0\u00bb, le pouvoir en partage<\/a> : (Revolution Positive)<\/li>\n<li><a title=\"Refondation (de mes) 2.0\" href=\"http:\/\/dominique.sciamma.com\/?p=1251\">Refondation (de mes) 2.0 <\/a>: (Refondation)<\/li>\n<li><a title=\"Vivre en Intelligence\" href=\"http:\/\/dominique.sciamma.com\/?p=1269\">Vivre en Intelligence <\/a>: (Responsabilit\u00e9)<\/li>\n<li><a title=\"Aux Actes Citoyens !\" href=\"http:\/\/dominique.sciamma.com\/?p=1272\">Aux Actes Citoyens<\/a> : (Quel Sens)<\/li>\n<li><a title=\"\u00catre ou ne pas \u00catre, telle est la fiction\" href=\"http:\/\/dominique.sciamma.com\/?p=1352\">\u00catre ou ne pas \u00catre, telle est la fiction<\/a> (Tous cr\u00e9ateurs)<\/li>\n<li><a title=\"Apostrophe\" href=\"http:\/\/dominique.sciamma.com\/?p=1402\">Apostrophe<\/a> (Emancipation)<\/li>\n<\/ul>\n<p>&nbsp;<\/p>\n","protected":false},"excerpt":{"rendered":"<p>Le Cube est le premier Centre de cr\u00e9ation Num\u00e9rique jamais cr\u00e9\u00e9 en France. Port\u00e9 par l&rsquo;association ART3000, pour le compte de la ville d&rsquo;Issy-les-Moulineaux, le Centre est dirig\u00e9 par Nils Aziosmanoff et St\u00e9phanie Fraysse-Ripert, \u00a0sa direction de la cr\u00e9ation \u00e9tant &hellip; <a href=\"https:\/\/dominique.sciamma.com\/?page_id=422\">Lire la suite <span class=\"meta-nav\">&rarr;<\/span><\/a><\/p>\n","protected":false},"author":1,"featured_media":0,"parent":387,"menu_order":2,"comment_status":"closed","ping_status":"open","template":"","meta":{"footnotes":""},"_links":{"self":[{"href":"https:\/\/dominique.sciamma.com\/index.php?rest_route=\/wp\/v2\/pages\/422"}],"collection":[{"href":"https:\/\/dominique.sciamma.com\/index.php?rest_route=\/wp\/v2\/pages"}],"about":[{"href":"https:\/\/dominique.sciamma.com\/index.php?rest_route=\/wp\/v2\/types\/page"}],"author":[{"embeddable":true,"href":"https:\/\/dominique.sciamma.com\/index.php?rest_route=\/wp\/v2\/users\/1"}],"replies":[{"embeddable":true,"href":"https:\/\/dominique.sciamma.com\/index.php?rest_route=%2Fwp%2Fv2%2Fcomments&post=422"}],"version-history":[{"count":23,"href":"https:\/\/dominique.sciamma.com\/index.php?rest_route=\/wp\/v2\/pages\/422\/revisions"}],"predecessor-version":[{"id":424,"href":"https:\/\/dominique.sciamma.com\/index.php?rest_route=\/wp\/v2\/pages\/422\/revisions\/424"}],"up":[{"embeddable":true,"href":"https:\/\/dominique.sciamma.com\/index.php?rest_route=\/wp\/v2\/pages\/387"}],"wp:attachment":[{"href":"https:\/\/dominique.sciamma.com\/index.php?rest_route=%2Fwp%2Fv2%2Fmedia&parent=422"}],"curies":[{"name":"wp","href":"https:\/\/api.w.org\/{rel}","templated":true}]}}