{"id":459,"date":"2012-12-25T22:03:16","date_gmt":"2012-12-25T21:03:16","guid":{"rendered":"http:\/\/dominique.sciamma.com\/?page_id=459"},"modified":"2012-12-25T22:19:39","modified_gmt":"2012-12-25T21:19:39","slug":"le-monde-informatique","status":"publish","type":"page","link":"https:\/\/dominique.sciamma.com\/?page_id=459","title":{"rendered":"Le Monde Informatique"},"content":{"rendered":"<p>Je quitte Bull, tout d\u00e9but 1992, au moment o\u00f9 le groupe s&rsquo;appr\u00eate \u00e0 se choisir un partenaire technologique majeur, un fondeur de puce RISC (Reduced Instruction Set Chip) qui devront animer ses futures machines. Le groupe a le choix entre plusieurs partenaires : MIPS qui se trouve au coeur des Silicon Graphics, HP, et IBM qui vient de cr\u00e9er le PowerChip qui va animer les machines d&rsquo;Apple.<\/p>\n<p>Alors consultant au sein de la direction de la Strat\u00e9gie du Groupe, j&rsquo;ai un avis sur la question, et je critique de fait ce qui va devenir le choix de Bull, \u00e0 savoir IBM !<\/p>\n<p>J&rsquo;\u00e9cris alors un texte, que je soumets \u00e0 un journaliste d&rsquo;un grand quotidien du matin, en vue de publication Il ne sera pas publi\u00e9, mais donnera la mati\u00e8re d&rsquo;un \u00e9dito que je signerais quelques mois plus tard, quand j&rsquo;aurais quitt\u00e9 Bull pour rejoindre EDS-GFI.<\/p>\n<p>Je signerais un autre Edito, sur l&rsquo;Asie, cette fois, quelques mois encore plus tard.<\/p>\n<ul>\n<li><a title=\"IBM, Moi non plus\u2026 (texte orginal)\" href=\"http:\/\/dominique.sciamma.com\/?p=461\">IBM, Moi non plus&#8230;<\/a> (Texte original)<\/li>\n<li><a title=\"IBM, Moi non plus \u2026\" href=\"http:\/\/dominique.sciamma.com\/?p=463\">IBM, Moi non plus&#8230;<\/a> (Edito dans \u00ab\u00a0Le Monde Informatique\u00a0\u00bb)<\/li>\n<li><a title=\"L\u2019Asie dans le r\u00e9tro\" href=\"http:\/\/dominique.sciamma.com\/?p=465\">L&rsquo;Asie dans le Retro<\/a>\u00a0(Edito dans \u00ab\u00a0Le Monde Informatique\u00a0\u00bb)<\/li>\n<\/ul>\n<p>&nbsp;<\/p>\n","protected":false},"excerpt":{"rendered":"<p>Je quitte Bull, tout d\u00e9but 1992, au moment o\u00f9 le groupe s&rsquo;appr\u00eate \u00e0 se choisir un partenaire technologique majeur, un fondeur de puce RISC (Reduced Instruction Set Chip) qui devront animer ses futures machines. Le groupe a le choix entre &hellip; <a href=\"https:\/\/dominique.sciamma.com\/?page_id=459\">Lire la suite <span class=\"meta-nav\">&rarr;<\/span><\/a><\/p>\n","protected":false},"author":1,"featured_media":0,"parent":387,"menu_order":3,"comment_status":"closed","ping_status":"open","template":"","meta":{"footnotes":""},"_links":{"self":[{"href":"https:\/\/dominique.sciamma.com\/index.php?rest_route=\/wp\/v2\/pages\/459"}],"collection":[{"href":"https:\/\/dominique.sciamma.com\/index.php?rest_route=\/wp\/v2\/pages"}],"about":[{"href":"https:\/\/dominique.sciamma.com\/index.php?rest_route=\/wp\/v2\/types\/page"}],"author":[{"embeddable":true,"href":"https:\/\/dominique.sciamma.com\/index.php?rest_route=\/wp\/v2\/users\/1"}],"replies":[{"embeddable":true,"href":"https:\/\/dominique.sciamma.com\/index.php?rest_route=%2Fwp%2Fv2%2Fcomments&post=459"}],"version-history":[{"count":4,"href":"https:\/\/dominique.sciamma.com\/index.php?rest_route=\/wp\/v2\/pages\/459\/revisions"}],"predecessor-version":[{"id":467,"href":"https:\/\/dominique.sciamma.com\/index.php?rest_route=\/wp\/v2\/pages\/459\/revisions\/467"}],"up":[{"embeddable":true,"href":"https:\/\/dominique.sciamma.com\/index.php?rest_route=\/wp\/v2\/pages\/387"}],"wp:attachment":[{"href":"https:\/\/dominique.sciamma.com\/index.php?rest_route=%2Fwp%2Fv2%2Fmedia&parent=459"}],"curies":[{"name":"wp","href":"https:\/\/api.w.org\/{rel}","templated":true}]}}