{"id":471,"date":"2012-12-25T23:04:26","date_gmt":"2012-12-25T22:04:26","guid":{"rendered":"http:\/\/dominique.sciamma.com\/?page_id=471"},"modified":"2012-12-27T08:39:27","modified_gmt":"2012-12-27T07:39:27","slug":"fictions-et-cie","status":"publish","type":"page","link":"https:\/\/dominique.sciamma.com\/?page_id=471","title":{"rendered":"Fictions et Cie"},"content":{"rendered":"<p>Raconter des histoires, voila peut-\u00eatre ma vraie vocation. C&rsquo;est un go\u00fbt qui remonte \u00e0 loin, et qui a pris la forme de l&rsquo;\u00e9criture au moment de mon adolescence. Po\u00e8mes, \u00e9criture automatique, courts r\u00e9cits, d\u00e9buts de nouvelles, etc.<\/p>\n<p>Avec un groupe d&rsquo;amis tr\u00e8s chers, nous commettons au milieu des ann\u00e9es 70 plusieurs <strong>courts-m\u00e9trages<\/strong> foutraques et iconoclastes o\u00f9 nous revisitons \u00e0 \u00a0notre mani\u00e8re les grandes th\u00e9matiques du cin\u00e9ma (SF, Horreur)ou nous jouons avec les\u00a0possibilit\u00e9s\u00a0d&rsquo;une belle cam\u00e9ra (une Beaulieu) pour faire du stop motion, ou des \u00ab\u00a0effets sp\u00e9ciaux\u00a0\u00bb.<\/p>\n<p>La d\u00e9couverte approfondie de la SF au d\u00e9but des ann\u00e9es 70, la lecture assidue de <strong><a title=\"Biographie de Jacques Sternberg\" href=\"http:\/\/fr.wikipedia.org\/wiki\/Jacques_Sternberg\" target=\"_blank\">Jacques Sternberg<\/a><\/strong>\u00a0(que j&rsquo;ai rencontr\u00e9 plus tard en 1984) me pousse \u00e0 l&rsquo;exercice du conte bref (<em>short short stories<\/em>), et de la nouvelle. J&rsquo;en \u00e9crit une bonne centaine entre le milieu des ann\u00e9es 70 et la fin des ann\u00e9es 80, que je retravaille et regroupe dans un petit livre priv\u00e9 nomm\u00e9e \u00ab\u00a0<strong>Chutes Libres<\/strong>\u00ab\u00a0.<\/p>\n<p>Au d\u00e9but des ann\u00e9es 80, je commets un sc\u00e9nario de BD (<strong><a title=\"Tigre, Tigre\" href=\"http:\/\/dominique.sciamma.com\/?page_id=340\" target=\"_blank\">Tigre, Tigre<\/a><\/strong>), que je vais essayer de transformer en album (sans succ\u00e8s !). J&rsquo;\u00e9crirais un nouveau sc\u00e9nario de BD (<strong><a title=\"le Tr\u00e9sor de la Grande Muraille\" href=\"http:\/\/dominique.sciamma.com\/?page_id=351\">le Tr\u00e9sor de la Grande Muraille<\/a><\/strong>), et d&rsquo;autres synopsis, aujourd&rsquo;hui encore inaboutis.<\/p>\n<p>Apr\u00e8s avoir rencontr\u00e9 <strong>Jean-Claude MEZIERES<\/strong> en 1990, je me lance avec lui et son comp\u00e8re <strong>Pierre CHRISTIN<\/strong> dans un projet de dessin anim\u00e9 \u00ab\u00a0<strong>Les Enfants d&rsquo;Eole<\/strong>\u00ab\u00a0.<br \/>\nAvec l&rsquo;aide de la soci\u00e9t\u00e9 de production \u00ab\u00a0<em>Culture Production<\/em>\u00ab\u00a0, dirig\u00e9e par mon ami <strong>Jean DRUON<\/strong>, avec laquelle j&rsquo;avais collabor\u00e9 dans le montage d&rsquo;un documentaire sur l&rsquo;Intelligence Artificielle en 1989, nous montons un dossier pour b\u00e9n\u00e9ficier d&rsquo;une aide \u00e0 l&rsquo;\u00e9criture. Nous b\u00e9n\u00e9ficions de l&rsquo;aide d&rsquo;un sp\u00e9caliste du d\u00e9cor et du layout, \u00e0 savoir <strong>Daniel CACOUAULT<\/strong>, et les bienveillants conseils de <em>Bibo Films<\/em>.<\/p>\n<p>&nbsp;<\/p>\n","protected":false},"excerpt":{"rendered":"<p>Raconter des histoires, voila peut-\u00eatre ma vraie vocation. C&rsquo;est un go\u00fbt qui remonte \u00e0 loin, et qui a pris la forme de l&rsquo;\u00e9criture au moment de mon adolescence. Po\u00e8mes, \u00e9criture automatique, courts r\u00e9cits, d\u00e9buts de nouvelles, etc. Avec un groupe &hellip; <a href=\"https:\/\/dominique.sciamma.com\/?page_id=471\">Lire la suite <span class=\"meta-nav\">&rarr;<\/span><\/a><\/p>\n","protected":false},"author":1,"featured_media":0,"parent":0,"menu_order":0,"comment_status":"closed","ping_status":"open","template":"","meta":{"footnotes":""},"_links":{"self":[{"href":"https:\/\/dominique.sciamma.com\/index.php?rest_route=\/wp\/v2\/pages\/471"}],"collection":[{"href":"https:\/\/dominique.sciamma.com\/index.php?rest_route=\/wp\/v2\/pages"}],"about":[{"href":"https:\/\/dominique.sciamma.com\/index.php?rest_route=\/wp\/v2\/types\/page"}],"author":[{"embeddable":true,"href":"https:\/\/dominique.sciamma.com\/index.php?rest_route=\/wp\/v2\/users\/1"}],"replies":[{"embeddable":true,"href":"https:\/\/dominique.sciamma.com\/index.php?rest_route=%2Fwp%2Fv2%2Fcomments&post=471"}],"version-history":[{"count":5,"href":"https:\/\/dominique.sciamma.com\/index.php?rest_route=\/wp\/v2\/pages\/471\/revisions"}],"predecessor-version":[{"id":475,"href":"https:\/\/dominique.sciamma.com\/index.php?rest_route=\/wp\/v2\/pages\/471\/revisions\/475"}],"wp:attachment":[{"href":"https:\/\/dominique.sciamma.com\/index.php?rest_route=%2Fwp%2Fv2%2Fmedia&parent=471"}],"curies":[{"name":"wp","href":"https:\/\/api.w.org\/{rel}","templated":true}]}}