{"id":50,"date":"2012-12-22T08:50:25","date_gmt":"2012-12-22T07:50:25","guid":{"rendered":"http:\/\/dominique.sciamma.com\/?page_id=50"},"modified":"2012-12-23T10:32:47","modified_gmt":"2012-12-23T09:32:47","slug":"passage-au-ps","status":"publish","type":"page","link":"https:\/\/dominique.sciamma.com\/?page_id=50","title":{"rendered":"Passage au PS"},"content":{"rendered":"<p>Apr\u00e8s l&rsquo;\u00e9chec de Lionel Jospin en 2002, je d\u00e9cide d&rsquo;investir le PS en vue de faire \u00e9voluer de l&rsquo;int\u00e9rieur le parti vers une position social-d\u00e9mocrate assum\u00e9e. Je m&rsquo;inscris donc \u00e0 la section de Cergy.<br \/>\nL&rsquo;exp\u00e9rience, humaine comme politique, fut tr\u00e8s enrichissante.<br \/>\nJ&rsquo;ai pu c\u00f4toyer des hommes et des femmes sinc\u00e8res, quels que soient leurs courants d&rsquo;attache et g\u00e9n\u00e9reux de leur temps.<\/p>\n<p>Proche de la gauche Rocardienne, de DSK et de son courant \u00ab\u00a0Socialisme et D\u00e9mocratie\u00a0\u00bb, j&rsquo;\u00e9cris pendant cette p\u00e9riode plusieurs contributions dans le journal de la section de Cergy ou de la F\u00e9d\u00e9ration du Val d&rsquo;Oise.<br \/>\nL&rsquo;\u00e9poque le permet puisque de nombreuses \u00e9lections ont lieu, dont les 2 r\u00e9f\u00e9rendums sur le Trait\u00e9 Constitutionnel, interne et national.<\/p>\n<p>J&rsquo;\u00e9cris en 2005 une contribution th\u00e9matique pour le congr\u00e8s du Mans sur le th\u00e8me de l&rsquo;impact des TIC sur les pratiques politiques.<\/p>\n<p>Les primaires et les \u00e9lections pr\u00e9sidentielles de 2007 constituent un moment de vie militante importante, qui l&rsquo;ont vue s&rsquo;achever cependant.<br \/>\nJe quitte en effet le PS le 16 novembre 2006, date \u00e0 laquelle est choisie S\u00e9gol\u00e8ne ROYAL comme candidate du PS pour l&rsquo;\u00e9lection pr\u00e9sidentielle. Je quitte de fait le parti le soir m\u00eame, par coh\u00e9rence. En effet, sachant que Mme Royal n&rsquo;aurait jamais ma voix, je ne pouvais d\u00e9cemment pas militer dans un parti dont je ne soutiendrais pas le candidat.<\/p>\n<ul>\n<li><a title=\"Moderne, Radicalement\" href=\"http:\/\/dominique.sciamma.com\/?p=302\"><span style=\"line-height: 15px;\">Moderne radicalement<\/span><\/a><\/li>\n<li><a title=\"Les Carottes, la Flamme et la Providence\" href=\"http:\/\/dominique.sciamma.com\/?p=305\">Les Carottes, la Flamme et la Providen<\/a>ce<\/li>\n<li><a title=\"L\u2019Europe, Fl\u00e9au du Monde\" href=\"http:\/\/dominique.sciamma.com\/?p=307\">L&rsquo;Europe, Fl\u00e9au du Monde<\/a><\/li>\n<li><a title=\"Pour un Oui de Rupture\" href=\"http:\/\/dominique.sciamma.com\/?p=309\">Pour un Oui de Rupture<\/a><\/li>\n<li><a title=\"Le Sacrifice Europ\u00e9en de Laurent Fabius\" href=\"http:\/\/dominique.sciamma.com\/?p=311\">Le Sacrifice Europ\u00e9en de Laurent Fabius<\/a><\/li>\n<li><a title=\"Projet 2007 : Pour un Forum Politique \u00e0 Cergy-Pontoise\" href=\"http:\/\/dominique.sciamma.com\/?p=313\">Projet 2007 : Pour un forum politique \u00e0 Cergy-Pontoise<\/a><\/li>\n<li><a title=\"Nouveaux r\u00e9seaux, Nouveaux Pouvoirs : Pour une D\u00e9mocratie Renouvel\u00e9e\" href=\"http:\/\/dominique.sciamma.com\/?p=315\">Nouveaux r\u00e9seaux, nouveaux pouvoirs : pour une d\u00e9mocratie renouvel<\/a>\u00e9e<\/li>\n<\/ul>\n<p>&nbsp;<\/p>\n","protected":false},"excerpt":{"rendered":"<p>Apr\u00e8s l&rsquo;\u00e9chec de Lionel Jospin en 2002, je d\u00e9cide d&rsquo;investir le PS en vue de faire \u00e9voluer de l&rsquo;int\u00e9rieur le parti vers une position social-d\u00e9mocrate assum\u00e9e. Je m&rsquo;inscris donc \u00e0 la section de Cergy. L&rsquo;exp\u00e9rience, humaine comme politique, fut tr\u00e8s &hellip; <a href=\"https:\/\/dominique.sciamma.com\/?page_id=50\">Lire la suite <span class=\"meta-nav\">&rarr;<\/span><\/a><\/p>\n","protected":false},"author":1,"featured_media":0,"parent":53,"menu_order":1,"comment_status":"closed","ping_status":"open","template":"","meta":{"footnotes":""},"_links":{"self":[{"href":"https:\/\/dominique.sciamma.com\/index.php?rest_route=\/wp\/v2\/pages\/50"}],"collection":[{"href":"https:\/\/dominique.sciamma.com\/index.php?rest_route=\/wp\/v2\/pages"}],"about":[{"href":"https:\/\/dominique.sciamma.com\/index.php?rest_route=\/wp\/v2\/types\/page"}],"author":[{"embeddable":true,"href":"https:\/\/dominique.sciamma.com\/index.php?rest_route=\/wp\/v2\/users\/1"}],"replies":[{"embeddable":true,"href":"https:\/\/dominique.sciamma.com\/index.php?rest_route=%2Fwp%2Fv2%2Fcomments&post=50"}],"version-history":[{"count":7,"href":"https:\/\/dominique.sciamma.com\/index.php?rest_route=\/wp\/v2\/pages\/50\/revisions"}],"predecessor-version":[{"id":323,"href":"https:\/\/dominique.sciamma.com\/index.php?rest_route=\/wp\/v2\/pages\/50\/revisions\/323"}],"up":[{"embeddable":true,"href":"https:\/\/dominique.sciamma.com\/index.php?rest_route=\/wp\/v2\/pages\/53"}],"wp:attachment":[{"href":"https:\/\/dominique.sciamma.com\/index.php?rest_route=%2Fwp%2Fv2%2Fmedia&parent=50"}],"curies":[{"name":"wp","href":"https:\/\/api.w.org\/{rel}","templated":true}]}}