{"id":543,"date":"2012-12-28T17:08:29","date_gmt":"2012-12-28T16:08:29","guid":{"rendered":"http:\/\/dominique.sciamma.com\/?page_id=543"},"modified":"2012-12-28T18:10:22","modified_gmt":"2012-12-28T17:10:22","slug":"pro","status":"publish","type":"page","link":"https:\/\/dominique.sciamma.com\/?page_id=543","title":{"rendered":"Pro !"},"content":{"rendered":"<p>Dans ma <a title=\"Parcours professionnel\" href=\"http:\/\/dominique.sciamma.com\/?p=437\"><strong>vie professionnelle<\/strong><\/a>, j&rsquo;ai chang\u00e9 de job \u00e0 peu pr\u00e8s tous les 3 ans, en moyenne.<\/p>\n<p>Math\u00e9maticien et informaticien th\u00e9orique de formation (<strong>Titulaire d\u2019un DEA et d\u2019une Ma\u00eetrise d\u2019Informatique Th\u00e9orique et d\u2019une Ma\u00eetrise de Math\u00e9matiques \u00e0 Paris 7<\/strong>), et fort d\u2019un parcours complet au sein d\u2019entreprises internationales, j&rsquo;ai men\u00e9 jusqu\u2019\u00e0 mon int\u00e9gration dans Strate Coll\u00e8ge une triple activit\u00e9 <strong>d\u2019enseignant<\/strong>, <strong>d\u2019auteur<\/strong> plurim\u00e9dia, et de <strong>consultant<\/strong> NTIC.<\/p>\n<p>J&rsquo;ai toujours, dans ces activit\u00e9s professionnelles, produit, \u00e9crit, r\u00e9alis\u00e9, d\u00e9velopp\u00e9, et communiquer.<br \/>\nCes productions relevaient :<\/p>\n<ul>\n<li><span style=\"line-height: 15px;\" data-mce-mark=\"1\">Du d\u00e9veloppement logiciel,<\/span><\/li>\n<li>De la recherche,<\/li>\n<li>De l&rsquo;invention<\/li>\n<li>De l&rsquo;enseignement,<\/li>\n<li>De la conception Multim\u00e9dia,<\/li>\n<li>De la communication<\/li>\n<\/ul>\n<p>&nbsp;<\/p>\n","protected":false},"excerpt":{"rendered":"<p>Dans ma vie professionnelle, j&rsquo;ai chang\u00e9 de job \u00e0 peu pr\u00e8s tous les 3 ans, en moyenne. Math\u00e9maticien et informaticien th\u00e9orique de formation (Titulaire d\u2019un DEA et d\u2019une Ma\u00eetrise d\u2019Informatique Th\u00e9orique et d\u2019une Ma\u00eetrise de Math\u00e9matiques \u00e0 Paris 7), et &hellip; <a href=\"https:\/\/dominique.sciamma.com\/?page_id=543\">Lire la suite <span class=\"meta-nav\">&rarr;<\/span><\/a><\/p>\n","protected":false},"author":1,"featured_media":0,"parent":0,"menu_order":0,"comment_status":"closed","ping_status":"open","template":"","meta":{"footnotes":""},"_links":{"self":[{"href":"https:\/\/dominique.sciamma.com\/index.php?rest_route=\/wp\/v2\/pages\/543"}],"collection":[{"href":"https:\/\/dominique.sciamma.com\/index.php?rest_route=\/wp\/v2\/pages"}],"about":[{"href":"https:\/\/dominique.sciamma.com\/index.php?rest_route=\/wp\/v2\/types\/page"}],"author":[{"embeddable":true,"href":"https:\/\/dominique.sciamma.com\/index.php?rest_route=\/wp\/v2\/users\/1"}],"replies":[{"embeddable":true,"href":"https:\/\/dominique.sciamma.com\/index.php?rest_route=%2Fwp%2Fv2%2Fcomments&post=543"}],"version-history":[{"count":4,"href":"https:\/\/dominique.sciamma.com\/index.php?rest_route=\/wp\/v2\/pages\/543\/revisions"}],"predecessor-version":[{"id":565,"href":"https:\/\/dominique.sciamma.com\/index.php?rest_route=\/wp\/v2\/pages\/543\/revisions\/565"}],"wp:attachment":[{"href":"https:\/\/dominique.sciamma.com\/index.php?rest_route=%2Fwp%2Fv2%2Fmedia&parent=543"}],"curies":[{"name":"wp","href":"https:\/\/api.w.org\/{rel}","templated":true}]}}