{"id":568,"date":"2012-12-28T18:42:53","date_gmt":"2012-12-28T17:42:53","guid":{"rendered":"http:\/\/dominique.sciamma.com\/?page_id=568"},"modified":"2012-12-29T08:55:02","modified_gmt":"2012-12-29T07:55:02","slug":"developpement-logiciel","status":"publish","type":"page","link":"https:\/\/dominique.sciamma.com\/?page_id=568","title":{"rendered":"D\u00e9veloppement Logiciel"},"content":{"rendered":"<p><strong>Le d\u00e9veloppement logiciel est un drogue !<\/strong><br \/>\n<strong>Une fois que vous y avez go\u00fbt\u00e9, il est tr\u00e8s difficile de s&rsquo;en sortir.<\/strong><\/p>\n<p>J&rsquo;ai commenc\u00e9 ma carri\u00e8re en aout 80 au sein de la division Firmware de <strong>CII Honeywell Bull<\/strong> (qui devait devenir ensuite le Groupe Bull apr\u00e8s nationalisation). J&rsquo;y ai d&rsquo;abord programm\u00e9 un <strong>petit logiciel de g\u00e9n\u00e9ration de m\u00e9dia d&rsquo;initialisation<\/strong> des gros syst\u00e8mes DPS7. On m&rsquo;a ensuite confi\u00e9 le d\u00e9veloppement d&rsquo;un <strong>configurateur<\/strong> de gros syst\u00e8me, qui fonctionnait comme un v\u00e9ritable <strong>syst\u00e8me expert<\/strong>, puisque les r\u00e8gles de configuration \u00e9taient exprim\u00e9es dans des fichiers externes au programme, dans un formalisme symbolique d&rsquo;\u00e9quations alg\u00e9briques. J&rsquo;y ai aussi d\u00e9velopp\u00e9 un <strong>programme qui avait l&rsquo;\u00e9trange propri\u00e9t\u00e9 de s&rsquo;\u00e9crire lui-m\u00eame<\/strong> en fonction des param\u00e8tres qu&rsquo;il \u00e9tait amen\u00e9 \u00e0 lire tout au long de son ex\u00e9cution.<\/p>\n<p>Je suis ensuite pass\u00e9 au centre de recherche du Groupe en 1983 pour travailler sur un <strong>vectoriseur de programme FORTRAN<\/strong>, dont j&rsquo;avais trouv\u00e9 le doux nom de <strong>VESTA<\/strong> (VEctorisation de programmes Scientifiques par Traduction Automatique).<\/p>\n<p>Mais je voudrais parler en d\u00e9tail de deux <strong>grands<\/strong> logiciels, c&rsquo;est \u00e0 dire des logiciels qui structurent la \u00a0vie de leur auteur :<\/p>\n<ul>\n<li><a title=\"Xilog\" href=\"http:\/\/dominique.sciamma.com\/?page_id=583\"><strong>XILOG<\/strong><\/a> : <span style=\"text-decoration: underline;\">Programmer en Logique<\/span> (de 1984 \u00e0 1989) :<br \/>\nXILOG est un environnement de programmation logique sur PC, incluant de nouveaux concept (types, tableaux, fonctions) ainsi qu&rsquo;un syst\u00e8me de fen\u00eatrage (\u00e0 une \u00e9poque ou le PC n&rsquo;en a pas).<\/li>\n<li><a title=\"Rexpublisher\" href=\"http:\/\/dominique.sciamma.com\/?page_id=598\"><strong>REXPUBLISHER<\/strong><\/a> : <span style=\"text-decoration: underline;\">CMS avant l&rsquo;heure<\/span> (de 1998 \u00e0 2008).<br \/>\nRexpublisher est un environnement de multipublication de contenus, qui permet de g\u00e9rer, produire et publier sites internet ou document word.<\/li>\n<\/ul>\n<h1><strong>\u00a0<\/strong><\/h1>\n","protected":false},"excerpt":{"rendered":"<p>Le d\u00e9veloppement logiciel est un drogue ! Une fois que vous y avez go\u00fbt\u00e9, il est tr\u00e8s difficile de s&rsquo;en sortir. J&rsquo;ai commenc\u00e9 ma carri\u00e8re en aout 80 au sein de la division Firmware de CII Honeywell Bull (qui devait &hellip; <a href=\"https:\/\/dominique.sciamma.com\/?page_id=568\">Lire la suite <span class=\"meta-nav\">&rarr;<\/span><\/a><\/p>\n","protected":false},"author":1,"featured_media":0,"parent":543,"menu_order":1,"comment_status":"closed","ping_status":"open","template":"","meta":{"footnotes":""},"_links":{"self":[{"href":"https:\/\/dominique.sciamma.com\/index.php?rest_route=\/wp\/v2\/pages\/568"}],"collection":[{"href":"https:\/\/dominique.sciamma.com\/index.php?rest_route=\/wp\/v2\/pages"}],"about":[{"href":"https:\/\/dominique.sciamma.com\/index.php?rest_route=\/wp\/v2\/types\/page"}],"author":[{"embeddable":true,"href":"https:\/\/dominique.sciamma.com\/index.php?rest_route=\/wp\/v2\/users\/1"}],"replies":[{"embeddable":true,"href":"https:\/\/dominique.sciamma.com\/index.php?rest_route=%2Fwp%2Fv2%2Fcomments&post=568"}],"version-history":[{"count":12,"href":"https:\/\/dominique.sciamma.com\/index.php?rest_route=\/wp\/v2\/pages\/568\/revisions"}],"predecessor-version":[{"id":571,"href":"https:\/\/dominique.sciamma.com\/index.php?rest_route=\/wp\/v2\/pages\/568\/revisions\/571"}],"up":[{"embeddable":true,"href":"https:\/\/dominique.sciamma.com\/index.php?rest_route=\/wp\/v2\/pages\/543"}],"wp:attachment":[{"href":"https:\/\/dominique.sciamma.com\/index.php?rest_route=%2Fwp%2Fv2%2Fmedia&parent=568"}],"curies":[{"name":"wp","href":"https:\/\/api.w.org\/{rel}","templated":true}]}}