{"id":617,"date":"2012-12-29T09:08:25","date_gmt":"2012-12-29T08:08:25","guid":{"rendered":"http:\/\/dominique.sciamma.com\/?page_id=617"},"modified":"2013-01-02T07:40:36","modified_gmt":"2013-01-02T06:40:36","slug":"multimedia","status":"publish","type":"page","link":"https:\/\/dominique.sciamma.com\/?page_id=617","title":{"rendered":"Multim\u00e9dia"},"content":{"rendered":"<p>Quand \u00e9merge le concept de Multim\u00e9dia, au tout d\u00e9but des ann\u00e9es 90, j&rsquo;y vois un pont fantastique entre mes expertises (les <strong>NTIC<\/strong>) et ma vocation (<strong>raconter des histoires<\/strong>).<\/p>\n<p>Alors chez EDS, je profite de l&rsquo;ann\u00e9e 1995 pour me familiariser avec les concepts et les enjeux de ce nouveaux march\u00e9 (langages auteurs, application, \u00e9criture interactive, jeux video), et aussi pour rencontrer de nombreux acteurs, gr\u00e2ce \u00e0 l&rsquo;entregent de <strong>Philippe VILAREL <\/strong>alors<strong>\u00a0<\/strong> responsable du secteur m\u00e9dia chez EDS. Je rencontre ainsi en 1995 <strong>Philippe ULRICH<\/strong>, grande figure du jeu video et fondateur de CRYO, au moment o\u00f9 il imagine avec Alain <strong>Le DIBERDER<\/strong> (en charge des nouveaux m\u00e9dia chez canal Plus) et tente de monter \u00ab\u00a0<strong>le Deuxi\u00e8me Monde<\/strong>\u00ab\u00a0,\u00a0anc\u00eatre\u00a0de <em>Second Life<\/em>.<\/p>\n<p>En quittant EDS en 1996, je d\u00e9cide de me lancer dans une <strong>carri\u00e8re d&rsquo;auteur multim\u00e9dia<\/strong> (en fait Plurim\u00e9dia, puisque je r\u00e9alise aussi dans le m\u00eame temps quelques BD de communication). Tout en travaillant sur plusieurs projet de sites internet (au travers de la soci\u00e9t\u00e9 Patagonie),<\/p>\n<p>Ainsi, de 1996 \u00e0 2007, j&rsquo;ai travaill\u00e9 sur les projet suivants :<\/p>\n<ul>\n<li><a title=\"Vers l\u2019Euro et Au-Del\u00e0 !\" href=\"http:\/\/dominique.sciamma.com\/?page_id=753\"><strong>Vers L&rsquo;EURO et au-del\u00e0 !<\/strong><\/a> (Edit\u00e9 par la soci\u00e9t\u00e9 <strong>Actufax<\/strong>, et r\u00e9alis\u00e9 avec l&rsquo;Atelier Sanzo) : CD-ROM pour le compte de l&rsquo;Ordre des \u00a0experts-comptables t<br \/>\n<strong>Grand Prix OffLine du festival de Biarritz 1998<\/strong><\/li>\n<li><a title=\"Havas Interactive\" href=\"http:\/\/dominique.sciamma.com\/?page_id=790\"><strong>L&rsquo;encyclop\u00e9die Larousse (KLEIO)<\/strong><\/a> pour <strong>Havas Interactive<\/strong><\/li>\n<li><a title=\"Miloo Guide\" href=\"http:\/\/dominique.sciamma.com\/?page_id=824\"><strong>Miloo Guide, Un Guide BD<\/strong><\/a> pour la soci\u00e9t\u00e9 <strong>Surfvision<\/strong><\/li>\n<li><a title=\"Quizz \u00ab\u00a0La Poste\u00a0\u00bb\" href=\"http:\/\/dominique.sciamma.com\/?page_id=745\"><strong>QUIZZ La Poste<\/strong><\/a>\u00a0: Jeux Online r\u00e9alis\u00e9 avec\u00a0<strong>Patagonie<\/strong>\u00a0pour le compe de la Poste<\/li>\n<li><a title=\"Oligo Player\" href=\"http:\/\/dominique.sciamma.com\/?page_id=661\"><strong>OligoPlayer<\/strong>\u00a0<\/a>: Logiciel de commande de s\u00e9quence de Nucl\u00e9otides r\u00e9alis\u00e9 par KERIS pour le compte de Proligos, une filiale de GENSET<\/li>\n<li><a title=\"JSI\" href=\"http:\/\/dominique.sciamma.com\/?page_id=704\"><strong>JSI : Infographies<\/strong><\/a> pour le site Phosphore.com<\/li>\n<li>Ainsi que sur <a title=\"Jeux Video\" href=\"http:\/\/dominique.sciamma.com\/?page_id=761\"><strong>plusieurs projets de jeux video\u00a0<\/strong><\/a><\/li>\n<\/ul>\n<p>&nbsp;<\/p>\n","protected":false},"excerpt":{"rendered":"<p>Quand \u00e9merge le concept de Multim\u00e9dia, au tout d\u00e9but des ann\u00e9es 90, j&rsquo;y vois un pont fantastique entre mes expertises (les NTIC) et ma vocation (raconter des histoires). Alors chez EDS, je profite de l&rsquo;ann\u00e9e 1995 pour me familiariser avec &hellip; <a href=\"https:\/\/dominique.sciamma.com\/?page_id=617\">Lire la suite <span class=\"meta-nav\">&rarr;<\/span><\/a><\/p>\n","protected":false},"author":1,"featured_media":0,"parent":543,"menu_order":2,"comment_status":"closed","ping_status":"open","template":"","meta":{"footnotes":""},"_links":{"self":[{"href":"https:\/\/dominique.sciamma.com\/index.php?rest_route=\/wp\/v2\/pages\/617"}],"collection":[{"href":"https:\/\/dominique.sciamma.com\/index.php?rest_route=\/wp\/v2\/pages"}],"about":[{"href":"https:\/\/dominique.sciamma.com\/index.php?rest_route=\/wp\/v2\/types\/page"}],"author":[{"embeddable":true,"href":"https:\/\/dominique.sciamma.com\/index.php?rest_route=\/wp\/v2\/users\/1"}],"replies":[{"embeddable":true,"href":"https:\/\/dominique.sciamma.com\/index.php?rest_route=%2Fwp%2Fv2%2Fcomments&post=617"}],"version-history":[{"count":18,"href":"https:\/\/dominique.sciamma.com\/index.php?rest_route=\/wp\/v2\/pages\/617\/revisions"}],"predecessor-version":[{"id":839,"href":"https:\/\/dominique.sciamma.com\/index.php?rest_route=\/wp\/v2\/pages\/617\/revisions\/839"}],"up":[{"embeddable":true,"href":"https:\/\/dominique.sciamma.com\/index.php?rest_route=\/wp\/v2\/pages\/543"}],"wp:attachment":[{"href":"https:\/\/dominique.sciamma.com\/index.php?rest_route=%2Fwp%2Fv2%2Fmedia&parent=617"}],"curies":[{"name":"wp","href":"https:\/\/api.w.org\/{rel}","templated":true}]}}