{"id":661,"date":"2012-12-29T23:09:44","date_gmt":"2012-12-29T22:09:44","guid":{"rendered":"http:\/\/dominique.sciamma.com\/?page_id=661"},"modified":"2013-01-01T07:30:34","modified_gmt":"2013-01-01T06:30:34","slug":"oligo-player","status":"publish","type":"page","link":"https:\/\/dominique.sciamma.com\/?page_id=661","title":{"rendered":"Oligo Player"},"content":{"rendered":"<p>En <strong>2001<\/strong>, la soci\u00e9t\u00e9 <strong>KERIS<\/strong>, cr\u00e9\u00e9e et dirig\u00e9e par mon ami <strong>Jean-Marc KERISIT<\/strong>, avec qui j&rsquo;ai travaill\u00e9 chez Bull, puis chez EDS, me demande d&rsquo;assurer la directionn artistique et la conception de l&rsquo;interface d&rsquo;un logiciel de commande de <strong>d&rsquo;Oligonucl\u00e9otides<\/strong> pour le compte de la soci\u00e9t\u00e9 <strong>PROLIGOS<\/strong>, filiale de <strong>GENSET<\/strong>.<\/p>\n<p>La grande\u00a0originalit\u00e9\u00a0de ce logiciel de <strong>E-Commerce<\/strong>, voulu par son directeur g\u00e9n\u00e9ral, est d&rsquo;adopter des r\u00e9f\u00e9rences, un look, un fonctionnement proche du jeu vid\u00e9o.<\/p>\n<p>En liaison forte avec Jean-Marc, son \u00e9quipe de d\u00e9veloppement et la direction g\u00e9n\u00e9rale de PROLIGOS, je <strong>sp\u00e9cifie l&rsquo;interface<\/strong> du logiciel, et pilote les graphistes.<\/p>\n<p>Le logiciel est con\u00e7u comme un player musical capable d&rsquo;\u00eatre en 3 modes diff\u00e9rents :<\/p>\n<p><strong>Mode veille<\/strong> : il est r\u00e9duit \u00e0 un simple bouton, qui s&rsquo;illumine cependant si(l re\u00e7oit une notification.<\/p>\n<p><a href=\"http:\/\/dominique.sciamma.com\/wp-content\/uploads\/2012\/12\/OligoPlayer-VEILLE.jpg\"><img loading=\"lazy\" decoding=\"async\" class=\"alignnone size-medium wp-image-675\" alt=\"OligoPlayer-VEILLE\" src=\"http:\/\/dominique.sciamma.com\/wp-content\/uploads\/2012\/12\/OligoPlayer-VEILLE-300x300.jpg\" width=\"300\" height=\"300\" srcset=\"https:\/\/dominique.sciamma.com\/wp-content\/uploads\/2012\/12\/OligoPlayer-VEILLE-300x300.jpg 300w, https:\/\/dominique.sciamma.com\/wp-content\/uploads\/2012\/12\/OligoPlayer-VEILLE-150x150.jpg 150w, https:\/\/dominique.sciamma.com\/wp-content\/uploads\/2012\/12\/OligoPlayer-VEILLE.jpg 1024w\" sizes=\"(max-width: 300px) 100vw, 300px\" \/><\/a><\/p>\n<p><strong>Mode Console<\/strong> : il permet un certain nombre d&rsquo;interactions et d\u00e9livre un\u00a0certain nombre de messages sur les commandes pass\u00e9es.<\/p>\n<p><a href=\"http:\/\/dominique.sciamma.com\/wp-content\/uploads\/2012\/12\/OligoPlayer-CONSOLE.jpg\"><img loading=\"lazy\" decoding=\"async\" class=\"alignnone size-medium wp-image-673\" alt=\"OligoPlayer-CONSOLE\" src=\"http:\/\/dominique.sciamma.com\/wp-content\/uploads\/2012\/12\/OligoPlayer-CONSOLE.jpg\" width=\"600\" height=\"357\" srcset=\"https:\/\/dominique.sciamma.com\/wp-content\/uploads\/2012\/12\/OligoPlayer-CONSOLE.jpg 1024w, https:\/\/dominique.sciamma.com\/wp-content\/uploads\/2012\/12\/OligoPlayer-CONSOLE-300x178.jpg 300w, https:\/\/dominique.sciamma.com\/wp-content\/uploads\/2012\/12\/OligoPlayer-CONSOLE-500x297.jpg 500w\" sizes=\"(max-width: 600px) 100vw, 600px\" \/><\/a><\/p>\n<p><strong>Mode \u00e9cran<\/strong> : il permet de cr\u00e9er, d&rsquo;\u00e9diter, de sauvegarder, et de commander des s\u00e9quences de nucl\u00e9otides.<\/p>\n<p><a href=\"http:\/\/dominique.sciamma.com\/wp-content\/uploads\/2012\/12\/OLigoPlayer-SCREEN.jpg\"><img loading=\"lazy\" decoding=\"async\" class=\"alignnone size-medium wp-image-674\" alt=\"OLigoPlayer-SCREEN\" src=\"http:\/\/dominique.sciamma.com\/wp-content\/uploads\/2012\/12\/OLigoPlayer-SCREEN.jpg\" width=\"600\" height=\"421\" srcset=\"https:\/\/dominique.sciamma.com\/wp-content\/uploads\/2012\/12\/OLigoPlayer-SCREEN.jpg 1024w, https:\/\/dominique.sciamma.com\/wp-content\/uploads\/2012\/12\/OLigoPlayer-SCREEN-300x210.jpg 300w, https:\/\/dominique.sciamma.com\/wp-content\/uploads\/2012\/12\/OLigoPlayer-SCREEN-427x300.jpg 427w\" sizes=\"(max-width: 600px) 100vw, 600px\" \/><\/a><\/p>\n<p>Je r\u00e9alise aussi le <strong>Booklet<\/strong> de l&rsquo;application (sous XPress !) ainsi que le logiciel de d\u00e9mo du player, sans parler de la jaquette du DVD !<\/p>\n<p><a href=\"http:\/\/dominique.sciamma.com\/wp-content\/uploads\/2012\/12\/BookletCouv-FR-new.jpg\"><img loading=\"lazy\" decoding=\"async\" class=\"alignnone size-large wp-image-667\" alt=\"BookletCouv-FR-new\" src=\"http:\/\/dominique.sciamma.com\/wp-content\/uploads\/2012\/12\/BookletCouv-FR-new-1024x774.jpg\" width=\"584\" height=\"441\" srcset=\"https:\/\/dominique.sciamma.com\/wp-content\/uploads\/2012\/12\/BookletCouv-FR-new-1024x774.jpg 1024w, https:\/\/dominique.sciamma.com\/wp-content\/uploads\/2012\/12\/BookletCouv-FR-new-300x226.jpg 300w, https:\/\/dominique.sciamma.com\/wp-content\/uploads\/2012\/12\/BookletCouv-FR-new-396x300.jpg 396w\" sizes=\"(max-width: 584px) 100vw, 584px\" \/><\/a><\/p>\n<p><a href=\"http:\/\/dominique.sciamma.com\/wp-content\/uploads\/2012\/12\/DVDcouv-new.jpg\"><img loading=\"lazy\" decoding=\"async\" class=\"alignnone size-large wp-image-672\" alt=\"DVDcouv-new\" src=\"http:\/\/dominique.sciamma.com\/wp-content\/uploads\/2012\/12\/DVDcouv-new-1024x693.jpg\" width=\"584\" height=\"395\" srcset=\"https:\/\/dominique.sciamma.com\/wp-content\/uploads\/2012\/12\/DVDcouv-new-1024x693.jpg 1024w, https:\/\/dominique.sciamma.com\/wp-content\/uploads\/2012\/12\/DVDcouv-new-300x203.jpg 300w, https:\/\/dominique.sciamma.com\/wp-content\/uploads\/2012\/12\/DVDcouv-new-442x300.jpg 442w\" sizes=\"(max-width: 584px) 100vw, 584px\" \/><\/a><\/p>\n<p>&nbsp;<\/p>\n<p><IFRAME SRC=\"http:\/\/dominique.sciamma.com\/Anims\/Oligos\/Oligoplayer.html\" width=\"600\" height=\"450\"><\/IFRAME><\/p>\n","protected":false},"excerpt":{"rendered":"<p>En 2001, la soci\u00e9t\u00e9 KERIS, cr\u00e9\u00e9e et dirig\u00e9e par mon ami Jean-Marc KERISIT, avec qui j&rsquo;ai travaill\u00e9 chez Bull, puis chez EDS, me demande d&rsquo;assurer la directionn artistique et la conception de l&rsquo;interface d&rsquo;un logiciel de commande de d&rsquo;Oligonucl\u00e9otides pour &hellip; <a href=\"https:\/\/dominique.sciamma.com\/?page_id=661\">Lire la suite <span class=\"meta-nav\">&rarr;<\/span><\/a><\/p>\n","protected":false},"author":1,"featured_media":0,"parent":617,"menu_order":3,"comment_status":"closed","ping_status":"open","template":"","meta":{"footnotes":""},"_links":{"self":[{"href":"https:\/\/dominique.sciamma.com\/index.php?rest_route=\/wp\/v2\/pages\/661"}],"collection":[{"href":"https:\/\/dominique.sciamma.com\/index.php?rest_route=\/wp\/v2\/pages"}],"about":[{"href":"https:\/\/dominique.sciamma.com\/index.php?rest_route=\/wp\/v2\/types\/page"}],"author":[{"embeddable":true,"href":"https:\/\/dominique.sciamma.com\/index.php?rest_route=\/wp\/v2\/users\/1"}],"replies":[{"embeddable":true,"href":"https:\/\/dominique.sciamma.com\/index.php?rest_route=%2Fwp%2Fv2%2Fcomments&post=661"}],"version-history":[{"count":16,"href":"https:\/\/dominique.sciamma.com\/index.php?rest_route=\/wp\/v2\/pages\/661\/revisions"}],"predecessor-version":[{"id":703,"href":"https:\/\/dominique.sciamma.com\/index.php?rest_route=\/wp\/v2\/pages\/661\/revisions\/703"}],"up":[{"embeddable":true,"href":"https:\/\/dominique.sciamma.com\/index.php?rest_route=\/wp\/v2\/pages\/617"}],"wp:attachment":[{"href":"https:\/\/dominique.sciamma.com\/index.php?rest_route=%2Fwp%2Fv2%2Fmedia&parent=661"}],"curies":[{"name":"wp","href":"https:\/\/api.w.org\/{rel}","templated":true}]}}