{"id":704,"date":"2013-01-01T08:19:37","date_gmt":"2013-01-01T07:19:37","guid":{"rendered":"http:\/\/dominique.sciamma.com\/?page_id=704"},"modified":"2013-01-02T07:38:56","modified_gmt":"2013-01-02T06:38:56","slug":"jsi","status":"publish","type":"page","link":"https:\/\/dominique.sciamma.com\/?page_id=704","title":{"rendered":"JSI"},"content":{"rendered":"<p>En 2002, <strong>Jean SCHALIT<\/strong>, le patron de JSI, soci\u00e9t\u00e9 leader dans la r\u00e9alisation d&rsquo;Infographie pour la presse, me demande de sc\u00e9nariser plusieurs infographie interactive destin\u00e9e au site <strong>Phospore.com<\/strong>.<\/p>\n<p>J&rsquo;en sc\u00e9narise 4 en tout sur :<\/p>\n<ol>\n<li><span style=\"line-height: 15px;\"><strong>L&rsquo;effet de Serre<\/strong> :\u00a0<\/span>\n<ol>\n<li><a title=\"JSI \u2013 Effet de Serre \u2013 Cause\" href=\"http:\/\/dominique.sciamma.com\/?p=707\">Les causes<\/a><\/li>\n<li><a title=\"JSI \u2013 Effet de Serre \u2013 M\u00e9canisme\" href=\"http:\/\/dominique.sciamma.com\/?p=718\">Le m\u00e9canisme<\/a><\/li>\n<li><a title=\"JSI \u2013 Effet de Serre \u2013 Cons\u00e9quence\" href=\"http:\/\/dominique.sciamma.com\/?p=720\">Les cons\u00e9quence<\/a>s<\/li>\n<\/ol>\n<\/li>\n<li><a title=\"JSI \u2013 Cor\u00e9e\" href=\"http:\/\/dominique.sciamma.com\/?p=722\"><strong>La Cor\u00e9e<\/strong><\/a><\/li>\n<li><strong>Le Japon<\/strong> :\n<ol>\n<li><a title=\"JSI \u2013 Japon \u2013 Economie\" href=\"http:\/\/dominique.sciamma.com\/?p=730\">L&rsquo;\u00e9conomie Japonaise<\/a><\/li>\n<li><a title=\"JSI \u2013 Japon \u2013 De L\u2019Ere Meiji \u00e0 Hiroshima\" href=\"http:\/\/dominique.sciamma.com\/?p=732\">De l&rsquo;Ere Meiji \u00e0 Hiroshima<\/a><\/li>\n<li><a title=\"JSI \u2013 Japon \u2013 Soci\u00e9t\u00e9\" href=\"http:\/\/dominique.sciamma.com\/?p=724\">La soci\u00e9t\u00e9 Japonaise<\/a><\/li>\n<\/ol>\n<\/li>\n<li><strong>La Justice<\/strong> :\n<ol>\n<li><a title=\"JSI \u2013 Justice \u2013 Le Divorce\" href=\"http:\/\/dominique.sciamma.com\/?p=734\">Le Divorce<\/a><\/li>\n<li><a title=\"JSI \u2013 Justice \u2013 Le D\u00e9lit\" href=\"http:\/\/dominique.sciamma.com\/?p=736\">Le Delit<\/a><\/li>\n<li><a title=\"JSI \u2013 Justice \u2013 Le D\u00e9lit Grave\" href=\"http:\/\/dominique.sciamma.com\/?p=738\">Le D\u00e9lit grave<\/a><\/li>\n<li><a title=\"JSI \u2013 Justice \u2013 Le Crime\" href=\"http:\/\/dominique.sciamma.com\/?p=740\">Le Crime<\/a><\/li>\n<\/ol>\n<\/li>\n<\/ol>\n<p>En 2004, \u00e0 l&rsquo;occasion du <strong>60\u00e8me anniversaire du d\u00e9barquement<\/strong>, JSI me demandera de travailler sur un site d\u00e9di\u00e9 \u00e0 l&rsquo;\u00e9v\u00e9nement, en anglais. je m&rsquo;associerai \u00e0 cette occasion \u00e0 ma fille C\u00e9line, encore \u00e0 la FEMIS \u00e0 cette \u00e9poque, et \u00e0 mon camarade de toujours <a title=\"les animations du d\u00e9barquement\" href=\"http:\/\/www.smester.com\/JSI-ide\" target=\"_blank\"><strong>Bernard PRIEUR-SMESTER<\/strong><\/a>.<\/p>\n<p>&nbsp;<\/p>\n","protected":false},"excerpt":{"rendered":"<p>En 2002, Jean SCHALIT, le patron de JSI, soci\u00e9t\u00e9 leader dans la r\u00e9alisation d&rsquo;Infographie pour la presse, me demande de sc\u00e9nariser plusieurs infographie interactive destin\u00e9e au site Phospore.com. J&rsquo;en sc\u00e9narise 4 en tout sur : L&rsquo;effet de Serre :\u00a0 Les &hellip; <a href=\"https:\/\/dominique.sciamma.com\/?page_id=704\">Lire la suite <span class=\"meta-nav\">&rarr;<\/span><\/a><\/p>\n","protected":false},"author":1,"featured_media":0,"parent":617,"menu_order":6,"comment_status":"closed","ping_status":"open","template":"","meta":{"footnotes":""},"_links":{"self":[{"href":"https:\/\/dominique.sciamma.com\/index.php?rest_route=\/wp\/v2\/pages\/704"}],"collection":[{"href":"https:\/\/dominique.sciamma.com\/index.php?rest_route=\/wp\/v2\/pages"}],"about":[{"href":"https:\/\/dominique.sciamma.com\/index.php?rest_route=\/wp\/v2\/types\/page"}],"author":[{"embeddable":true,"href":"https:\/\/dominique.sciamma.com\/index.php?rest_route=\/wp\/v2\/users\/1"}],"replies":[{"embeddable":true,"href":"https:\/\/dominique.sciamma.com\/index.php?rest_route=%2Fwp%2Fv2%2Fcomments&post=704"}],"version-history":[{"count":5,"href":"https:\/\/dominique.sciamma.com\/index.php?rest_route=\/wp\/v2\/pages\/704\/revisions"}],"predecessor-version":[{"id":838,"href":"https:\/\/dominique.sciamma.com\/index.php?rest_route=\/wp\/v2\/pages\/704\/revisions\/838"}],"up":[{"embeddable":true,"href":"https:\/\/dominique.sciamma.com\/index.php?rest_route=\/wp\/v2\/pages\/617"}],"wp:attachment":[{"href":"https:\/\/dominique.sciamma.com\/index.php?rest_route=%2Fwp%2Fv2%2Fmedia&parent=704"}],"curies":[{"name":"wp","href":"https:\/\/api.w.org\/{rel}","templated":true}]}}