{"id":761,"date":"2013-01-01T16:15:30","date_gmt":"2013-01-01T15:15:30","guid":{"rendered":"http:\/\/dominique.sciamma.com\/?page_id=761"},"modified":"2013-01-01T16:15:30","modified_gmt":"2013-01-01T15:15:30","slug":"jeux-video","status":"publish","type":"page","link":"https:\/\/dominique.sciamma.com\/?page_id=761","title":{"rendered":"Jeux Video"},"content":{"rendered":"<p>Ainsi que je l&rsquo;ai dit dans la page consacr\u00e9e au <a title=\"Multim\u00e9dia\" href=\"http:\/\/dominique.sciamma.com\/?page_id=617\"><strong>multim\u00e9dia<\/strong><\/a>, je profite de l&rsquo;ann\u00e9e <strong>1996<\/strong> pour rencontrer de nombreux acteurs de ce march\u00e9, sur lequel sont d\u00e9ja positionne, et depuis longtemps, les \u00e9diteurs de jeux video, qui abordent cependant ce nouveau amrch\u00e9 que sont les PC grand public.<\/p>\n<p>J&rsquo;ai ainsi la chance de rencontrer en 1995 les fondateurs de CRYO (<strong><a title=\"La fiche de Jean-Martial LEFRANC sur Wikipedia\" href=\"http:\/\/fr.wikipedia.org\/wiki\/Jean-Martial_Lefranc\" target=\"_blank\">Jean-Martial LEFRANC<\/a>,\u00a0<a title=\"La fiche Wikipedia de Philippe ULRICH\" href=\"http:\/\/fr.wikipedia.org\/wiki\/Philippe_Ulrich\" target=\"_blank\">Philippe ULRICH<\/a>, <a href=\"http:\/\/www.lesmetiers.net\/orientation\/p1_325170\/emmanuel-forsans-directeur-general-de-lafjv-paris-75\" target=\"_blank\">Emmanuel FORSANS<\/a><\/strong>), au moment o\u00f9 ils tentent de monter le \u00ab\u00a0<strong>Deuxi\u00e8me Monde<\/strong>\u00a0\u00bb avec Alain <strong>Lediberder<\/strong> chez Canal +.<\/p>\n<p>Je suis d\u00e9j\u00e0 en contact \u00e0 cette \u00e9poque avec <strong>DARGAUD<\/strong>, que je conseille officieusement sur une position potentielle sur le march\u00e9 des jeux video. Je vais de fait \u00eatre \u00e0 l&rsquo;intiiative, en 1997, du<a title=\"Le Myst\u00e8re XIII\" href=\"http:\/\/dominique.sciamma.com\/?page_id=626\" target=\"_blank\"><strong> CD-ROM \u00ab\u00a0Le Myst\u00e8re XIII<\/strong><\/a>\u00ab\u00a0, qui sera coporoduit par m6, France Telecom et SDI.<\/p>\n<p>Je suis aussi impliqu\u00e9, des \u00a01996, sur un <strong>projet de jeu video sur Val\u00e9rian<\/strong> pour l'\u00a0\u00bbditeur <strong>MICROFOLIES<\/strong>, pour lequel Jean-Claude <strong>MEZIERES<\/strong> et Pierre <strong>CHRISTIN<\/strong> &#8211; les papas de Val\u00e9rian &#8211; me demandent de reprendre un sc\u00e9nario d\u00e9j\u00e0 \u00e9crit, mais qui s&rsquo;\u00e9loigne trop \u00e0 leur yeux de leur univers.<br \/>\nJe retravaillerais 2 ans plus tard sur un <strong>nouveau projet<\/strong>, cette fois-ci pour l&rsquo;\u00e9diteur <strong>Virtual Studio<\/strong>, dirig\u00e9 par Emmanuel FORSANS. Un nouveau sc\u00e9nario a \u00e9t\u00e9 \u00e9crit, que je suis amen\u00e9 encore une fois \u00e0 <strong>remettre en cause<\/strong>, et j&rsquo;en propose <strong>un nouveau<\/strong>.<br \/>\nLas, le projet, l\u00e0 aussi, ne verra pas le jour.<\/p>\n<p>En <strong>1999<\/strong>, je suis contact\u00e9 par <strong>Philippe SEGARD<\/strong>, que j&rsquo;avais rencontr\u00e9 chez Virtual Studio, pour travailler sur <a title=\"Tintin 3D sur PlayStation\" href=\"http:\/\/dominique.sciamma.com\/?page_id=685\" target=\"_blank\"><strong>une adaptation en 3D de Tintin sur PlayStatio<\/strong><\/a>n, pour <strong>INFOGRAMES<\/strong>. Je vais en \u00a0r\u00e9aliser le <strong>pr\u00e9-game design<\/strong>.<\/p>\n<p>Enfin, en <strong>1999<\/strong>, je suis contact\u00e9 par SAGEM Mobile pour concevoir un jeu destin\u00e9 \u00e0 leur t\u00e9l\u00e9phones mobiles. Je leur propose de d\u00e9velopper une variante du jeu de\u00a0conqu\u00eate\u00a0de territoire XONIX, en lui apportant de nouvelles r\u00e8gles et de nouveaux personnages. Cela donnera le jeu <strong>MEGABOX CONQUES<\/strong>T, sorti en 2001.<\/p>\n<ul>\n<li><a title=\"Le Myst\u00e8re XIII\" href=\"http:\/\/dominique.sciamma.com\/?page_id=626\"><strong>Le Myst\u00e8re XIII\u00a0<\/strong><\/a>\u00a0(copproduit par Dargaud, M6, France Telecom et SDI)<\/li>\n<li><a title=\"Tintin 3D sur PlayStation\" href=\"http:\/\/dominique.sciamma.com\/?page_id=685\"><strong>Pr\u00e9-game Design de Tintin<\/strong>\u00a0<\/a>sur PlayStaion (\u00e9dite par Infogrames)<\/li>\n<li><strong><a title=\"Oligo Player\" href=\"http:\/\/dominique.sciamma.com\/?page_id=661\">\u00a0<\/a>Val\u00e9rian &#8211; le jeu : Pour MicroFolies, puis Virtual Studio<\/strong><\/li>\n<li><strong>Megabox Conquest<\/strong> : pour t\u00e9l\u00e9phone mobile SAGEM<\/li>\n<\/ul>\n","protected":false},"excerpt":{"rendered":"<p>Ainsi que je l&rsquo;ai dit dans la page consacr\u00e9e au multim\u00e9dia, je profite de l&rsquo;ann\u00e9e 1996 pour rencontrer de nombreux acteurs de ce march\u00e9, sur lequel sont d\u00e9ja positionne, et depuis longtemps, les \u00e9diteurs de jeux video, qui abordent cependant &hellip; <a href=\"https:\/\/dominique.sciamma.com\/?page_id=761\">Lire la suite <span class=\"meta-nav\">&rarr;<\/span><\/a><\/p>\n","protected":false},"author":1,"featured_media":0,"parent":543,"menu_order":3,"comment_status":"closed","ping_status":"open","template":"","meta":{"footnotes":""},"_links":{"self":[{"href":"https:\/\/dominique.sciamma.com\/index.php?rest_route=\/wp\/v2\/pages\/761"}],"collection":[{"href":"https:\/\/dominique.sciamma.com\/index.php?rest_route=\/wp\/v2\/pages"}],"about":[{"href":"https:\/\/dominique.sciamma.com\/index.php?rest_route=\/wp\/v2\/types\/page"}],"author":[{"embeddable":true,"href":"https:\/\/dominique.sciamma.com\/index.php?rest_route=\/wp\/v2\/users\/1"}],"replies":[{"embeddable":true,"href":"https:\/\/dominique.sciamma.com\/index.php?rest_route=%2Fwp%2Fv2%2Fcomments&post=761"}],"version-history":[{"count":2,"href":"https:\/\/dominique.sciamma.com\/index.php?rest_route=\/wp\/v2\/pages\/761\/revisions"}],"predecessor-version":[{"id":764,"href":"https:\/\/dominique.sciamma.com\/index.php?rest_route=\/wp\/v2\/pages\/761\/revisions\/764"}],"up":[{"embeddable":true,"href":"https:\/\/dominique.sciamma.com\/index.php?rest_route=\/wp\/v2\/pages\/543"}],"wp:attachment":[{"href":"https:\/\/dominique.sciamma.com\/index.php?rest_route=%2Fwp%2Fv2%2Fmedia&parent=761"}],"curies":[{"name":"wp","href":"https:\/\/api.w.org\/{rel}","templated":true}]}}