{"id":767,"date":"2013-01-01T22:17:43","date_gmt":"2013-01-01T21:17:43","guid":{"rendered":"http:\/\/dominique.sciamma.com\/?page_id=767"},"modified":"2013-01-02T08:13:43","modified_gmt":"2013-01-02T07:13:43","slug":"vaer","status":"publish","type":"page","link":"https:\/\/dominique.sciamma.com\/?page_id=767","title":{"rendered":"Val\u00e9rian &#8211; Le Jeu Video"},"content":{"rendered":"<p>Ayant rencontr\u00e9 <strong>jean-Claude MEZIERES<\/strong> \u00e0 Singapour, nous sommes rest\u00e9s plus qu&rsquo;en contact, puisque nous sommes devenus amis et avons pu lancer plusieurs projets ensemble (dont \u00ab\u00a0<a title=\"Les Enfants d\u2019Eole\" href=\"http:\/\/dominique.sciamma.com\/?page_id=481\"><strong>Les Enfants d&rsquo;Eole<\/strong><\/a>\u00ab\u00a0, projet de dessin anim\u00e9).<\/p>\n<p>En 1996, Jean-Claude et son comp\u00e8re <strong>Pierre CHRISTIN<\/strong> font appel \u00e0 moi pour (re)travailler sur un sc\u00e9nario de jeu video adapt\u00e9 des aventures de leur h\u00e9ros f\u00e9tiche par l&rsquo;\u00e9diteur <strong>Microfolies<\/strong>.<\/p>\n<p><a href=\"http:\/\/dominique.sciamma.com\/wp-content\/uploads\/2013\/01\/VALERIAN-ET-LAURELINE.jpg\"><img loading=\"lazy\" decoding=\"async\" class=\"alignnone size-medium wp-image-777\" alt=\"VALERIAN-ET-LAURELINE\" src=\"http:\/\/dominique.sciamma.com\/wp-content\/uploads\/2013\/01\/VALERIAN-ET-LAURELINE-300x102.jpg\" width=\"300\" height=\"102\" srcset=\"https:\/\/dominique.sciamma.com\/wp-content\/uploads\/2013\/01\/VALERIAN-ET-LAURELINE-300x102.jpg 300w, https:\/\/dominique.sciamma.com\/wp-content\/uploads\/2013\/01\/VALERIAN-ET-LAURELINE.jpg 500w\" sizes=\"(max-width: 300px) 100vw, 300px\" \/><\/a><\/p>\n<p>Je m&rsquo;y attelle avec passion et produit plusieurs versions de sc\u00e9narios sous le nom de code \u00ab\u00a0<strong>Seven Seals<\/strong>\u00a0\u00bb (<em>Les 7 sceaux<\/em>). Le projet ne voit cependant pas le jour.<\/p>\n<p>2 ann\u00e9es plus tard, c&rsquo;est maintenant <strong>Virtual Studio<\/strong> qui porte le projet, et un nouveau sc\u00e9nario a \u00e9t\u00e9 produit, tr\u00e8s \u00e9loign\u00e9, encore une fois, de l&rsquo;univers de Val\u00e9rian et de ses valeurs. On me demande alors de faire une lecture critique du sc\u00e9nario propos\u00e9, ce que je fais. C&rsquo;est \u00e0 ce moment que je rencontre <strong>Philippe SEGARD<\/strong>, que je recroiserais plusieurs fois (notamment sur le projet <a title=\"Tintin 3D sur PlayStation\" href=\"http:\/\/dominique.sciamma.com\/?page_id=685\"><strong>Tintin en 3D<\/strong><\/a> pour Inforgames.<\/p>\n<p>Je travaille ensuite sur plusieurs projets de sc\u00e9nario pour aboutir \u00e0 une mouture originale.<br \/>\nL\u00e0 encore, le projet ne verra malheureusement pas le jour.<\/p>\n<p>Vous pouvez lire ici :<\/p>\n<ul>\n<li><a title=\"Mon premier sc\u00e9nario\" href=\"http:\/\/dominique.sciamma.com\/wp-content\/uploads\/2013\/01\/Valerian-1er-projet-1996.pdf\" target=\"_blank\"><strong>Mon\u00a0premier sc\u00e9nario<\/strong><\/a><\/li>\n<li><a title=\"Analyse critique du 2\u00e8me projet\" href=\"http:\/\/dominique.sciamma.com\/wp-content\/uploads\/2013\/01\/Valerian-2eme-projet-1998.pdf\" target=\"_blank\"><strong>L&rsquo;analyse critique du second projet<\/strong><\/a><\/li>\n<li><a title=\"Mon 2\u00e8me sc\u00e9nario\" href=\"http:\/\/dominique.sciamma.com\/wp-content\/uploads\/2013\/01\/Valerian-3eme-projet-1998.pdf\" target=\"_blank\"><strong>Mon deuxi\u00e8me sc\u00e9nario<\/strong><\/a><\/li>\n<li><a title=\"Game Play du 2\u00e8me sc\u00e9nario\" href=\"http:\/\/dominique.sciamma.com\/wp-content\/uploads\/2013\/01\/Valerian-3eme-game-play-1998.pdf\" target=\"_blank\"><strong>Le game Play du deuxi\u00e8me sc\u00e9nario<\/strong><\/a><\/li>\n<li><a title=\"les mondes du 2\u00e8me sc\u00e9nario\" href=\"http:\/\/dominique.sciamma.com\/wp-content\/uploads\/2013\/01\/Valerian-3eme-les-mondes-1998.pdf\" target=\"_blank\"><strong>La description des mondes du deuxi\u00e8me sc\u00e9nario<\/strong><\/a><\/li>\n<\/ul>\n<p>&nbsp;<\/p>\n","protected":false},"excerpt":{"rendered":"<p>Ayant rencontr\u00e9 jean-Claude MEZIERES \u00e0 Singapour, nous sommes rest\u00e9s plus qu&rsquo;en contact, puisque nous sommes devenus amis et avons pu lancer plusieurs projets ensemble (dont \u00ab\u00a0Les Enfants d&rsquo;Eole\u00ab\u00a0, projet de dessin anim\u00e9). En 1996, Jean-Claude et son comp\u00e8re Pierre CHRISTIN &hellip; <a href=\"https:\/\/dominique.sciamma.com\/?page_id=767\">Lire la suite <span class=\"meta-nav\">&rarr;<\/span><\/a><\/p>\n","protected":false},"author":1,"featured_media":0,"parent":761,"menu_order":0,"comment_status":"closed","ping_status":"open","template":"","meta":{"footnotes":""},"_links":{"self":[{"href":"https:\/\/dominique.sciamma.com\/index.php?rest_route=\/wp\/v2\/pages\/767"}],"collection":[{"href":"https:\/\/dominique.sciamma.com\/index.php?rest_route=\/wp\/v2\/pages"}],"about":[{"href":"https:\/\/dominique.sciamma.com\/index.php?rest_route=\/wp\/v2\/types\/page"}],"author":[{"embeddable":true,"href":"https:\/\/dominique.sciamma.com\/index.php?rest_route=\/wp\/v2\/users\/1"}],"replies":[{"embeddable":true,"href":"https:\/\/dominique.sciamma.com\/index.php?rest_route=%2Fwp%2Fv2%2Fcomments&post=767"}],"version-history":[{"count":6,"href":"https:\/\/dominique.sciamma.com\/index.php?rest_route=\/wp\/v2\/pages\/767\/revisions"}],"predecessor-version":[{"id":842,"href":"https:\/\/dominique.sciamma.com\/index.php?rest_route=\/wp\/v2\/pages\/767\/revisions\/842"}],"up":[{"embeddable":true,"href":"https:\/\/dominique.sciamma.com\/index.php?rest_route=\/wp\/v2\/pages\/761"}],"wp:attachment":[{"href":"https:\/\/dominique.sciamma.com\/index.php?rest_route=%2Fwp%2Fv2%2Fmedia&parent=767"}],"curies":[{"name":"wp","href":"https:\/\/api.w.org\/{rel}","templated":true}]}}