{"id":781,"date":"2013-01-01T22:59:51","date_gmt":"2013-01-01T21:59:51","guid":{"rendered":"http:\/\/dominique.sciamma.com\/?page_id=781"},"modified":"2013-01-01T23:05:36","modified_gmt":"2013-01-01T22:05:36","slug":"megabox-conquest","status":"publish","type":"page","link":"https:\/\/dominique.sciamma.com\/?page_id=781","title":{"rendered":"MegaBox Conquest"},"content":{"rendered":"<p><strong>En 1999<\/strong>, Je suis contact\u00e9 par le marketing de Sagem Mobile pour concevoir un jeu embl\u00e9matique pour leur nouveau mobile MYX-1.<br \/>\nIls sont en fait \u00e0 la recherche d&rsquo;un <strong>jeu aussi addictif<\/strong> <strong>que le serpent sur Nokia<\/strong>, qui puisse servir de service diff\u00e9renciant \u00e0 leur tout nouveau produit.<\/p>\n<p><a href=\"http:\/\/dominique.sciamma.com\/wp-content\/uploads\/2013\/01\/megaboxconquest.gif\"><img loading=\"lazy\" decoding=\"async\" class=\"alignnone size-full wp-image-768\" alt=\"megaboxconquest\" src=\"http:\/\/dominique.sciamma.com\/wp-content\/uploads\/2013\/01\/megaboxconquest.gif\" width=\"272\" height=\"185\" \/><\/a><\/p>\n<p>Je repense alors \u00e0 ce jeu, totalement addictif, auquel nous jouions au centre de recherche du Groupe Bull au milieu des ann\u00e9es 80, pendant que nous attendions la fin de nos compilations, j&rsquo;a nomm\u00e9 <a title=\"Jouez \u00e0 XONIX.\" href=\"http:\/\/www.vemix.com\/Games\/xonix\/xonix.php\/\" target=\"_blank\"><strong>XONIX<\/strong><\/a>.<\/p>\n<p>XONIX est un jeu de conqu\u00eate de territoire, o\u00f9 vous devez gagner sur le territoire d&rsquo;ennemis mobiles, en cl\u00f4turant des trajectoires avant que vos ennemis. Je d\u00e9cide cependant d&rsquo;y <strong>ajouter<\/strong> des <strong>nouveaut\u00e9s<\/strong>, entre autres des <strong>ennemis<\/strong> avec de <strong>nouveaux comportements<\/strong>, ainsi que des <strong>bonus<\/strong> \u00e0 aller chercher sur le territoire ennemi.<\/p>\n<p>Je travaille avec <strong>Cedric COSSART<\/strong> sur le graphisme, et avec <a title=\"Monsieur du Son !\" href=\"http:\/\/www.monsieurduson.com\/?tag=eugene-lledo\" target=\"_blank\"><strong>Eug\u00e8ne LLEDO<\/strong><\/a> sur le design sonore.<\/p>\n<p>Je fais \u00e0 un moment remarquer au marketing de SAGEM que <strong>SAGEM \u00e0 l&rsquo;envers donne MEGAS<\/strong>, et il est donc d\u00e9cid\u00e9 d&rsquo;appeler le jeu MEGABOX CONQUEST.<\/p>\n<p><strong>Le jeu est finalis\u00e9 au tout d\u00e9but 2001.<\/strong><\/p>\n<p><a href=\"http:\/\/dominique.sciamma.com\/wp-content\/uploads\/2013\/01\/MYX-1.jpg\"><img loading=\"lazy\" decoding=\"async\" class=\"alignnone size-full wp-image-782\" alt=\"MYX-1\" src=\"http:\/\/dominique.sciamma.com\/wp-content\/uploads\/2013\/01\/MYX-1.jpg\" width=\"166\" height=\"360\" srcset=\"https:\/\/dominique.sciamma.com\/wp-content\/uploads\/2013\/01\/MYX-1.jpg 166w, https:\/\/dominique.sciamma.com\/wp-content\/uploads\/2013\/01\/MYX-1-138x300.jpg 138w\" sizes=\"(max-width: 166px) 100vw, 166px\" \/><\/a><\/p>\n<p><a title=\"Sp\u00e9cification de MegaBox Conquest\" href=\"http:\/\/dominique.sciamma.com\/wp-content\/uploads\/2013\/01\/Xonix-design-4.pdf\" target=\"_blank\"><strong>Lisez ici les specs du jeu !<\/strong><\/a><\/p>\n<p>&nbsp;<\/p>\n<p>&nbsp;<\/p>\n","protected":false},"excerpt":{"rendered":"<p>En 1999, Je suis contact\u00e9 par le marketing de Sagem Mobile pour concevoir un jeu embl\u00e9matique pour leur nouveau mobile MYX-1. Ils sont en fait \u00e0 la recherche d&rsquo;un jeu aussi addictif que le serpent sur Nokia, qui puisse servir &hellip; <a href=\"https:\/\/dominique.sciamma.com\/?page_id=781\">Lire la suite <span class=\"meta-nav\">&rarr;<\/span><\/a><\/p>\n","protected":false},"author":1,"featured_media":0,"parent":761,"menu_order":4,"comment_status":"closed","ping_status":"open","template":"","meta":{"footnotes":""},"_links":{"self":[{"href":"https:\/\/dominique.sciamma.com\/index.php?rest_route=\/wp\/v2\/pages\/781"}],"collection":[{"href":"https:\/\/dominique.sciamma.com\/index.php?rest_route=\/wp\/v2\/pages"}],"about":[{"href":"https:\/\/dominique.sciamma.com\/index.php?rest_route=\/wp\/v2\/types\/page"}],"author":[{"embeddable":true,"href":"https:\/\/dominique.sciamma.com\/index.php?rest_route=\/wp\/v2\/users\/1"}],"replies":[{"embeddable":true,"href":"https:\/\/dominique.sciamma.com\/index.php?rest_route=%2Fwp%2Fv2%2Fcomments&post=781"}],"version-history":[{"count":4,"href":"https:\/\/dominique.sciamma.com\/index.php?rest_route=\/wp\/v2\/pages\/781\/revisions"}],"predecessor-version":[{"id":785,"href":"https:\/\/dominique.sciamma.com\/index.php?rest_route=\/wp\/v2\/pages\/781\/revisions\/785"}],"up":[{"embeddable":true,"href":"https:\/\/dominique.sciamma.com\/index.php?rest_route=\/wp\/v2\/pages\/761"}],"wp:attachment":[{"href":"https:\/\/dominique.sciamma.com\/index.php?rest_route=%2Fwp%2Fv2%2Fmedia&parent=781"}],"curies":[{"name":"wp","href":"https:\/\/api.w.org\/{rel}","templated":true}]}}