{"id":843,"date":"2013-01-02T08:43:10","date_gmt":"2013-01-02T07:43:10","guid":{"rendered":"http:\/\/dominique.sciamma.com\/?page_id=843"},"modified":"2013-01-12T11:35:29","modified_gmt":"2013-01-12T10:35:29","slug":"ma-ville-un-reseau","status":"publish","type":"page","link":"https:\/\/dominique.sciamma.com\/?page_id=843","title":{"rendered":"Ma Ville, un R\u00e9seau"},"content":{"rendered":"<p><strong>En 2000<\/strong>, je travaille avec la plasticienne <a title=\"Le Blog de Catherine Van Den Steen\" href=\"http:\/\/catherinevandensteen.blogspot.fr\/\" target=\"_blank\"><strong>Catherine Van Den Steen<\/strong><\/a> sur un projet p\u00e9dagogique autour d&rsquo;<strong>Internet M\u00e9taphore de la Ville <\/strong>: c&rsquo;est le projet<strong> \u00ab\u00a0Ma Ville un r\u00e9seau\u00a0\u00bb<\/strong>. Nous nous \u00e9tions rencontr\u00e9 quelques temps auparavant, puisque je poss\u00e8de plusieurs oeuvres peintes de Catherine. C&rsquo;est elle qui est venu avec une \u00e9bauche de projet, o\u00f9 elle avait besoin de la vision d&rsquo;un professionnel pour lui permettre de s&rsquo;exprimer pleinement. C&rsquo;est moi qui lui propose d&rsquo;int\u00e9grer Internet comme m\u00e9taphore de la ville dans son projet.<\/p>\n<p><a href=\"http:\/\/dominique.sciamma.com\/wp-content\/uploads\/2013\/01\/maville300.jpg\"><img loading=\"lazy\" decoding=\"async\" class=\"alignnone size-full wp-image-1139\" alt=\"maville300\" src=\"http:\/\/dominique.sciamma.com\/wp-content\/uploads\/2013\/01\/maville300.jpg\" width=\"300\" height=\"67\" \/><\/a><\/p>\n<p>L&rsquo;objectif \u00e9tait le suivant :<\/p>\n<hr \/>\n<h2 style=\"padding-left: 30px;\"><em>Internet comme m\u00e9taphore de la ville<\/em><\/h2>\n<p style=\"padding-left: 30px;\"><em>Depuis son av\u00e8nement public, il y a plus de 5 ans, Internet est pr\u00e9sent\u00e9 comme un nouvel espace virtuel, o\u00f9, comme dans une cit\u00e9 humaine, on peut faire des rencontres, discuter, \u00e9changer des documents, acheter et vendre, consommer, ou participer \u00e0 divers \u00e9v\u00e9nements.<\/em><\/p>\n<p style=\"padding-left: 30px;\"><em>Les commentateurs, autoris\u00e9s ou non, nous parlent alors d\u2019Internet comme d\u2019un nouvel espace de libert\u00e9, forc\u00e9ment f\u00e9d\u00e9rateur, o\u00f9 l\u2019esprit de d\u00e9couverte (d\u2019autres cultures, d\u2019autres individus, d\u2019autres exp\u00e9riences) serait syst\u00e9matiquement \u00e0 l\u2019\u0153uvre. La curiosit\u00e9 serait alors consubstantielle au web.<\/em><\/p>\n<p style=\"padding-left: 30px;\"><em>A y regarder de plus pr\u00e8s, on s\u2019aper\u00e7oit cependant que cela n\u2019est pas si simple et que, comme dans notre monde \u00ab\u00a0r\u00e9el\u00a0\u00bb le plus imm\u00e9diat &#8211; la ville o\u00f9 nous vivons \u2013 nous finissons par parcourir le web de mani\u00e8re routini\u00e8re, empruntant les m\u00eames chemins, visitant les m\u00eames sites, recherchant le m\u00eame type d\u2019information\u00a0: c\u2019est \u00e0 dire en ignorant une multitude d\u2019exp\u00e9riences, de cultures, d\u2019individus m\u00eames, qui ne sont pourtant souvent qu\u2019\u00e0 un click de port\u00e9e\u00a0!<\/em><\/p>\n<p style=\"padding-left: 30px;\"><em>Comme dans une ville,\u00a0 les raisons doivent \u00eatre cherch\u00e9e dans la structure de l\u2019espace lui-m\u00eame\u00a0: Comment les flux sont-ils organis\u00e9s\u00a0? Quelle signal\u00e9tique est mise en \u0153uvre\u00a0? comment se croisent-ils\u00a0? Et comment sont ils \u00ab\u00a0appropri\u00e9s\u00a0\u00bb par ceux qui les utilisent\u00a0?<br \/>\n<\/em><em>Urbaine ou \u00ab\u00a0Cyber\u00a0\u00bb, la probl\u00e9matique est donc la m\u00eame\u00a0: comment susciter les rencontres entre individus, communaut\u00e9s partageant un m\u00eame espace et s\u2019ignorant pourtant la plupart du temps\u00a0?<\/em><\/p>\n<p style=\"padding-left: 30px;\"><em>C\u2019est \u00e0 ce titre que ce projet p\u00e9dagogique se propose d\u2019inclure un travail sur Internet.<br \/>\n<\/em><em>Le Village, qu\u2019il soit local ou global, peut porter en lui toutes les ouvertures o\u00f9 toutes les ghetto\u00efsations suivant qu\u2019il est bien con\u00e7u, compris, appropri\u00e9.<\/em><\/p>\n<h2 style=\"padding-left: 30px;\"><em>Internet comme un outil<\/em><\/h2>\n<p style=\"padding-left: 30px;\"><em>Nous nous proposons aussi de mettre en \u0153uvre l\u2019Internet comme un v\u00e9ritable outil de travail sur ce projet.<\/em><\/p>\n<ul style=\"padding-left: 30px;\">\n<li style=\"padding-left: 30px;\"><em>Comme outil de communication (web cam, mail, \u00ab\u00a0chat\u00a0\u00bb, forum) entre les groupes (\u00e9coles, coll\u00e8ges, lyc\u00e9es) et individus (parents, intervenants, internautes m\u00eames) prenant part au projet. Cette communication pourra \u00eatre synchrone (web cam, \u00ab\u00a0chat\u00a0\u00bb) ou asynchrone (mail).<\/em><\/li>\n<li style=\"padding-left: 30px;\"><em>Comme\u00a0 Espace de travail commun\u00a0: les travaux de chaque groupe pourront \u00eatre visibles par tous les autres au sein d\u2019un espace priv\u00e9 d\u2019un site web d\u00e9di\u00e9 au projet.<\/em><\/li>\n<li style=\"padding-left: 30px;\"><em>Comme lieu d\u2019exposition\u00a0: pendant toute la dur\u00e9e du projet, l\u2019espace public du site web d\u00e9di\u00e9 permettra de suivre la progression du projet et de consulter la production des divers groupes. A la fin du projet, il sera le lieu id\u00e9al d\u2019exposition.<\/em><\/li>\n<\/ul>\n<h2 style=\"padding-left: 30px;\"><em>Une r\u00e9flexion bas\u00e9e sur l\u2019usage<\/em><\/h2>\n<p style=\"padding-left: 30px;\"><em>En entrela\u00e7ant ces deux utilisations d\u2019Internet, on s\u2019assure d\u2019une d\u00e9marche pragmatique et \u00ab\u00a0r\u00e9elle\u00a0\u00bb, permettant un r\u00e9flexion bas\u00e9e sur une prise en main op\u00e9rationnelle de l\u2019outil, loin d\u2019une approche acad\u00e9mique ou abstraite. Bref, en \u00e9tant sur le terrain, fut-il \u00ab\u00a0virtuel\u00a0\u00bb.<\/em><\/p>\n<p style=\"padding-left: 30px;\"><strong><a href=\"http:\/\/dominique.sciamma.com\/wp-content\/uploads\/2013\/01\/internet-ma-ville-un-reseau-2000.pdf\">Lire le document complet ici !<\/a><\/strong><\/p>\n<hr \/>\n<h1>LE PROJET PEDAGOGIQUE<\/h1>\n<p>A partir de la rentr\u00e9e 2000, <strong>associ\u00e9s \u00e0 l&rsquo;Usine Eph\u00e9m\u00e8re<\/strong> install\u00e9 dans la <strong>Caserne<\/strong> <strong>de<\/strong> <strong>Pontoise<\/strong>, et o\u00f9 Catherine est en r\u00e9sidence. nous d\u00e9finissons <a title=\"Projet P\u00e9dagogoque &quot;Ma Ville un R\u00e9seau&quot;\" href=\"http:\/\/dominique.sciamma.com\/wp-content\/uploads\/2013\/01\/Projet-pedagogique-ma-ville-un-reseau.pdf\" target=\"_blank\"><strong>un projet p\u00e9dagogique<\/strong><\/a> que nous allons proposer aux divers \u00e9tablissement de la Ville Nouvelle de Cergy Pontoise.<\/p>\n<p><a href=\"http:\/\/dominique.sciamma.com\/wp-content\/uploads\/2013\/01\/caserne.jpg\"><img loading=\"lazy\" decoding=\"async\" class=\"alignnone size-medium wp-image-848\" alt=\"caserne\" src=\"http:\/\/dominique.sciamma.com\/wp-content\/uploads\/2013\/01\/caserne-300x153.jpg\" width=\"300\" height=\"153\" srcset=\"https:\/\/dominique.sciamma.com\/wp-content\/uploads\/2013\/01\/caserne-300x153.jpg 300w, https:\/\/dominique.sciamma.com\/wp-content\/uploads\/2013\/01\/caserne.jpg 567w, https:\/\/dominique.sciamma.com\/wp-content\/uploads\/2013\/01\/caserne-500x255.jpg 500w\" sizes=\"(max-width: 300px) 100vw, 300px\" \/><\/a><\/p>\n<p>Nous y proposons d&rsquo;intervenir, ainsi que d&rsquo;autres<strong>\u00a0artistes r\u00e9sidents de La Caserne (<\/strong>architectes, plasticiens, photographes, &#8230;), o\u00f9, associ\u00e9s aux professeurs et \u00e0 leurs \u00a0\u00e9l\u00e8ves de plusieurs coll\u00e8ges de Cergy-Pontoise, nous allons travailler tout au long de l\u2019ann\u00e9e scolaire, ils vont aider ces adolescents \u00e0 partir \u00e0 la recherche \u00a0de leur ville et de ses habitants.<\/p>\n<p><strong>3 \u00e9tablissements scolaires sont concern\u00e9s en 2000-2001<\/strong>, dans des classes de SEGPA ou des 5\u00e8me, sur le territoire de la ville nouvelle de Cergy-Pontoise, puis <strong>9 classes en 2001-2002<\/strong>.<br \/>\nLes productions des \u00e9tudiants sont de toutes formes : reportage photo, peinture, textes, chor\u00e9graphie, musique, et sont donn\u00e9es \u00e0 voir ou \u00e0 entendre dans l&rsquo;espace public ou sur internet.<\/p>\n<p style=\"padding-left: 30px;\"><strong><a href=\"http:\/\/dominique.sciamma.com\/\/MaVilleUnReseau\/GerardPhilipe\/index.htm\">Voir ici un exemple de site collectant la production d&rsquo;une classe du coll\u00e8ge G\u00e9rard Philippe<\/a><\/strong><\/p>\n<p><a title=\"Le site Intertnet &quot;Surf des Jeunes&quot;\" href=\"http:\/\/dominique.sciamma.com\/MaVilleUnReseau\/Segpa\" target=\"_blank\"><\/p>\n<p style=\"padding-left: 30px;\"><strong>Voir ici un autre exemple de site collectant la production d&rsquo;une classe de SEGPA<\/strong><\/p>\n<p><\/a><\/p>\n<p style=\"padding-left: 30px;\"><strong><a href=\"http:\/\/dominique.sciamma.com\/wp-content\/uploads\/2013\/01\/livre-ma-ville-un-reseau.pdf\">Voir ici une nouvelle polici\u00e8re \u00e9crite par la classe SEGPA du Coll\u00e8ge des Touleuses<\/a><\/strong><\/p>\n<p>\u00a0<strong>J&rsquo;y interviens de deux mani\u00e8res :<\/strong><\/p>\n<ol>\n<li><strong>Au travers d&rsquo;un jeu que j&rsquo;ai imagin\u00e9, et qui transforme une classe en internet<\/strong> et o\u00f9 l&rsquo;on fait conftionner le protocole HTTP pour construire une page internet au tableau. Chacun a un role : afficheur, serveur, messager, instruction, etc&#8230;<br \/>\nEn d\u00e9composant la reconstruction d&rsquo;une page \u00e0 partir d&rsquo;une s\u00e9quence d&rsquo;instructions, lues et interpr\u00e9t\u00e9es par les acteurs de la classe, on d\u00e9mystifie le web tout en l&rsquo;expliquant.<\/li>\n<li><strong>Au travers d&rsquo;un <a title=\"Exercice Internet\" href=\"http:\/\/dominique.sciamma.com\/wp-content\/uploads\/2013\/01\/exercice-ma-ville-un-reseau.pdf\">exercice<\/a> autour d&rsquo;un site et de son exploration.<\/strong><br \/>\nOn demande \u00e0 des \u00e9l\u00e8ves en binomes de parcourir un site donn\u00e9 \u00e0 la recherche d&rsquo;information. Cela prend la forme d&rsquo;une chasse au tr\u00e9sor, o\u00f9 les \u00e9l\u00e8ves doivent vraiment explorer l&rsquo;espace du site.<\/li>\n<\/ol>\n<p>Pour la deuxi\u00e8me session 2001-2002, nous \u00e9laborons une <strong>\u00ab\u00a0Valise\u00a0\u00bb p\u00e9dagogique<\/strong> afin de mieux partager le projet avec les enseignants.<\/p>\n<p>Un <strong>projet de CD-ROM<\/strong> voit un moment le jour, mais ne va pas au bout.<\/p>\n<p>&nbsp;<\/p>\n<p>&nbsp;<\/p>\n","protected":false},"excerpt":{"rendered":"<p>En 2000, je travaille avec la plasticienne Catherine Van Den Steen sur un projet p\u00e9dagogique autour d&rsquo;Internet M\u00e9taphore de la Ville : c&rsquo;est le projet \u00ab\u00a0Ma Ville un r\u00e9seau\u00a0\u00bb. Nous nous \u00e9tions rencontr\u00e9 quelques temps auparavant, puisque je poss\u00e8de plusieurs &hellip; <a href=\"https:\/\/dominique.sciamma.com\/?page_id=843\">Lire la suite <span class=\"meta-nav\">&rarr;<\/span><\/a><\/p>\n","protected":false},"author":1,"featured_media":0,"parent":926,"menu_order":2,"comment_status":"closed","ping_status":"open","template":"","meta":{"footnotes":""},"_links":{"self":[{"href":"https:\/\/dominique.sciamma.com\/index.php?rest_route=\/wp\/v2\/pages\/843"}],"collection":[{"href":"https:\/\/dominique.sciamma.com\/index.php?rest_route=\/wp\/v2\/pages"}],"about":[{"href":"https:\/\/dominique.sciamma.com\/index.php?rest_route=\/wp\/v2\/types\/page"}],"author":[{"embeddable":true,"href":"https:\/\/dominique.sciamma.com\/index.php?rest_route=\/wp\/v2\/users\/1"}],"replies":[{"embeddable":true,"href":"https:\/\/dominique.sciamma.com\/index.php?rest_route=%2Fwp%2Fv2%2Fcomments&post=843"}],"version-history":[{"count":14,"href":"https:\/\/dominique.sciamma.com\/index.php?rest_route=\/wp\/v2\/pages\/843\/revisions"}],"predecessor-version":[{"id":846,"href":"https:\/\/dominique.sciamma.com\/index.php?rest_route=\/wp\/v2\/pages\/843\/revisions\/846"}],"up":[{"embeddable":true,"href":"https:\/\/dominique.sciamma.com\/index.php?rest_route=\/wp\/v2\/pages\/926"}],"wp:attachment":[{"href":"https:\/\/dominique.sciamma.com\/index.php?rest_route=%2Fwp%2Fv2%2Fmedia&parent=843"}],"curies":[{"name":"wp","href":"https:\/\/api.w.org\/{rel}","templated":true}]}}