{"id":871,"date":"2013-01-02T18:14:16","date_gmt":"2013-01-02T17:14:16","guid":{"rendered":"http:\/\/dominique.sciamma.com\/?page_id=871"},"modified":"2014-12-22T21:36:11","modified_gmt":"2014-12-22T20:36:11","slug":"autres-projets","status":"publish","type":"page","link":"https:\/\/dominique.sciamma.com\/?page_id=871","title":{"rendered":"Autres projets"},"content":{"rendered":"<p><strong>Plusieurs autres projets<\/strong>,\u00a0plus au moins aboutis, sont n\u00e9s entre 1984 et 2000 (et plusieurs autres viendront !).<br \/>\nCitons :<\/p>\n<ol>\n<li><strong>Entre les cases de Tintin<\/strong>\u00a0: projet de livre sur l&rsquo;univers d&rsquo;Herg\u00e9, propos\u00e9 (en vain) \u00e0 Casterman, qui ne voyait aucun avenir pour des livres sur le sujet (des visionnaires !)&#8230;..\n<ol>\n<li><a title=\"Entre les cases de Tintin\" href=\"http:\/\/dominique.sciamma.com\/?p=859\"><strong>Le projet<\/strong><\/a><\/li>\n<li><a title=\"Entre les cases de Tintin \u2013 L\u2019interview de Sedar Goronu M\u2019Tobu Ambassadeur du Congo \u00e0 Paris\" href=\"http:\/\/dominique.sciamma.com\/?p=868\"><strong>l&rsquo;interview \u00ab\u00a0Pilote\u00a0\u00bb de l&rsquo;Ambasseur du Congo \u00e0 Paris<\/strong><\/a>\u00a0:<br \/>\nA noter que cette interview imaginaire, fut enregistr\u00e9e par KERMIT, animateur d&rsquo;une \u00e9mission sur la BD sur Fr\u00e9quence Gay (FG), nomm\u00e9e \u00ab\u00a0M\u00e9t\u00e9ores\u00a0\u00bb, qui instancia mon id\u00e9e pour l&rsquo;\u00e9mission du premier anniversaire de la mort d&rsquo;Herg\u00e9 en mars 1984.<\/li>\n<\/ol>\n<\/li>\n<li><a title=\"Le P\u00e8re La BD\" href=\"http:\/\/dominique.sciamma.com\/wp-content\/uploads\/2014\/12\/Pe\u0300re-La-BD.pdf\" target=\"_blank\"><strong>Le P\u00e8re LaB\u00e9d\u00e9<\/strong><\/a>\u00a0: Texte \u00e9crit en 1984, interview d&rsquo;un jardiner imaginaire qui cutive litt\u00e9rlament les BD dans son jardin !<\/li>\n<li><strong>Une BD sur l&rsquo;IA<\/strong>\u00a0: projet de vulgarisation des concepts de l&rsquo;IA imagin\u00e9 en 1985.<\/li>\n<li><strong>Remi le Marlou<\/strong>\u00a0: collaboration en 1995 avec\u00a0<a title=\"le Blog de Christophe KOURITA\" href=\"http:\/\/www.kourita.com\/fr\/aventurier.html\" target=\"_blank\"><strong>Christophe KOURITA<\/strong><\/a>, qui m&rsquo;avait \u00e9t\u00e9 pr\u00e9sent\u00e9 par jean-Claude MEZIERES. Christophe voulait l&rsquo;aide d&rsquo;un \u00a0sc\u00e9nariste pour muscler ses r\u00e9cits sur son h\u00e9ros de la Butte Montmartre. Je lui fis plusieurs propositions qui n&rsquo;aboutirent pas. Spon projet de BD est depuis devenu un <a title=\"Remi le Marlou\" href=\"http:\/\/www.kourita.com\/fr\/remi.html\" target=\"_blank\"><strong>projet d&rsquo;Anim&rsquo;<\/strong><\/a>.<\/li>\n<li><a title=\"Le secret de Gaudi\" href=\"http:\/\/dominique.sciamma.com\/wp-content\/uploads\/2013\/01\/Le-secret-de-Gaudi-synopsis1.pdf\" target=\"_blank\"><strong>Le Secret de Gaudi<\/strong> <\/a>: projet imagin\u00e9 en 1994 autour de la ville de Barcelone, et de secrets milll\u00e9naire cach\u00e9es dans les ouvrages de Gaudi<\/li>\n<li><a title=\"Eldorasia !\" href=\"http:\/\/dominique.sciamma.com\/wp-content\/uploads\/2014\/12\/Eldorasia-synopsis.pdf\" target=\"_blank\"><strong>Eldorasia<\/strong> !<\/a> : projet de s\u00e9rie de BD sur la d\u00e9couverte de l&rsquo;Asie par un jeune mousse anglais au 16\u00e8me si\u00e8cle.<\/li>\n<li><a title=\"Cas De Conscience\" href=\"http:\/\/dominique.sciamma.com\/wp-content\/uploads\/2013\/01\/Cas-De-Conscience-1997.pdf\" target=\"_blank\"><strong>Cas de Conscience<\/strong><\/a> : un projet de BD pour la Caisse de D\u00e9pot et de Consignation de Bordeaux, destin\u00e9e \u00e0\u00a0sensibiliser et informer ses agents sur les probl\u00e8mes de d\u00e9ontologie (avec l&rsquo;Atelier Sanzot en 1997).<\/li>\n<li><a title=\"Apollo 13\" href=\"http:\/\/dominique.sciamma.com\/wp-content\/uploads\/2014\/12\/Apollo-13-c-est-pas-sorcier.pdf\" target=\"_blank\"><strong>Apollo 13<\/strong><\/a> : bande dessin\u00e9e pour une revue version papier de \u00ab\u00a0C&rsquo;est pas sorcier\u00a0\u00bb, qui ne vit jamais le jour.<\/li>\n<\/ol>\n","protected":false},"excerpt":{"rendered":"<p>Plusieurs autres projets,\u00a0plus au moins aboutis, sont n\u00e9s entre 1984 et 2000 (et plusieurs autres viendront !). Citons : Entre les cases de Tintin\u00a0: projet de livre sur l&rsquo;univers d&rsquo;Herg\u00e9, propos\u00e9 (en vain) \u00e0 Casterman, qui ne voyait aucun avenir &hellip; <a href=\"https:\/\/dominique.sciamma.com\/?page_id=871\">Lire la suite <span class=\"meta-nav\">&rarr;<\/span><\/a><\/p>\n","protected":false},"author":1,"featured_media":0,"parent":131,"menu_order":8,"comment_status":"closed","ping_status":"open","template":"","meta":{"footnotes":""},"_links":{"self":[{"href":"https:\/\/dominique.sciamma.com\/index.php?rest_route=\/wp\/v2\/pages\/871"}],"collection":[{"href":"https:\/\/dominique.sciamma.com\/index.php?rest_route=\/wp\/v2\/pages"}],"about":[{"href":"https:\/\/dominique.sciamma.com\/index.php?rest_route=\/wp\/v2\/types\/page"}],"author":[{"embeddable":true,"href":"https:\/\/dominique.sciamma.com\/index.php?rest_route=\/wp\/v2\/users\/1"}],"replies":[{"embeddable":true,"href":"https:\/\/dominique.sciamma.com\/index.php?rest_route=%2Fwp%2Fv2%2Fcomments&post=871"}],"version-history":[{"count":9,"href":"https:\/\/dominique.sciamma.com\/index.php?rest_route=\/wp\/v2\/pages\/871\/revisions"}],"predecessor-version":[{"id":897,"href":"https:\/\/dominique.sciamma.com\/index.php?rest_route=\/wp\/v2\/pages\/871\/revisions\/897"}],"up":[{"embeddable":true,"href":"https:\/\/dominique.sciamma.com\/index.php?rest_route=\/wp\/v2\/pages\/131"}],"wp:attachment":[{"href":"https:\/\/dominique.sciamma.com\/index.php?rest_route=%2Fwp%2Fv2%2Fmedia&parent=871"}],"curies":[{"name":"wp","href":"https:\/\/api.w.org\/{rel}","templated":true}]}}