{"id":889,"date":"2013-01-03T00:10:27","date_gmt":"2013-01-02T23:10:27","guid":{"rendered":"http:\/\/dominique.sciamma.com\/?page_id=889"},"modified":"2013-01-03T00:29:51","modified_gmt":"2013-01-02T23:29:51","slug":"momo-sapiens","status":"publish","type":"page","link":"https:\/\/dominique.sciamma.com\/?page_id=889","title":{"rendered":"Momo Sapiens"},"content":{"rendered":"<p><strong>En 1998<\/strong>, je suis contact\u00e9 par <strong>Mich\u00e8le SABA<\/strong>N, que j&rsquo;avais crois\u00e9e chez Bull, et qui \u00e9tait alors en charge de la communication de la soci\u00e9t\u00e9 SAP.<\/p>\n<p>Elle me demande de m&rsquo;<strong>associer \u00e0 une journaliste sp\u00e9cialis\u00e9e<\/strong> dans les technologies de l&rsquo;information &#8211; <a title=\"Catherine TERRAND sur Linkedin\" href=\"http:\/\/www.linkedin.com\/pub\/catherine-terrand\/39\/ba0\/a26\" target=\"_blank\"><strong>Catherine TERRAND<\/strong><\/a> &#8211; pour imaginer une <strong>BD interactive<\/strong>, destin\u00e9e au site de SAP.<\/p>\n<p>Je m&rsquo;entends tr\u00e8s bien avec Catherine, et assez rapidement nous d\u00e9lirons ensemble sur une approche mythologique : Une tr\u00e8s grosse entreprise \u00ab\u00a0<strong>OLYMPE SA<\/strong>\u00a0\u00bb dirig\u00e9 par un un patriarche (Jupiter) et ses \u00ab\u00a0dieux barons\u00a0\u00bb se trouve confront\u00e9e \u00e0 de r\u00e9les probl\u00e8mes d&rsquo;organisation et vont devoir travailler avec le <strong>Walhalla<\/strong> (m\u00e9taphore de SAP).<\/p>\n<p>Nous d\u00e9cidons de travailler avec mes camarades de l&rsquo;<strong>Atelier SANZOT<\/strong>, avec qui j&rsquo;avais d\u00e9ja travaill\u00e9 sur le <strong><a title=\"Vers l\u2019Euro et Au-Del\u00e0 !\" href=\"http:\/\/dominique.sciamma.com\/?page_id=753\" target=\"_blank\">projet sur l\u00a0\u00bbEuro<\/a><\/strong>, et notamment avec \u00a0<a title=\"Le blog d'Eric DERIAN\" href=\"http:\/\/turalo.over-blog.com\/\" target=\"_blank\"><strong>Eric DERIAN<\/strong><\/a> au dessin, avec qui je r\u00e9aliserai plus tard deux BD pour Schneider (<a title=\"La ballade d\u2019Espagnac\" href=\"http:\/\/dominique.sciamma.com\/?page_id=368\" target=\"_blank\">La ballade d&rsquo;Espagnac<\/a>, et <a title=\"Code Poitum\" href=\"http:\/\/dominique.sciamma.com\/?page_id=377\" target=\"_blank\">Code Poitum<\/a>).<\/p>\n<p><a href=\"http:\/\/dominique.sciamma.com\/wp-content\/uploads\/2013\/01\/momo-sapiens-perso.jpg\"><img loading=\"lazy\" decoding=\"async\" class=\"alignnone size-large wp-image-893\" alt=\"momo-sapiens-perso\" src=\"http:\/\/dominique.sciamma.com\/wp-content\/uploads\/2013\/01\/momo-sapiens-perso-236x1024.jpg\" width=\"236\" height=\"1024\" srcset=\"https:\/\/dominique.sciamma.com\/wp-content\/uploads\/2013\/01\/momo-sapiens-perso-236x1024.jpg 236w, https:\/\/dominique.sciamma.com\/wp-content\/uploads\/2013\/01\/momo-sapiens-perso-69x300.jpg 69w, https:\/\/dominique.sciamma.com\/wp-content\/uploads\/2013\/01\/momo-sapiens-perso.jpg 1024w\" sizes=\"(max-width: 236px) 100vw, 236px\" \/><\/a><\/p>\n<p>Nous \u00e9laborons tr\u00e8s vite une galerie de personnage, ainsi que plusieurs sc\u00e9narios !<br \/>\nTout est fin pr\u00eat ! <strong>Mais&#8230;.<\/strong><br \/>\nEntre en sc\u00e8ne le <strong>directeur marketing de SAP<\/strong> &#8211; un de ces personnages sans humour, incapable de prendre de la distance &#8211; et qui <strong>arr\u00eate tout net le proje<\/strong>t, en quittant d&rsquo;ailleurs la salle de r\u00e9union de mani\u00e8re assez m\u00e9prisante.<br \/>\n<em>J&rsquo;ai oubli\u00e9 son nom (car il ne m\u00e9ritait pas plus&#8230;.).<\/em><\/p>\n<p>Vous pouvez lire ici :<\/p>\n<ul>\n<li><a title=\"Le concept\" href=\"http:\/\/dominique.sciamma.com\/wp-content\/uploads\/2013\/01\/MoMo-Sapiens-Le-Concept.pdf\" target=\"_blank\"><strong><span style=\"line-height: 15px;\">le concept du projet<\/span><\/strong><\/a><\/li>\n<li><a title=\"La totale !\" href=\"http:\/\/dominique.sciamma.com\/wp-content\/uploads\/2013\/01\/MoMo-Sapiens-La-totale.pdf\" target=\"_blank\"><strong>la bible et le sc\u00e9nario<\/strong><\/a><\/li>\n<\/ul>\n<p>&nbsp;<\/p>\n","protected":false},"excerpt":{"rendered":"<p>En 1998, je suis contact\u00e9 par Mich\u00e8le SABAN, que j&rsquo;avais crois\u00e9e chez Bull, et qui \u00e9tait alors en charge de la communication de la soci\u00e9t\u00e9 SAP. Elle me demande de m&rsquo;associer \u00e0 une journaliste sp\u00e9cialis\u00e9e dans les technologies de l&rsquo;information &hellip; <a href=\"https:\/\/dominique.sciamma.com\/?page_id=889\">Lire la suite <span class=\"meta-nav\">&rarr;<\/span><\/a><\/p>\n","protected":false},"author":1,"featured_media":0,"parent":131,"menu_order":7,"comment_status":"closed","ping_status":"open","template":"","meta":{"footnotes":""},"_links":{"self":[{"href":"https:\/\/dominique.sciamma.com\/index.php?rest_route=\/wp\/v2\/pages\/889"}],"collection":[{"href":"https:\/\/dominique.sciamma.com\/index.php?rest_route=\/wp\/v2\/pages"}],"about":[{"href":"https:\/\/dominique.sciamma.com\/index.php?rest_route=\/wp\/v2\/types\/page"}],"author":[{"embeddable":true,"href":"https:\/\/dominique.sciamma.com\/index.php?rest_route=\/wp\/v2\/users\/1"}],"replies":[{"embeddable":true,"href":"https:\/\/dominique.sciamma.com\/index.php?rest_route=%2Fwp%2Fv2%2Fcomments&post=889"}],"version-history":[{"count":4,"href":"https:\/\/dominique.sciamma.com\/index.php?rest_route=\/wp\/v2\/pages\/889\/revisions"}],"predecessor-version":[{"id":891,"href":"https:\/\/dominique.sciamma.com\/index.php?rest_route=\/wp\/v2\/pages\/889\/revisions\/891"}],"up":[{"embeddable":true,"href":"https:\/\/dominique.sciamma.com\/index.php?rest_route=\/wp\/v2\/pages\/131"}],"wp:attachment":[{"href":"https:\/\/dominique.sciamma.com\/index.php?rest_route=%2Fwp%2Fv2%2Fmedia&parent=889"}],"curies":[{"name":"wp","href":"https:\/\/api.w.org\/{rel}","templated":true}]}}