{"id":903,"date":"2013-01-03T16:16:39","date_gmt":"2013-01-03T15:16:39","guid":{"rendered":"http:\/\/dominique.sciamma.com\/?page_id=903"},"modified":"2013-01-03T22:31:02","modified_gmt":"2013-01-03T21:31:02","slug":"entrez-dans-la-bande","status":"publish","type":"page","link":"https:\/\/dominique.sciamma.com\/?page_id=903","title":{"rendered":"Entrez dans la Bande !"},"content":{"rendered":"<p><strong>En Mai 1996<\/strong>, je suis contact\u00e9 par <strong>Jean-Louis NEE<\/strong>, patron <strong>d&rsquo;Actufax<\/strong>, pour participer \u00e0 \u00e0 Angoul\u00eame \u00e0 une r\u00e9union de travail d&rsquo;un groupe informel \u00ab\u00a0<strong>Parc de l&rsquo;Image Virtuel<\/strong>\u00a0\u00bb qui regroupe une dizaine de personnalit\u00e9s Angoumoises, dont le <strong>fondateur<\/strong> <strong>du Festival de BD<\/strong> lui-m\u00eame <strong>Francis GROUX, <\/strong>et son<strong> pr\u00e9sident <\/strong>d&rsquo;alors<strong> Yves POINOT.<\/strong><\/p>\n<p>La ville d\u2019Angoul\u00eame, ainsi que le d\u00e9partement et la r\u00e9gion, ont \u00a0en effet jet\u00e9 les bases d\u2019un projet de \u00ab <strong>Pole Image<\/strong> \u00bb autour du CNBDI. L\u2019ambition du projet est multiple : infrastructurelle, industrielle et touristique. Ce groupe informel s\u2019est constitu\u00e9 avec la volont\u00e9 d\u2019\u00eatre proactif, d\u2019apporter des id\u00e9es, de constituer d\u2019un projet structur\u00e9 \u00e0 partir de ces id\u00e9es, et potentiellement d\u2019initier et d\u2019accompagner sa r\u00e9alisation.<\/p>\n<p><strong>L\u2019id\u00e9e<\/strong> de base du groupe est de constituer au sein m\u00eame de la ville une <strong>s\u00e9rie d\u2019attractions centr\u00e9es sur la Bande Dessin\u00e9e<\/strong>, utilisant les technologies de l\u2019image les plus pouss\u00e9es, et reli\u00e9es entre elles par un parcours.<\/p>\n<p>La proposition originale du groupe pour ce premier maillon est\u00a0d\u2019abord de positionner un signal fort &#8211; et donc monumental.\u00a0<strong>Le signal propos\u00e9 est la\u00a0fus\u00e9e de Tintin<\/strong>, haute de 60\u00a0m\u00e8tres (!), la fus\u00e9e sera \u00ab visitable \u00bb; elle contiendra des expositions,\u00a0\u00a0sur l\u2019univers de Tintin voire\u00a0d\u2019autres.<br \/>\n<strong>C&rsquo;est donc bien ce groupe qui est \u00e0 l&rsquo;origine du projet d&rsquo;installer la Fus\u00e9e de Tintin \u00e0 Angoul\u00e8me<\/strong>, qui donnera lieu \u00e0 un appel \u00e0 projet international quelques ann\u00e9es plus tard.<\/p>\n<h1>PREMIERES PROPOSITIONS<\/h1>\n<p>Suite \u00e0 cette r\u00e9union, j<a title=\"Queques propositions d'attractions\" href=\"http:\/\/dominique.sciamma.com\/wp-content\/uploads\/2013\/01\/Entrez-dans-la-Bande-Propositions-2.pdf\" target=\"_blank\"><strong>e r\u00e9dige un document<\/strong><\/a> qui propose de renommer le projet \u00ab\u00a0<strong>Entrez dans la bande<\/strong>\u00ab\u00a0, en r\u00e9f\u00e9rence aux exp\u00e9riences d&rsquo;immersion que permettent les NTIC. Ce document comprend plusieurs propositions d&rsquo;attractions dont :<\/p>\n<ul>\n<li><strong>Un voyage immersif dans l&rsquo;univers de la SF,<\/strong> \u00e0 l&rsquo;int\u00e9rieur d&rsquo;une p\u00e9niche amenant juqu&rsquo;\u00e0 la Fus\u00e9e.<\/li>\n<li><strong>Une planche de BD personnalis<\/strong>\u00e9 : possibilit\u00e9 pour un\u00a0visiteur d\u2019\u00eatre inclus en tant que personnage dans une\u00a0planche de BD ce son choix, au c\u00f4t\u00e9 de son h\u00e9ros favori.<\/li>\n<li><strong>Une video souvenir en compagnie de son h\u00e9ros de BD<\/strong> : \u00a0Reposant sur le concept de \u00ab <strong>studio virtuel<\/strong> \u00bb, et de \u00ab <strong>motion capture<\/strong> \u00bb\u00a0cette id\u00e9e\u00a0doit permettre au visiteur de repartir avec une vid\u00e9o de quelques\u00a0minutes o\u00f9 on le voit \u00e9voluer, au c\u00f4t\u00e9 de son personnage de BD favori,\u00a0dans les d\u00e9cors en 3D. Il pourra parler \u00e0 ce personnage, qui ne se\u00a0g\u00eanera pas pour lui r\u00e9pondre.<\/li>\n<li><strong>Un jeu de \u00ab Shoot them up ! \u00bb \u00a0contre Lucky Luke en immersion<\/strong><\/li>\n<\/ul>\n<p>Suite \u00e0 ces propositions, le groupe se transforme en <a title=\"Description et  statuts de l'association\" href=\"http:\/\/dominique.sciamma.com\/wp-content\/uploads\/2013\/01\/EDLB-Association.pdf\" target=\"_blank\"><strong>association<\/strong><\/a> en prenant le nom d&rsquo;Entrez dans la bande !\u00a0\u00bb (j&rsquo;en deviens le secr\u00e9taire), et c&rsquo;est la proposition de <strong>video en 3D temps r\u00e9el<\/strong> qui retient son attention.<\/p>\n<p style=\"padding-left: 30px;\"><strong><a href=\"http:\/\/dominique.sciamma.com\/wp-content\/uploads\/2013\/01\/Entrez-dans-la-Bande-Propositions-2.pdf\" target=\"_blank\">Lire les propositions ici !<\/a><\/strong><\/p>\n<h1>UNE VIDEO EN 3D TEMPS REEL<\/h1>\n<p><a title=\"Projet de video 3D virtuelle\" href=\"http:\/\/dominique.sciamma.com\/wp-content\/uploads\/2013\/01\/Entrez-dans-la-Bande-Propositions-3.pdf\" target=\"_blank\"><strong>Je monte alors un projet<\/strong><\/a> autour de cette id\u00e9e en identifiant un partenaire technologique apr\u00e8s avoir tout le monde (Canal +, Dargaud, Medialab, etc. ). Ce sera <strong>ANIMARE<\/strong> jeune pousse qui vient de mettre au point un studio virtuel temps r\u00e9el.<\/p>\n<p>Nous d\u00e9cidions de travailler, \u00e9videmment, sur l&rsquo;univers de <strong>Val\u00e9rian<\/strong>. Contact est pris avec Fr\u00e9d\u00e9ric CROS du P\u00f4le Image pour trouver le moyen de financer le projet pour le festival BD de 1999.<\/p>\n<p>Tout semble aller bien, mais un peu trop en avance sur son temps, le projet ne verra pas le jour, faute de financement.<\/p>\n<p style=\"padding-left: 30px;\"><a title=\"Le projet de video 3D temps r\u00e9el\" href=\"http:\/\/dominique.sciamma.com\/wp-content\/uploads\/2013\/01\/Entrez-dans-la-Bande-Propositions-3.pdf\" target=\"_blank\"><strong>Lire le projet ici !<\/strong><\/a><\/p>\n<h1><b>\u00a0LA FUSEE<\/b><\/h1>\n<p><strong>En mai 1998, la ville d&rsquo;Angoul\u00eame lance son appel d&rsquo;offre pour la construction de la fus\u00e9e et la conception des attractions associ\u00e9es, apr\u00e8s que Nick RODWELL lui-m\u00eame l&rsquo;ait annonc\u00e9 lors du festival 1999.<\/strong><\/p>\n<p><a title=\"Rejoignez nous !\" href=\"http:\/\/dominique.sciamma.com\/wp-content\/uploads\/2013\/01\/Entrez-dans-la-bande-prez.pdf\" target=\"_blank\"><strong>L&rsquo;association<\/strong><\/a> d\u00e9cide \u00e9videmment d&rsquo;y r\u00e9pondre, en essayant de jouer la carte de la l\u00e9g\u00e8ret\u00e9. Nous nous associons \u00e0 \u00ab\u00a0<a title=\"Partenaires d\u00e9veloppement\" href=\"http:\/\/www.setec.fr\/societe\/partenaires_developpement.html\" target=\"_blank\"><strong>Partenaires D\u00e9veloppement<\/strong><\/a>\u00ab\u00a0, soci\u00e9t\u00e9 d&rsquo;am\u00e9nagement urbain ayant pignon sur rue, qui a entre autres travaill\u00e9 avec\u00a0<strong>ZA production<\/strong> de <strong>Maurice<\/strong> <strong>BENAYOUN, <\/strong>et qui<strong>\u00a0<\/strong>qui a d\u00e9j\u00e0 une exp\u00e9rience d&rsquo;installation interactive.<\/p>\n<p>La <strong>proposition, en terme de contenu\u00a0<\/strong>est bas\u00e9e sur une s<a title=\"Quelques id\u00e9es pour la fus\u00e9e....\" href=\"http:\/\/dominique.sciamma.com\/wp-content\/uploads\/2013\/01\/fusee-tintint-idees.pdf\" target=\"_blank\"><strong>\u00e9rie de mes propositions<\/strong><\/a> sur l&rsquo;usage de la fus\u00e9e.<\/p>\n<p>Nous ne sommes pas retenus, mais continuons de suivre avec attention le d\u00e9veloppement du projet dont les dimensions pharaoniques du projet nous inqui\u00e8tent, comme sa d\u00e9connexion des ambitions de d\u00e9veloppement local. En 1999, comme en 2002, nous \u00e9crivons aux acteurs politiques du projet, avant que le projet ne soit finalemetn compl\u00e8tement abandonn\u00e9 en 2003.<\/p>\n","protected":false},"excerpt":{"rendered":"<p>En Mai 1996, je suis contact\u00e9 par Jean-Louis NEE, patron d&rsquo;Actufax, pour participer \u00e0 \u00e0 Angoul\u00eame \u00e0 une r\u00e9union de travail d&rsquo;un groupe informel \u00ab\u00a0Parc de l&rsquo;Image Virtuel\u00a0\u00bb qui regroupe une dizaine de personnalit\u00e9s Angoumoises, dont le fondateur du Festival &hellip; <a href=\"https:\/\/dominique.sciamma.com\/?page_id=903\">Lire la suite <span class=\"meta-nav\">&rarr;<\/span><\/a><\/p>\n","protected":false},"author":1,"featured_media":0,"parent":926,"menu_order":1,"comment_status":"closed","ping_status":"open","template":"","meta":{"footnotes":""},"_links":{"self":[{"href":"https:\/\/dominique.sciamma.com\/index.php?rest_route=\/wp\/v2\/pages\/903"}],"collection":[{"href":"https:\/\/dominique.sciamma.com\/index.php?rest_route=\/wp\/v2\/pages"}],"about":[{"href":"https:\/\/dominique.sciamma.com\/index.php?rest_route=\/wp\/v2\/types\/page"}],"author":[{"embeddable":true,"href":"https:\/\/dominique.sciamma.com\/index.php?rest_route=\/wp\/v2\/users\/1"}],"replies":[{"embeddable":true,"href":"https:\/\/dominique.sciamma.com\/index.php?rest_route=%2Fwp%2Fv2%2Fcomments&post=903"}],"version-history":[{"count":14,"href":"https:\/\/dominique.sciamma.com\/index.php?rest_route=\/wp\/v2\/pages\/903\/revisions"}],"predecessor-version":[{"id":931,"href":"https:\/\/dominique.sciamma.com\/index.php?rest_route=\/wp\/v2\/pages\/903\/revisions\/931"}],"up":[{"embeddable":true,"href":"https:\/\/dominique.sciamma.com\/index.php?rest_route=\/wp\/v2\/pages\/926"}],"wp:attachment":[{"href":"https:\/\/dominique.sciamma.com\/index.php?rest_route=%2Fwp%2Fv2%2Fmedia&parent=903"}],"curies":[{"name":"wp","href":"https:\/\/api.w.org\/{rel}","templated":true}]}}