{"id":926,"date":"2013-01-03T22:27:46","date_gmt":"2013-01-03T21:27:46","guid":{"rendered":"http:\/\/dominique.sciamma.com\/?page_id=926"},"modified":"2013-01-03T22:30:39","modified_gmt":"2013-01-03T21:30:39","slug":"la-ville-et-les-ntic","status":"publish","type":"page","link":"https:\/\/dominique.sciamma.com\/?page_id=926","title":{"rendered":"La Ville et les NTIC"},"content":{"rendered":"<p>J&rsquo;ai travaill\u00e9 sur 2 projets reliant la ville et les Nouvelles Technologies de l&rsquo;Informations.<\/p>\n<ol>\n<li><a title=\"Entrez dans la Bande !\" href=\"http:\/\/dominique.sciamma.com\/?page_id=903\"><strong>\u00ab\u00a0Entrez dans la Bande !\u00a0\u00bb<\/strong><\/a>\u00a0\u00a0: Cette association est n\u00e9e en 1996 du \u00a0groupe de travail qui a la premi\u00e8re imagin\u00e9 d&rsquo;installer la Fus\u00e9e de Tintin en grandeur nature \u00e0 Angoul\u00eame. J&rsquo;y ai amen\u00e9 plusieurs id\u00e9es d&rsquo;attractions num\u00e9riques, et ai pilot\u00e9 la r\u00e9ponse \u00e0 l&rsquo;appel d&rsquo;offre lanc\u00e9 par la R\u00e9gion en 1998.<\/li>\n<li><a title=\"Ma Ville, un R\u00e9seau\" href=\"http:\/\/dominique.sciamma.com\/?page_id=843\"><strong>Ma ville Un r\u00e9seau<\/strong> <\/a>: est un projet p\u00e9dagogique imagin\u00e9 en 2000 avec la plasticienne <strong>Catherine Van Den Steen<\/strong>.<br \/>\nMiis au point avec L&rsquo;usine Eph\u00e9m\u00e8re \u00e0 Pontoise (La Caserne), le projet est construit sur le parall\u00e8le entre la Ville et le R\u00e9seau Internet. Il nous a permis de travailler avec plusieurs classes de SEGPA et de 5\u00e8me des coll\u00e8ges de Cergy-Pontioise.<\/li>\n<\/ol>\n","protected":false},"excerpt":{"rendered":"<p>J&rsquo;ai travaill\u00e9 sur 2 projets reliant la ville et les Nouvelles Technologies de l&rsquo;Informations. \u00ab\u00a0Entrez dans la Bande !\u00a0\u00bb\u00a0\u00a0: Cette association est n\u00e9e en 1996 du \u00a0groupe de travail qui a la premi\u00e8re imagin\u00e9 d&rsquo;installer la Fus\u00e9e de Tintin en &hellip; <a href=\"https:\/\/dominique.sciamma.com\/?page_id=926\">Lire la suite <span class=\"meta-nav\">&rarr;<\/span><\/a><\/p>\n","protected":false},"author":1,"featured_media":0,"parent":543,"menu_order":4,"comment_status":"closed","ping_status":"open","template":"","meta":{"footnotes":""},"_links":{"self":[{"href":"https:\/\/dominique.sciamma.com\/index.php?rest_route=\/wp\/v2\/pages\/926"}],"collection":[{"href":"https:\/\/dominique.sciamma.com\/index.php?rest_route=\/wp\/v2\/pages"}],"about":[{"href":"https:\/\/dominique.sciamma.com\/index.php?rest_route=\/wp\/v2\/types\/page"}],"author":[{"embeddable":true,"href":"https:\/\/dominique.sciamma.com\/index.php?rest_route=\/wp\/v2\/users\/1"}],"replies":[{"embeddable":true,"href":"https:\/\/dominique.sciamma.com\/index.php?rest_route=%2Fwp%2Fv2%2Fcomments&post=926"}],"version-history":[{"count":2,"href":"https:\/\/dominique.sciamma.com\/index.php?rest_route=\/wp\/v2\/pages\/926\/revisions"}],"predecessor-version":[{"id":930,"href":"https:\/\/dominique.sciamma.com\/index.php?rest_route=\/wp\/v2\/pages\/926\/revisions\/930"}],"up":[{"embeddable":true,"href":"https:\/\/dominique.sciamma.com\/index.php?rest_route=\/wp\/v2\/pages\/543"}],"wp:attachment":[{"href":"https:\/\/dominique.sciamma.com\/index.php?rest_route=%2Fwp%2Fv2%2Fmedia&parent=926"}],"curies":[{"name":"wp","href":"https:\/\/api.w.org\/{rel}","templated":true}]}}