{"id":933,"date":"2013-01-03T22:44:45","date_gmt":"2013-01-03T21:44:45","guid":{"rendered":"http:\/\/dominique.sciamma.com\/?page_id=933"},"modified":"2013-01-03T23:25:49","modified_gmt":"2013-01-03T22:25:49","slug":"inventions","status":"publish","type":"page","link":"https:\/\/dominique.sciamma.com\/?page_id=933","title":{"rendered":"Inventions"},"content":{"rendered":"<p>Inventer&#8230; Cr\u00e9er&#8230; Quelles diff\u00e9rences ?<br \/>\nAucune, si ce n&rsquo;est qu&rsquo;une invention est un syst\u00e8me technique qu&rsquo;il faut d\u00e9crire.<\/p>\n<p>J&rsquo;ai donc \u00ab\u00a0invent\u00e9\u00a0\u00bb 2 syst\u00e8mes :<\/p>\n<ol>\n<li><span style=\"line-height: 15px;\"><span style=\"line-height: 15px;\"><a title=\"IMERP\" href=\"http:\/\/dominique.sciamma.com\/?page_id=935\"><strong>IMERP<\/strong><\/a> Pour <strong><a title=\"IMERP\" href=\"http:\/\/dominique.sciamma.com\/?page_id=935\">Intelligent &amp; Modular Electronic Road Pricing System<\/a> :<br \/>\n<\/strong>En 1990, la Cit\u00e9-Etat de Singapour, o\u00f9 je r\u00e9side \u00e0 ce moment l\u00e0, d\u00e9cide de lancer un appel \u00e0 proposition pour concevoir et installer un syst\u00e8me de p\u00e9age intelligent pour son centre ville.<br \/>\nJ&rsquo;ai alors une id\u00e9e, que j&rsquo;\u00e9cris et essaye de \u00ab\u00a0vendre\u00a0\u00bb aux industriel fran\u00e7ais pouvant potentiellement r\u00e9pondre \u00e0 l&rsquo;appel \u00e0 proposition, ainsi qu&rsquo;aux acteurs technologiques de l&rsquo;Ile (dont le National Computer Board).<br \/>\n<strong>L&rsquo;id\u00e9e est bas\u00e9e sur les technologies naissantes de t\u00e9l\u00e9phone cellulaire&#8230;.<\/strong><\/span><\/span>&nbsp;<\/li>\n<li><strong>VIRTUADD<\/strong> : au milieu des ann\u00e9es 90 \u00e9merge l&rsquo;id\u00e9e d&rsquo;insertion de publicit\u00e9s virtuelles dans les comp\u00e9titions sportives. MATRA est en point sur ces sujets, et mets au point un syst\u00e8me complexe bas\u00e9 sur du Hardware sp\u00e9cialis\u00e9. Alors chez EDS, c&rsquo;est apr\u00e8s les avoir rencontr\u00e9s que j&rsquo;ai l&rsquo;id\u00e9e de VIRTUADD, o\u00f9 ce sont des capteurs associ\u00e9s aux cam\u00e9ras qui font l&rsquo;essentiel du travail.<br \/>\n<strong>Je vais jusqu&rsquo;u bout de mon projet en r\u00e9digeant et en d\u00e9posant un brevet \u00e0 l&rsquo;INPI.<\/strong><\/li>\n<\/ol>\n","protected":false},"excerpt":{"rendered":"<p>Inventer&#8230; Cr\u00e9er&#8230; Quelles diff\u00e9rences ? Aucune, si ce n&rsquo;est qu&rsquo;une invention est un syst\u00e8me technique qu&rsquo;il faut d\u00e9crire. J&rsquo;ai donc \u00ab\u00a0invent\u00e9\u00a0\u00bb 2 syst\u00e8mes : IMERP Pour Intelligent &amp; Modular Electronic Road Pricing System : En 1990, la Cit\u00e9-Etat de Singapour, &hellip; <a href=\"https:\/\/dominique.sciamma.com\/?page_id=933\">Lire la suite <span class=\"meta-nav\">&rarr;<\/span><\/a><\/p>\n","protected":false},"author":1,"featured_media":0,"parent":543,"menu_order":5,"comment_status":"closed","ping_status":"open","template":"","meta":{"footnotes":""},"_links":{"self":[{"href":"https:\/\/dominique.sciamma.com\/index.php?rest_route=\/wp\/v2\/pages\/933"}],"collection":[{"href":"https:\/\/dominique.sciamma.com\/index.php?rest_route=\/wp\/v2\/pages"}],"about":[{"href":"https:\/\/dominique.sciamma.com\/index.php?rest_route=\/wp\/v2\/types\/page"}],"author":[{"embeddable":true,"href":"https:\/\/dominique.sciamma.com\/index.php?rest_route=\/wp\/v2\/users\/1"}],"replies":[{"embeddable":true,"href":"https:\/\/dominique.sciamma.com\/index.php?rest_route=%2Fwp%2Fv2%2Fcomments&post=933"}],"version-history":[{"count":2,"href":"https:\/\/dominique.sciamma.com\/index.php?rest_route=\/wp\/v2\/pages\/933\/revisions"}],"predecessor-version":[{"id":940,"href":"https:\/\/dominique.sciamma.com\/index.php?rest_route=\/wp\/v2\/pages\/933\/revisions\/940"}],"up":[{"embeddable":true,"href":"https:\/\/dominique.sciamma.com\/index.php?rest_route=\/wp\/v2\/pages\/543"}],"wp:attachment":[{"href":"https:\/\/dominique.sciamma.com\/index.php?rest_route=%2Fwp%2Fv2%2Fmedia&parent=933"}],"curies":[{"name":"wp","href":"https:\/\/api.w.org\/{rel}","templated":true}]}}