{"id":935,"date":"2013-01-03T23:24:29","date_gmt":"2013-01-03T22:24:29","guid":{"rendered":"http:\/\/dominique.sciamma.com\/?page_id=935"},"modified":"2013-01-03T23:24:58","modified_gmt":"2013-01-03T22:24:58","slug":"imerp","status":"publish","type":"page","link":"https:\/\/dominique.sciamma.com\/?page_id=935","title":{"rendered":"IMERP"},"content":{"rendered":"<p><strong>En 1990, je vis \u00e0 Singapour<\/strong> depuis aout 1989, et je suis d\u00e9j\u00e0 connu et adopt\u00e9 par la communaut\u00e9 des TIC dans cette fantastique Cit\u00e9-Etat.<\/p>\n<p>J&rsquo;apprends qu&rsquo;un appel d&rsquo;offre est lanc\u00e9 pour concevoir et mettre en place un <strong>syst\u00e8me intelligent de p\u00e9age<\/strong> de la CBD (Central Business District) de la ville, pour r<strong>emplacer les op\u00e9rateurs humains<\/strong> qui v\u00e9rifient visuellement chaque jour que les v\u00e9hicules qui rentrent dans la zone sont munies de leur macaron.<\/p>\n<p><strong>J&rsquo;ai alors une id\u00e9e<\/strong> &#8211; lumineuse \u00e9videmment ! : <strong>celle d&rsquo; utiliser les technologies de t\u00e9l\u00e9phonie cellulaires montantes et ce qui ne s&rsquo;appelle pas encore la RFID<\/strong> (transpondeurs).<\/p>\n<p>Le syst\u00e8me fonctionne de la mani\u00e8re suivante :<\/p>\n<ul>\n<li><strong>Chaque voiture dispose d&rsquo;un syst\u00e8me communicant<\/strong> \u00a0:\n<ul>\n<li>Une Puce-Transpondeur, identifiant de mani\u00e8re unique chaque voiture<\/li>\n<li>Un syst\u00e8me embarqu\u00e9 qui m\u00e9morise les passage dans la zone.<\/li>\n<li>Un syst\u00e8me de communication cellulaire avec un syst\u00e8me central de recouvrement.<\/li>\n<\/ul>\n<\/li>\n<li><strong>Toutes les entr\u00e9es et sorties de la zone sont dot\u00e9es de portiques communicants,<\/strong> qui \u00a0lisent les puces associ\u00e9es \u00e0 chaque voitures passant au dessous de ceux-ci.<br \/>\nA chaque entr\u00e9e, le syst\u00e8me embarqu\u00e9e dans la voiture note la date et l&rsquo;heure d&rsquo;entr\u00e9e, et de mani\u00e8re identique \u00e0 chaque sortie.<\/li>\n<li><strong>Chaque mois, la voiture communique avec le serveur du syst\u00e8me central<\/strong> ses heures et dur\u00e9e de passage, au travers du syst\u00e8me de t\u00e9l\u00e9phonie cellulaire embarqu\u00e9<br \/>\nC&rsquo;est le syst\u00e8me central qui calcule et facture.<\/li>\n<li><strong>Toutes les stations services<\/strong> de l&rsquo;ile sont dot\u00e9s d&rsquo;un syst\u00e8me de communication avec les syst\u00e8mes embarqu\u00e9s, ce qui permet de v\u00e9rifier que la voiture est en r\u00e8gle, puisque chaque voiture devra bien passer par une station service \u00e0 un moment ou \u00e0 un autre.<\/li>\n<\/ul>\n<p>Le grand avantage de ce syst\u00e8me est :<\/p>\n<ul>\n<li><strong>sa simplicit\u00e9<\/strong>\u00a0:\n<ul>\n<li>Il n&rsquo;y a en effet aucune t\u00e2che complexe men\u00e9e dans la voiture.<br \/>\nCelle-ci dispose d&rsquo;un simple compteur, qui est d\u00e9clench\u00e9 par le passage sous les portiques.<\/li>\n<li>Aucun syst\u00e8me complexe ne doit \u00eatre mis aux entr\u00e9es et sorties de la zone (des cam\u00e9ra par exemple)<\/li>\n<li>Aucun logiciel de reconnaissance d&rsquo;image en temps r\u00e9el n&rsquo;est n\u00e9cessaire<\/li>\n<\/ul>\n<\/li>\n<li><strong>Sa modularit\u00e9<\/strong> :\n<ul>\n<li>Les Portiques peuvent \u00eatre parfaitement mobiles, ce qui permet de disposer d&rsquo;un syst\u00e8me de p\u00e9age \u00e0 volont\u00e9, sur n&rsquo;importe quelle zone, suivant les \u00e9v\u00e9nements (autoroute, parking, etc.)<\/li>\n<\/ul>\n<\/li>\n<\/ul>\n<p><strong>Il faut \u00e9videmment se remettre dans la situation technologique de 1990 pour comprendre l&rsquo;int\u00e9r\u00eat de la proposition. \ud83d\ude09 (pas de GSM, pas d&rsquo;internet, pas de WIFI, etc.).<\/strong><\/p>\n<p>La ville de Singapour a effectivement mis en place son syst\u00e8me bien plus tard, bas\u00e9 sur un syst\u00e8me de cam\u00e9ra et de logiciel de reconnaissance en temps r\u00e9el.<\/p>\n<p><a title=\"IMERP !!\" href=\"http:\/\/dominique.sciamma.com\/wp-content\/uploads\/2013\/01\/IMERP-1990.pdf\"><strong>Lire ici ma proposition (en anglais).<\/strong><\/a><\/p>\n<p>&nbsp;<\/p>\n<p>&nbsp;<\/p>\n","protected":false},"excerpt":{"rendered":"<p>En 1990, je vis \u00e0 Singapour depuis aout 1989, et je suis d\u00e9j\u00e0 connu et adopt\u00e9 par la communaut\u00e9 des TIC dans cette fantastique Cit\u00e9-Etat. J&rsquo;apprends qu&rsquo;un appel d&rsquo;offre est lanc\u00e9 pour concevoir et mettre en place un syst\u00e8me intelligent &hellip; <a href=\"https:\/\/dominique.sciamma.com\/?page_id=935\">Lire la suite <span class=\"meta-nav\">&rarr;<\/span><\/a><\/p>\n","protected":false},"author":1,"featured_media":0,"parent":933,"menu_order":1,"comment_status":"closed","ping_status":"open","template":"","meta":{"footnotes":""},"_links":{"self":[{"href":"https:\/\/dominique.sciamma.com\/index.php?rest_route=\/wp\/v2\/pages\/935"}],"collection":[{"href":"https:\/\/dominique.sciamma.com\/index.php?rest_route=\/wp\/v2\/pages"}],"about":[{"href":"https:\/\/dominique.sciamma.com\/index.php?rest_route=\/wp\/v2\/types\/page"}],"author":[{"embeddable":true,"href":"https:\/\/dominique.sciamma.com\/index.php?rest_route=\/wp\/v2\/users\/1"}],"replies":[{"embeddable":true,"href":"https:\/\/dominique.sciamma.com\/index.php?rest_route=%2Fwp%2Fv2%2Fcomments&post=935"}],"version-history":[{"count":2,"href":"https:\/\/dominique.sciamma.com\/index.php?rest_route=\/wp\/v2\/pages\/935\/revisions"}],"predecessor-version":[{"id":939,"href":"https:\/\/dominique.sciamma.com\/index.php?rest_route=\/wp\/v2\/pages\/935\/revisions\/939"}],"up":[{"embeddable":true,"href":"https:\/\/dominique.sciamma.com\/index.php?rest_route=\/wp\/v2\/pages\/933"}],"wp:attachment":[{"href":"https:\/\/dominique.sciamma.com\/index.php?rest_route=%2Fwp%2Fv2%2Fmedia&parent=935"}],"curies":[{"name":"wp","href":"https:\/\/api.w.org\/{rel}","templated":true}]}}