{"id":952,"date":"2013-01-03T23:58:26","date_gmt":"2013-01-03T22:58:26","guid":{"rendered":"http:\/\/dominique.sciamma.com\/?page_id=952"},"modified":"2013-01-03T23:58:26","modified_gmt":"2013-01-03T22:58:26","slug":"ecrits","status":"publish","type":"page","link":"https:\/\/dominique.sciamma.com\/?page_id=952","title":{"rendered":"Ecrits"},"content":{"rendered":"<p>On l&rsquo;aura compris en parcourant ce site : j&rsquo;aime \u00e9crire.<br \/>\nEt de fait, je n&rsquo;ai cess\u00e9 de le faire d\u00e8s mon adolescence.<\/p>\n<p>Cela commence par des contes brefs &#8211; \u00e0 la mani\u00e8re d&rsquo;un Jacques Sternberg &#8211; puis des nouvelles, des sc\u00e9narios de BD, des articles scientifiques ou de vulgarisations, des \u00e9ditos, des articles grand public, puis des posts de blogs \u00e9videmment.<\/p>\n<p>C&rsquo;est un peu de tout cela que vous pourrez lire dans cette rubrique.<\/p>\n","protected":false},"excerpt":{"rendered":"<p>On l&rsquo;aura compris en parcourant ce site : j&rsquo;aime \u00e9crire. Et de fait, je n&rsquo;ai cess\u00e9 de le faire d\u00e8s mon adolescence. Cela commence par des contes brefs &#8211; \u00e0 la mani\u00e8re d&rsquo;un Jacques Sternberg &#8211; puis des nouvelles, des &hellip; <a href=\"https:\/\/dominique.sciamma.com\/?page_id=952\">Lire la suite <span class=\"meta-nav\">&rarr;<\/span><\/a><\/p>\n","protected":false},"author":1,"featured_media":0,"parent":0,"menu_order":0,"comment_status":"closed","ping_status":"open","template":"","meta":{"footnotes":""},"_links":{"self":[{"href":"https:\/\/dominique.sciamma.com\/index.php?rest_route=\/wp\/v2\/pages\/952"}],"collection":[{"href":"https:\/\/dominique.sciamma.com\/index.php?rest_route=\/wp\/v2\/pages"}],"about":[{"href":"https:\/\/dominique.sciamma.com\/index.php?rest_route=\/wp\/v2\/types\/page"}],"author":[{"embeddable":true,"href":"https:\/\/dominique.sciamma.com\/index.php?rest_route=\/wp\/v2\/users\/1"}],"replies":[{"embeddable":true,"href":"https:\/\/dominique.sciamma.com\/index.php?rest_route=%2Fwp%2Fv2%2Fcomments&post=952"}],"version-history":[{"count":1,"href":"https:\/\/dominique.sciamma.com\/index.php?rest_route=\/wp\/v2\/pages\/952\/revisions"}],"predecessor-version":[{"id":953,"href":"https:\/\/dominique.sciamma.com\/index.php?rest_route=\/wp\/v2\/pages\/952\/revisions\/953"}],"wp:attachment":[{"href":"https:\/\/dominique.sciamma.com\/index.php?rest_route=%2Fwp%2Fv2%2Fmedia&parent=952"}],"curies":[{"name":"wp","href":"https:\/\/api.w.org\/{rel}","templated":true}]}}