{"id":961,"date":"2013-01-04T15:19:53","date_gmt":"2013-01-04T14:19:53","guid":{"rendered":"http:\/\/dominique.sciamma.com\/?page_id=961"},"modified":"2017-01-08T12:41:45","modified_gmt":"2017-01-08T11:41:45","slug":"on","status":"publish","type":"page","link":"https:\/\/dominique.sciamma.com\/?page_id=961","title":{"rendered":"Recherches"},"content":{"rendered":"<p><strong>Peut on vivre sans questionner, sans chercher, sans prendre position, sans philosopher ?<br \/>\n<\/strong>Pour ma part, cela semble juste impossible.<\/p>\n<h1>LES ORIGINES<\/h1>\n<p>Depuis mes 18 ans, pas une journ\u00e9e ne passe sans que que cet exercice ne se fasse au quotidien. Ma d\u00e9couverte de la <a href=\"http:\/\/fr.gsemantics.com\/index.asp\" target=\"_blank\"><strong>S\u00e9mantique G\u00e9n\u00e9rale<\/strong><\/a> d&rsquo;<a title=\"la fiche Wikipedia d'Alfred Korzybski\" href=\"http:\/\/fr.wikipedia.org\/wiki\/Alfred_Korzybski\" target=\"_blank\"><strong>Alfred KORZYBSKI<\/strong><\/a>, au travers du <strong><a title=\"Le Monde des non A sur Wikipedia\" href=\"http:\/\/fr.wikipedia.org\/wiki\/Le_Monde_des_%C4%80\" target=\"_blank\">Monde des\u00a0\u0100<\/a>\u00a0<\/strong>d&rsquo;<a title=\"Van Vogt sur Wilkipedia\" href=\"http:\/\/fr.wikipedia.org\/wiki\/A._E._van_Vogt\" target=\"_blank\"><strong>Alfred VAN VOGT<\/strong><\/a>, mais aussi de l&rsquo;oeuvre de <strong>Philip K. DICK <\/strong>m&rsquo;a amen\u00e9 \u00e0 m&rsquo;interroger sur les notions <strong>d&rsquo;information<\/strong>, de <strong>connaissance<\/strong>, \u00a0d&rsquo;<strong>intelligence<\/strong>, de <strong>complexit\u00e9<\/strong>, de<strong> r\u00e9alit\u00e9<\/strong>.<br \/>\nL&rsquo;oeuvre d&rsquo;<strong><a title=\"Isaac Asimov sur Wikipedia\" href=\"http:\/\/fr.wikipedia.org\/wiki\/Asimov\" target=\"_blank\">Isaac ASIMOV<\/a><\/strong> &#8211; le cycle de <a title=\"Fondation sur Wikipedia\" href=\"http:\/\/fr.wikipedia.org\/wiki\/Fondation_(Asimov)\" target=\"_blank\"><strong>Fondation<\/strong><\/a> comme celui des <strong>Robots<\/strong> a aussi \u00e9norm\u00e9ment nourri et motiv\u00e9 mes r\u00e9flexions sur le <strong>libre arbitre, le pouvoir, la ma\u00eetrise de soi, du temps, de l&rsquo;histoire, du vivant (et de sa reproduction artificielle), de la mort (et de son \u00e9vitement).<\/strong><\/p>\n<p><strong>D\u00e8s mes \u00e9tudes de math\u00e9matiques en 1974<\/strong>, je m&rsquo;int\u00e9resse \u00e0 la notion d&rsquo;<strong>information,<\/strong> et ne peux m&#8217;emp\u00eacher d&rsquo;\u00eatre profond\u00e9ment frustr\u00e9 par l&rsquo;approche math\u00e9matique d&rsquo;un <a title=\"La fiche Wikipedia de Claude Shannon\" href=\"http:\/\/fr.wikipedia.org\/wiki\/Claude_Shannon\" target=\"_blank\"><strong>SHANNON<\/strong><\/a>, qui \u00e9vacue les phases d&rsquo;intention et d&rsquo;interpr\u00e9tation du processus d&rsquo;information, en le limitant donc \u00e0 un seul process de communication.<\/p>\n<p>Je commence \u00e0 tenter d&rsquo;\u00e9laborer d\u00e8s cette \u00e9poque (en <strong>76<\/strong> exactement) une approche plus \u00ab\u00a0op\u00e9rationnelle\u00a0\u00bb, avec la volont\u00e9 d&rsquo;\u00e9largir la th\u00e9orie de Shannon \u00e0 une sorte de \u00ab\u00a0<strong>Th\u00e9orie G\u00e9n\u00e9rale de l&rsquo;Information<\/strong>\u00ab\u00a0, qui n&rsquo;<strong>\u00e9vacuerait pas l&rsquo;action de son champ<\/strong>, c&rsquo;est dire la <strong>mise en forme du monde<\/strong>.<br \/>\nL&rsquo;id\u00e9e\u00a0principale\u00a0est alord de d\u00e9finir l<strong>&lsquo;information comme une contrainte<\/strong> : <em>un syst\u00e8me A informe un syst\u00e8me B \u00e0 partir du moment o\u00f9 il lui fait subir une contrainte<\/em>. L&rsquo;\u00e9tude des ph\u00e9nom\u00e8nes physiques, chimiques ou biologiques ne fait que conforter cette vision.<\/p>\n<h1>LE DEA D&rsquo;INFORMATIQUE<\/h1>\n<p>Ma\u00a0<strong>d\u00e9couverte\u00a0de l&rsquo;Informatique, en 79-80<\/strong> (au moment o\u00f9 je passe ma Maitrise), et encore plus mon <strong>DEA d&rsquo;informatique Th\u00e9orique en 80-81<\/strong>\u00a0vont nourrir et motiver encore plus ma d\u00e9marche.<br \/>\nJ&rsquo;effectue en effet mon DEA sous la houlette de <strong>Maurice NIVAT,<\/strong> qui travaille alors sur la<strong> synchronisation de Processus parall\u00e8les<\/strong> et s&rsquo;int\u00e9resse entre autres \u00e0 la d\u00e9finition des conditions formelles pour qu&rsquo;un syst\u00e8me d&rsquo;\u00e9criture puisse \u00e9crire des mots infinis sans conna\u00eatre de blocages (<strong><a title=\"le diner des philosophes\" href=\"http:\/\/fr.wikipedia.org\/wiki\/D%C3%AEner_des_philosophes\" target=\"_blank\">voir le probl\u00e8me fameux du Diner des Philosophes<\/a><\/strong>).<\/p>\n<p>Je trouve alors dans les cours de Maurice NIVAT des \u00e9chos de mes interrogations et intuitions. Les processus physiques, chiliques ou biologiques sont des processus parall\u00e8les qui cherchent \u00e0 se synchroniser pour assurer leur stabilit\u00e9 structurelle, en partageant des ressources, c&rsquo;est \u00e0 dire en se contraignant les uns les autres, i.e. en s&rsquo;informant.<\/p>\n<p>J&rsquo;ai <strong>deux intuitions<\/strong> \u00e0 ce moment l\u00e0 :<\/p>\n<ol>\n<li>Qu&rsquo;il y l\u00e0 probablement la promesse de concevoir des syst\u00e8mes de processus \u00ab\u00a0<em>atomiques<\/em>\u00a0\u00bb communicants qui, en collaborant -c&rsquo;est \u00e0 dire en se contraignant les uns les autres &#8211; pouraient faire \u00e9merger des comportements nouveaux (stygmergiques).<br \/>\n<strong><strong><strong><strong>S&rsquo;il y a un espoir de reproduire artificiellement du vivant, et en cons\u00e9quence de l&rsquo;intelligence artificielle, il est de mon point de vue dans la parall\u00e9lisation massive de processus communicants.<\/strong><\/strong><\/strong><\/strong><\/li>\n<li>Que l<strong>a promesse de l&rsquo;immortalit\u00e9<\/strong> se cache aussi dans l&rsquo;\u00e9tude des ph\u00e9nom\u00e8nes de synchronisation des processus, et qu&rsquo;il n&rsquo;y pas de diff\u00e9rence fondamentale entre les philosophes mangeurs de riz et mon propre corps.<\/li>\n<\/ol>\n<p>Je r\u00e9dige donc au premier semestre 1981 un <strong><a title=\"Mon m\u00e9moire de DEA\" href=\"http:\/\/dominique.sciamma.com\/wp-content\/uploads\/2013\/01\/DEA-1981-D-Sciamma-Parallelisme-et-complexification.pdf\" target=\"_blank\">m\u00e9moire de DEA atypique sur le th\u00e8me \u00ab\u00a0Parall\u00e8lisme et Complexification\u00a0\u00bb<\/a>, <\/strong>ou j&rsquo;anticipe (j&rsquo;ose le dire) les <strong>syst\u00e8mes Multi-Agents<\/strong> et la <strong>Vie Artificielle<\/strong>. C&rsquo;est probablement le premier m\u00e9moire de DEA d&rsquo;informatique th\u00e9orique o\u00f9 l&rsquo;on doit citer KANT !<br \/>\n<strong><a title=\"Interview de Laurent KOTT\" href=\"http:\/\/www.youtube.com\/watch?v=esRmeVRuva8\" target=\"_blank\">Laurent KOTT<\/a>,<\/strong> qui supervie le travail des \u00e9tudiants ne sait pas trop quoi faire de mon travail et me conseille de contacter <a title=\"La fiche Wikipedia d'Ilya Prigogine\" href=\"http:\/\/fr.wikipedia.org\/wiki\/Ilya_Prigogine\" target=\"_blank\"><strong>Ilya PRIGOGINE<\/strong><\/a> (et ses <a title=\"Structures dissipatives\" href=\"http:\/\/fr.wikipedia.org\/wiki\/Ilya_Prigogine\" target=\"_blank\">structures dissipatives<\/a>).<\/p>\n<p>En rentrant chez Bull en 1981, je continue en solitaire mon travail et essaye de mettre sur le papier les id\u00e9esq que j&rsquo;avais commenc\u00e9es \u00e0 d\u00e9velopper dans mon m\u00e9moire de DEA.<\/p>\n<h1>LE CENTRE DE RECHERCHE BULL<\/h1>\n<p><strong>Mon<\/strong> <strong>arriv\u00e9e au Centre de Recherche de Bull en 1983<\/strong> d\u00e9montre une certaine coh\u00e9rence, puisque j&rsquo;ai le choix \u00e0 ce moment l\u00e0 soit d&rsquo;int\u00e9grer l&rsquo;\u00e9quipe de <strong>Claude RENVOISE<\/strong> qui travaille sur la <strong>parall\u00e9lisation de FORTRAN<\/strong>, soit de rentrer dans la toute nouvelle \u00e9quipe d&rsquo;<strong>Intelligence Artificielle<\/strong> cr\u00e9\u00e9e par <strong>Jean ROHMER<\/strong>.<\/p>\n<p>Je choisis d&rsquo;int\u00e9grer l&rsquo;\u00e9quipe de Claude RENVOISE, et travaille sur un programme de vectorisation de programme FORTRAN, nomm\u00e9e VESTA (baptis\u00e9 par mes oins, encore une fois).<br \/>\n<a title=\"Vesta Vectorisation automatique et parametree de programmes\" href=\"http:\/\/link.springer.com\/content\/pdf\/10.1007%2F3-540-12925-1_30\" target=\"_blank\"><strong>Nous publions en 1984 un article<\/strong><\/a> sign\u00e9 de Jean-Christophe COTTET, Claude RENVOISE, et moi-m\u00eame) lors d<a href=\"http:\/\/link.springer.com\/book\/10.1007\/3-540-12925-1\/page\/1\" target=\"_blank\">u 6\u00e8me colloque de l&rsquo;International Symposium on Programming \u00e0 Toulouse<\/a> (April 17\u201319, 1984 Proceedings).<\/p>\n<p>A la suite de la dissolution de l&rsquo;\u00e9quipe VESTA, je rejoins logiquement (c&rsquo;est le cas de le dire) l&rsquo;\u00e9quipe IA de Jean ROHMER, o\u00f9 je deviens un sp\u00e9cialiste de programmation logique, et y d\u00e9veloppe<strong> <a title=\"Xilog\" href=\"http:\/\/dominique.sciamma.com\/?page_id=583\">XILOG<\/a><\/strong>.<\/p>\n<p>Un <strong>petit groupe informel<\/strong> s&rsquo;est constitu\u00e9 dans l&rsquo;\u00e9quipe de jean, ouverte sur l&rsquo;ext\u00e9rieur, qui s&rsquo;appelle \u00ab\u00a0<strong>Philosophie et IA<\/strong>\u00ab\u00a0, o\u00f9t\u00a0les sujets \u00e0 la frange du domaine de l&rsquo;Intelligence Artificielle \u00e9taient abord\u00e9s sans complexes.<\/p>\n<p>C&rsquo;est au cours d&rsquo;une de ces sessions, que je me hasardai \u00a0\u00e0 proposer une <strong>d\u00e9finition de l&rsquo;Intelligence<\/strong>. Je dois dire que cette tentative fut accueillie avec ironie par mes camarades. <a title=\"Philosophie et IA\" href=\"http:\/\/dominique.sciamma.com\/?page_id=983\"><strong>Je me fendis donc d&rsquo;une lettre<\/strong><\/a> o\u00f9 je tentai d&rsquo;expliquer, au calme de l&rsquo;\u00e9criture, les raisons de ma tentative.<br \/>\nA cette \u00e9poque, ce sont les approches Top-Down qui tiennent le haut du pav\u00e9 en IA, et les approches Bottom-Up (connexioniste) n&rsquo;ont pas retrouv\u00e9 l&rsquo;\u00e9clat qu&rsquo;elles ont \u00e0 juste titre repris depuis).<br \/>\n<strong>L&rsquo;histoire ma donn\u00e9 (ou me donnera) raison! !<\/strong><\/p>\n<p>Pendant cette p\u00e9riode (de 1984 \u00e0 1991) j&rsquo;ai \u00e9crit et\/ou cosign\u00e9s plusieurs publications scientifiques sur les th\u00e8mes de la programmation logiques ou par contraintes.<\/p>\n<h1>STRATE ECOLE DE DESIGN<\/h1>\n<p>En cr\u00e9ant en 2007 le d\u00e9partement \u00ab\u00a0Syst\u00e8mes et Objets Interactifs\u00a0\u00bb au sein de Strate Coll\u00e8ge (aujourd&rsquo;hui Strate Ecole de Design), et en mettant explicitement l&rsquo;Intelligence Artificielle au coeur de notre vision du \u00ab\u00a0num\u00e9rique\u00a0\u00bb, je renoue de fait avec une d\u00e9marche de recherche, et m&rsquo;inscrit \u00e0 nouveau petit \u00e0 petit dans la communaut\u00e9.<\/p>\n<p>Cela prend plusieurs formes :<\/p>\n<ul>\n<li>Nous devenons membre de l&rsquo;AFIA (<strong>Association Fran\u00e7aise d&rsquo;Intelligence Artificielle<\/strong>), et \u00e0 ce titre j&rsquo;interviens en\u00a0 Juillet 2001 au colloque de l&rsquo;AFIA \u00e0 Chambery : <a href=\"http:\/\/fr.slideshare.net\/dominiquesciamma\/quand-lia-vient-a-lobjet\">Quand l&rsquo;IA vient \u00e0 l&rsquo;objet<\/a>.<\/li>\n<li>Nous sommes partenaires de recherche de la <strong>Chaire Mod\u00e9lisation des Imaginaires<\/strong>, dirig\u00e9 par Pierre MUSSO, o\u00f9 nous contribuons \u00e0 la recherche au travers de plusieurs projets \u00e9tudiants.<\/li>\n<li>Nous sommes membres de l&rsquo;<strong>IRI<\/strong> (Institut de Recherche et d&rsquo;Innovation du Centre Pompidou)\u00a0 dirig\u00e9 par Bernard Stiegler, et nous co-signons un article sur une application de la table surface au logiciel Ligne de Temps : <a href=\"http:\/\/www.iri.centrepompidou.fr\/experimentations\/fingersdance\/\" rel=\"bookmark\">Fingers\u2019 Dance : une grammaire du geste pour la navigation et l\u2019annotation de films de danse<\/a><\/li>\n<li>Nous co-dirigeons plusieurs th\u00e8ses, avec le Laboratoire des Arts et M\u00e9tiers LCPI, dirig\u00e9 par Ameziane AOUSSAT et Carole BOUCHARD, dont celle de Ioana OCNARESCU, en th\u00e8se CIFRE aux Bell Labs d&rsquo;Alcatel Lucent. A cette occasion, je co-signe plusieurs articles de recherche autour de la cr\u00e9ativit\u00e9 et de l&rsquo;exp\u00e9rience :\n<ul>\n<li><a href=\"https:\/\/scholar.google.fr\/citations?view_op=view_citation&amp;hl=en&amp;user=3xo6dQoAAAAJ&amp;citation_for_view=3xo6dQoAAAAJ:u-x6o8ySG0sC\">Improvement of the industrial design process by the creation and usage of intermediate representations of technology, TechCards<\/a> (Ioana Ocnarescu, Fr\u00e9d\u00e9rique Pain, Carole Bouchard, Am\u00e9ziane Aoussat, Dominique Sciamma &#8211; Proceedings of the 2011 Conference on Designing Pleasurable Products and Interfaces &#8211; ACM)<\/li>\n<li><a href=\"https:\/\/scholar.google.fr\/citations?view_op=view_citation&amp;hl=en&amp;user=3xo6dQoAAAAJ&amp;citation_for_view=3xo6dQoAAAAJ:VOx2b1Wkg3QC\">An initial framework of aesthetic experience over time<\/a> (I Ocnarescu, JB Labrune, C Bouchard, F Pain, D Sciamma, A Aoussat &#8211; Proceedings of 8th International Design and Emotion Conference London)<\/li>\n<\/ul>\n<\/li>\n<li>Nous\u00a0 participons \u00e0 la cr\u00e9ation de la revue \u00ab\u00a0<a title=\"La revue Interface Num\u00e9rique\" href=\"http:\/\/editions-design-numerique.fr\/\" target=\"_blank\">Interfaces Num\u00e9riques<\/a>\u00ab\u00a0, cr\u00e9\u00e9e par Benoit DROUILLAT, et j&rsquo;y publie un article dans le <a title=\"1er Num\u00e9ro de la revue &quot;Interfaces Num\u00e9riques&quot;\" href=\"http:\/\/editions-design-numerique.fr\/sommaire-vol1-12012\/\" target=\"_blank\">premier num\u00e9ro<\/a> :\n<ul>\n<li><a title=\"Demain le design \u2013 De l\u2019interaction \u00e0 la relation\" href=\"http:\/\/dominique.sciamma.com\/?p=1285\">Demain le design &#8211; De l\u2019interaction \u00e0 la relation<\/a><\/li>\n<\/ul>\n<\/li>\n<li>Nous participons \u00e0 la cr\u00e9ation de la Revue \u00ab\u00a0<a title=\"La Revue Sciences du Design\" href=\"http:\/\/www.sciences-du-design.org\/\" target=\"_blank\">Sciences du Design<\/a>\u00a0\u00bb pilot\u00e9e par St\u00e9phane VIAL et Alain FINDELI, et j&rsquo;y publie un article dans le <a title=\"Sciences du Design N\u00b04 : Algorithmes\" href=\"http:\/\/www.sciences-du-design.org\/04\/\" target=\"_blank\">N\u00b04 d\u00e9di\u00e9 aux algorithmes<\/a> :\n<ul>\n<li><a title=\"Apr\u00e8s le \u00ab Deep Learning \u00bb, le \u00ab Deep Leading \u00bb ?\" href=\"http:\/\/dominique.sciamma.com\/?p=1282\">Apr\u00e8s le \u00ab\u00a0Deep Learning\u00a0\u00bb, le \u00ab\u00a0Deep Leading\u00a0\u00bb\u00a0<\/a>?<\/li>\n<\/ul>\n<\/li>\n<\/ul>\n<p>&nbsp;<\/p>\n","protected":false},"excerpt":{"rendered":"<p>Peut on vivre sans questionner, sans chercher, sans prendre position, sans philosopher ? Pour ma part, cela semble juste impossible. LES ORIGINES Depuis mes 18 ans, pas une journ\u00e9e ne passe sans que que cet exercice ne se fasse au &hellip; <a href=\"https:\/\/dominique.sciamma.com\/?page_id=961\">Lire la suite <span class=\"meta-nav\">&rarr;<\/span><\/a><\/p>\n","protected":false},"author":1,"featured_media":0,"parent":952,"menu_order":0,"comment_status":"closed","ping_status":"open","template":"","meta":{"footnotes":""},"_links":{"self":[{"href":"https:\/\/dominique.sciamma.com\/index.php?rest_route=\/wp\/v2\/pages\/961"}],"collection":[{"href":"https:\/\/dominique.sciamma.com\/index.php?rest_route=\/wp\/v2\/pages"}],"about":[{"href":"https:\/\/dominique.sciamma.com\/index.php?rest_route=\/wp\/v2\/types\/page"}],"author":[{"embeddable":true,"href":"https:\/\/dominique.sciamma.com\/index.php?rest_route=\/wp\/v2\/users\/1"}],"replies":[{"embeddable":true,"href":"https:\/\/dominique.sciamma.com\/index.php?rest_route=%2Fwp%2Fv2%2Fcomments&post=961"}],"version-history":[{"count":26,"href":"https:\/\/dominique.sciamma.com\/index.php?rest_route=\/wp\/v2\/pages\/961\/revisions"}],"predecessor-version":[{"id":963,"href":"https:\/\/dominique.sciamma.com\/index.php?rest_route=\/wp\/v2\/pages\/961\/revisions\/963"}],"up":[{"embeddable":true,"href":"https:\/\/dominique.sciamma.com\/index.php?rest_route=\/wp\/v2\/pages\/952"}],"wp:attachment":[{"href":"https:\/\/dominique.sciamma.com\/index.php?rest_route=%2Fwp%2Fv2%2Fmedia&parent=961"}],"curies":[{"name":"wp","href":"https:\/\/api.w.org\/{rel}","templated":true}]}}