{"id":979,"date":"2013-01-04T17:04:03","date_gmt":"2013-01-04T16:04:03","guid":{"rendered":"http:\/\/dominique.sciamma.com\/?page_id=979"},"modified":"2013-01-04T17:04:30","modified_gmt":"2013-01-04T16:04:30","slug":"memoire-de-dea-1981","status":"publish","type":"page","link":"https:\/\/dominique.sciamma.com\/?page_id=979","title":{"rendered":"M\u00e9moire de DEA (1981)"},"content":{"rendered":"<h1>PARALLELISME ET COMPLEXITE<\/h1>\n<p>Apr\u00e8s avoir pass\u00e9 ma Maitrise d&rsquo;Informatique Th\u00e9orique \u00e0 Paris VII en1980, je me lance dans un DEA, dirig\u00e9 par <strong>Maurice NIVAT<\/strong>.<\/p>\n<p>Celui-cii travaille alors sur la\u00a0<strong>synchronisation de Processus parall\u00e8les<\/strong>\u00a0et s\u2019int\u00e9resse entre autres \u00e0 la d\u00e9finition des conditions formelles pour qu\u2019un syst\u00e8me d\u2019\u00e9criture puisse \u00e9crire des mots infinis sans conna\u00eatre de blocages (<strong><a title=\"le diner des philosophes\" href=\"http:\/\/fr.wikipedia.org\/wiki\/D%C3%AEner_des_philosophes\" target=\"_blank\">voir le probl\u00e8me fameux du Diner des Philosophes<\/a><\/strong>).<\/p>\n<p>Je trouve alors dans les cours de Maurice NIVAT des<strong> \u00e9chos de mes interrogations et intuitions sur les notions d&rsquo;informations, de complexification structurelles et comportementales. <\/strong><\/p>\n<p>Les processus physiques, chiliques ou biologiques sont \u00a0en effetdes processus parall\u00e8les qui cherchent \u00e0 se synchroniser pour assurer leur stabilit\u00e9 structurelle, en partageant des ressources, c\u2019est \u00e0 dire en se contraignant les uns les autres, i.e. en s\u2019informant.<\/p>\n<p>J\u2019ai\u00a0<strong>deux intuitions<\/strong>\u00a0\u00e0 ce moment l\u00e0 :<\/p>\n<ol>\n<li>Qu\u2019il y l\u00e0 probablement la promesse de concevoir des syst\u00e8mes de processus \u00ab\u00a0<em>atomiques<\/em>\u00a0\u00bb communicants qui, en collaborant -c\u2019est \u00e0 dire en se contraignant les uns les autres \u2013 pouraient faire \u00e9merger des comportements nouveaux (stygmergiques).<br \/>\n<strong>S\u2019il y a un espoir de reproduire artificiellement du vivant, et en cons\u00e9quence de l\u2019intelligence artificielle, il est de mon point de vue dans la parall\u00e9lisation massive de processus communicants.<br \/>\n<\/strong>Je fais part \u00e0 ce moment l\u00e0 de mes analyses \u00e0 Maurice NIVAT, en lui demandant s&rsquo;il n&rsquo;y pas l\u00e0 les pr\u00e9mices d&rsquo;une \u00ab\u00a0vraie\u00a0\u00bb Intelligence Artificielle\u00a0\u00bb ?<br \/>\n<strong>Il balaiera mes analyses d&rsquo;un revers de main<\/strong>, en m&rsquo;assurant que l&rsquo;IA n&rsquo;avait aucun avenir et que cela \u00e9tait un cul-de-sac&#8230;.<\/li>\n<li>Que l<strong>a promesse de l\u2019immortalit\u00e9<\/strong>\u00a0se cache aussi dans l\u2019\u00e9tude des ph\u00e9nom\u00e8nes de synchronisation des processus, et qu\u2019il n\u2019y pas de diff\u00e9rence fondamentale entre les philosophes mangeurs de riz et mon propre corps.<\/li>\n<\/ol>\n<p>Je r\u00e9dige donc au premier semestre 1981 un\u00a0<strong><a title=\"Mon m\u00e9moire de DEA\" href=\"http:\/\/dominique.sciamma.com\/wp-content\/uploads\/2013\/01\/DEA-1981-D-Sciamma-Parallelisme-et-complexification.pdf\" target=\"_blank\">m\u00e9moire de DEA atypique sur le th\u00e8me \u00ab\u00a0Parall\u00e8lisme et Complexification\u00a0\u00bb<\/a>,\u00a0<\/strong>ou j\u2019anticipe (j\u2019ose le dire) les\u00a0<strong>syst\u00e8mes Multi-Agents<\/strong>\u00a0et la\u00a0<strong>Vie Artificielle<\/strong>. C\u2019est probablement le premier m\u00e9moire de DEA d\u2019informatique th\u00e9orique o\u00f9 l\u2019on doit citer KANT !<\/p>\n<p>En effet, je propose dans le m\u00e9moire de <strong>rajouter deux concept \u00ab\u00a0a priori\u00a0\u00bb<\/strong> \u00e0 ceux imagin\u00e9s par <strong>KANT<\/strong> dans \u00ab\u00a0<a title=\"Crtitique de la raion Pure sur Wikipedia\" href=\"http:\/\/fr.wikipedia.org\/wiki\/Critique_de_la_raison_pure\" target=\"_blank\"><strong>Critique de la raison Pure<\/strong><\/a>\u00ab\u00a0, \u00e0 savoir le \u00ab\u00a0<strong>Temps\u00a0\u00bb<\/strong> et \u00ab\u00a0<strong>l&rsquo;Espace\u00a0\u00bb<\/strong>.<br \/>\nCes concepts nouveaux sont ceux de \u00ab\u00a0<strong>Douleur\u00a0\u00bb<\/strong> et \u00ab\u00a0<strong>Plaisir\u00a0\u00bb<\/strong>, \u00e0 partir desquels <strong>j&rsquo;imagine qu&rsquo;il sera possible d&rsquo;\u00e9laborer une th\u00e9orie de la complexification<\/strong> construite sur la recherche du plaisir, et l&rsquo;\u00e9vitement de la douleur, par les syst\u00e8mes autoorganis\u00e9s. I s&rsquo;agit ni plus ni moins de donner une <strong>t\u00e9l\u00e9ologiie<\/strong> aux syst\u00e8mes et aux processus, le tout dans une optique de communication intersyst\u00e8mes.<\/p>\n<p><strong><a title=\"Interview de Laurent KOTT\" href=\"http:\/\/www.youtube.com\/watch?v=esRmeVRuva8\" target=\"_blank\">Laurent KOTT<\/a>,<\/strong>\u00a0qui supervise le travail des \u00e9tudiants ne sait pas trop quoi faire de mon travail, qui est assez \u00e9loign\u00e9 de l&rsquo;approche math\u00e9matique \u00e0 l&rsquo;oeuvre dans le laboratoire. En d\u00e9sespoir de caue, il me conseille de contacter\u00a0<a title=\"La fiche Wikipedia d'Ilya Prigogine\" href=\"http:\/\/fr.wikipedia.org\/wiki\/Ilya_Prigogine\" target=\"_blank\"><strong>Ilya PRIGOGINE<\/strong><\/a>\u00a0(\u00e0 cause de ses\u00a0<a title=\"Structures dissipatives\" href=\"http:\/\/fr.wikipedia.org\/wiki\/Ilya_Prigogine\" target=\"_blank\">structures dissipatives<\/a>),c e que je ne r\u00e9ussis pas \u00e0 faire.<\/p>\n<p><a title=\"Mon m\u00e9moire de DEA\" href=\"http:\/\/fr.wikipedia.org\/wiki\/Critique_de_la_raison_pure\" target=\"_blank\"><strong>Lire ici le m\u00e9moire de DEA.<\/strong><\/a><\/p>\n<p>&nbsp;<\/p>\n<p>&nbsp;<\/p>\n","protected":false},"excerpt":{"rendered":"<p>PARALLELISME ET COMPLEXITE Apr\u00e8s avoir pass\u00e9 ma Maitrise d&rsquo;Informatique Th\u00e9orique \u00e0 Paris VII en1980, je me lance dans un DEA, dirig\u00e9 par Maurice NIVAT. Celui-cii travaille alors sur la\u00a0synchronisation de Processus parall\u00e8les\u00a0et s\u2019int\u00e9resse entre autres \u00e0 la d\u00e9finition des conditions &hellip; <a href=\"https:\/\/dominique.sciamma.com\/?page_id=979\">Lire la suite <span class=\"meta-nav\">&rarr;<\/span><\/a><\/p>\n","protected":false},"author":1,"featured_media":0,"parent":961,"menu_order":1,"comment_status":"closed","ping_status":"open","template":"","meta":{"footnotes":""},"_links":{"self":[{"href":"https:\/\/dominique.sciamma.com\/index.php?rest_route=\/wp\/v2\/pages\/979"}],"collection":[{"href":"https:\/\/dominique.sciamma.com\/index.php?rest_route=\/wp\/v2\/pages"}],"about":[{"href":"https:\/\/dominique.sciamma.com\/index.php?rest_route=\/wp\/v2\/types\/page"}],"author":[{"embeddable":true,"href":"https:\/\/dominique.sciamma.com\/index.php?rest_route=\/wp\/v2\/users\/1"}],"replies":[{"embeddable":true,"href":"https:\/\/dominique.sciamma.com\/index.php?rest_route=%2Fwp%2Fv2%2Fcomments&post=979"}],"version-history":[{"count":2,"href":"https:\/\/dominique.sciamma.com\/index.php?rest_route=\/wp\/v2\/pages\/979\/revisions"}],"predecessor-version":[{"id":982,"href":"https:\/\/dominique.sciamma.com\/index.php?rest_route=\/wp\/v2\/pages\/979\/revisions\/982"}],"up":[{"embeddable":true,"href":"https:\/\/dominique.sciamma.com\/index.php?rest_route=\/wp\/v2\/pages\/961"}],"wp:attachment":[{"href":"https:\/\/dominique.sciamma.com\/index.php?rest_route=%2Fwp%2Fv2%2Fmedia&parent=979"}],"curies":[{"name":"wp","href":"https:\/\/api.w.org\/{rel}","templated":true}]}}