{"id":992,"date":"2013-01-04T18:46:10","date_gmt":"2013-01-04T17:46:10","guid":{"rendered":"http:\/\/dominique.sciamma.com\/?page_id=992"},"modified":"2013-01-06T11:32:03","modified_gmt":"2013-01-06T10:32:03","slug":"autres-projets","status":"publish","type":"page","link":"https:\/\/dominique.sciamma.com\/?page_id=992","title":{"rendered":"Autres projets"},"content":{"rendered":"<p>De nombreux autres projets ont \u00e9t\u00e9 \u00e9crits, certains purement gratuits et sans objectifs de production, et d&rsquo;autres plus s\u00e9rieux.<\/p>\n<ol>\n<li><span style=\"line-height: 15px;\" data-mce-mark=\"1\"><strong>Courts m\u00e9trages<\/strong> :<\/span>\n<ol>\n<li><a title=\"Chut !\" href=\"http:\/\/dominique.sciamma.com\/wp-content\/uploads\/2013\/01\/microphobie-1985.pdf\" target=\"_blank\"><strong>Chut !<\/strong><\/a> : \u00e9crit en 1984, ce synopsis est bas\u00e9 sur une anecdote (vraie ?), sur des diplomates occidentaux pris d&rsquo;une soudaine parano\u00efa dans leur chambre d&rsquo;h\u00f4tel \u00e0 Moscou.<\/li>\n<li><a title=\"Synopsis de &quot;La Faute&quot;\" href=\"http:\/\/dominique.sciamma.com\/wp-content\/uploads\/2013\/01\/DS-LAFAUTE.pdf\" target=\"_blank\"><strong>La Faute<\/strong><\/a> : \u00e9crit en 1995, une r\u00e9flexion sur la fronti\u00e8re entre virtuel et r\u00e9el<\/li>\n<\/ol>\n<\/li>\n<li><strong>Longs m\u00e9trages<\/strong> :\n<ol>\n<li><a title=\"FrankenPub\" href=\"http:\/\/dominique.sciamma.com\/wp-content\/uploads\/2013\/01\/FRANKENPUB-fr-1995.pdf\" target=\"_blank\"><strong>FrankenPub<\/strong><\/a> : \u00e9crit en 1995, bien avant que les effets sp\u00e9ciaux 3D soient monnaie courante, ce projet &#8211; qui tient de Frankenstein et des Gremlins &#8211; mets en sc\u00e8ne des cr\u00e9atures vivantes aritificielles, qui sont litt\u00e9ralement des Pubs vivantes !<\/li>\n<li><strong>Pow Wow<\/strong> : synopsis de long m\u00e9trage sur une id\u00e9e de Lionel Steketee (Case d\u00e9part). Lionel a d&rsquo;ailleurd r\u00e9lis\u00e9 son court m\u00e9trage \u00ab\u00a0Evasion\u00a0\u00bb \u00e0 partirde ma nouvelle \u00ab\u00a0Le prisonnier\u00a0\u00bb.<\/li>\n<\/ol>\n<\/li>\n<li><strong>Textes divers<\/strong> :\n<ol>\n<li><a title=\"Le Gaspacho  ou comment mettre une salade dans une bouteille\" href=\"http:\/\/dominique.sciamma.com\/?p=986\" target=\"_blank\"><strong>Le Gaspacho (ou \u00ab\u00a0comment mettre une salade de tomates dans une bouteille)<\/strong><\/a> : texte d\u00e9lirant sur l&rsquo;origine de la recette du Gaspacho \u00e9crit dans une 4L entre Paris et Chalmazel (Auvergne).<\/li>\n<\/ol>\n<\/li>\n<\/ol>\n<p>&nbsp;<\/p>\n","protected":false},"excerpt":{"rendered":"<p>De nombreux autres projets ont \u00e9t\u00e9 \u00e9crits, certains purement gratuits et sans objectifs de production, et d&rsquo;autres plus s\u00e9rieux. Courts m\u00e9trages : Chut ! : \u00e9crit en 1984, ce synopsis est bas\u00e9 sur une anecdote (vraie ?), sur des diplomates &hellip; <a href=\"https:\/\/dominique.sciamma.com\/?page_id=992\">Lire la suite <span class=\"meta-nav\">&rarr;<\/span><\/a><\/p>\n","protected":false},"author":1,"featured_media":0,"parent":471,"menu_order":5,"comment_status":"closed","ping_status":"open","template":"","meta":{"footnotes":""},"_links":{"self":[{"href":"https:\/\/dominique.sciamma.com\/index.php?rest_route=\/wp\/v2\/pages\/992"}],"collection":[{"href":"https:\/\/dominique.sciamma.com\/index.php?rest_route=\/wp\/v2\/pages"}],"about":[{"href":"https:\/\/dominique.sciamma.com\/index.php?rest_route=\/wp\/v2\/types\/page"}],"author":[{"embeddable":true,"href":"https:\/\/dominique.sciamma.com\/index.php?rest_route=\/wp\/v2\/users\/1"}],"replies":[{"embeddable":true,"href":"https:\/\/dominique.sciamma.com\/index.php?rest_route=%2Fwp%2Fv2%2Fcomments&post=992"}],"version-history":[{"count":4,"href":"https:\/\/dominique.sciamma.com\/index.php?rest_route=\/wp\/v2\/pages\/992\/revisions"}],"predecessor-version":[{"id":1109,"href":"https:\/\/dominique.sciamma.com\/index.php?rest_route=\/wp\/v2\/pages\/992\/revisions\/1109"}],"up":[{"embeddable":true,"href":"https:\/\/dominique.sciamma.com\/index.php?rest_route=\/wp\/v2\/pages\/471"}],"wp:attachment":[{"href":"https:\/\/dominique.sciamma.com\/index.php?rest_route=%2Fwp%2Fv2%2Fmedia&parent=992"}],"curies":[{"name":"wp","href":"https:\/\/api.w.org\/{rel}","templated":true}]}}